{"id":14463,"date":"2026-03-29T12:04:04","date_gmt":"2026-03-29T11:04:04","guid":{"rendered":"https:\/\/bigbuy.tupique.com\/produto\/webcam-logitech-960-001227-4k-1080-px-usb-c\/"},"modified":"2026-05-11T19:58:54","modified_gmt":"2026-05-11T17:58:54","slug":"webcam-logitech-960-001227-4k-1080-px-usb-c","status":"publish","type":"product","link":"https:\/\/bigbuy.tupique.com\/es\/produto\/webcam-logitech-960-001227-4k-1080-px-usb-c\/","title":{"rendered":"Webcam Logitech 960-001227 4K 1080 px USB-C"},"content":{"rendered":"<p>Si vous \u00eates passionn\u00e9 d&#8217;<b>informatique et d&#8217;\u00e9lectronique<\/b>, si vous \u00eates \u00e0 la pointe de la technologie et qu&#8217;aucun d\u00e9tail ne vous \u00e9chappe, achetez <b>Webcam Logitech 960-001227 4K 1080 px USB-C<\/b> au meilleur prix.<\/p>\n<ul>\n<li>Type:\n<ul>\n<li>Avec fil<\/li>\n<li>Webcam<\/li>\n<li>Cam\u00e9ra\/Appareil Photo<\/li>\n<li>Souris Optique<\/li>\n<\/ul>\n<\/li>\n<li>Inclinaison: 50\u00b0\/-90\u00b0<\/li>\n<li>Caract\u00e9ristiques:\n<ul>\n<li>Zoom Num\u00e9rique<\/li>\n<li>T\u00e9moin de fonctionnement LED<\/li>\n<li>Autofocus<\/li>\n<li>Zoom<\/li>\n<\/ul>\n<\/li>\n<li>Compatible:\n<ul>\n<li>Microsoft Windows<\/li>\n<li>Mac OS<\/li>\n<li>Windows<\/li>\n<\/ul>\n<\/li>\n<li>Inclut:\n<ul>\n<li>T\u00e9l\u00e9commande<\/li>\n<li>C\u00e2ble d\u2019Alimentation<\/li>\n<\/ul>\n<\/li>\n<li>Couleur: Noir<\/li>\n<li>Connexions:\n<ul>\n<li>USB-C<\/li>\n<li>USB<\/li>\n<li>SATA<\/li>\n<\/ul>\n<\/li>\n<li>Dimensions approx.: 18,2 x 15,2 x 15,2 cm<\/li>\n<li>Longueur du c\u00e2ble: 3 m<\/li>\n<li>R\u00e9solution (px): 3840 x 2160 px<\/li>\n<li>Zoom Num\u00e9rique: 15x<\/li>\n<li>Rapport d&#8217;aspect: 16:9<\/li>\n<li>Connectivit\u00e9: Bluetooth<\/li>\n<li>R\u00e9solution: Full HD<\/li>\n<li>Poids approx.: 1 kg<\/li>\n<li>Longueur: 15 cm<\/li>\n<li>R\u00e9solution vid\u00e9o: 4K<\/li>\n<li>Bloc d\u2019Alimentation: AC<\/li>\n<li>Noyaux: 1 c\u0153ur<\/li>\n<li>Diagonale de l&#8217;\u00e9cran (cm): 39,6 cm<\/li>\n<\/ul>","protected":false},"excerpt":{"rendered":"<p><span class=\"unit-info\">9773.2667 &euro; \/ 1 m<\/span><\/p>","protected":false},"featured_media":14459,"comment_status":"open","ping_status":"closed","template":"","meta":[],"product_brand":[647],"product_cat":[65,581,607],"product_tag":[571],"class_list":{"0":"post-14463","1":"product","2":"type-product","3":"status-publish","4":"has-post-thumbnail","6":"product_brand-brandp_561","7":"product_cat-informatique-electronique","8":"product_cat-informatique-peripheriques-et-consommables","9":"product_cat-webcam","10":"product_tag-tag_27","12":"first","13":"instock","14":"taxable","15":"shipping-taxable","16":"purchasable","17":"product-type-simple"},"_links":{"self":[{"href":"https:\/\/bigbuy.tupique.com\/es\/wp-json\/wp\/v2\/product\/14463","targetHints":{"allow":["GET"]}}],"collection":[{"href":"https:\/\/bigbuy.tupique.com\/es\/wp-json\/wp\/v2\/product"}],"about":[{"href":"https:\/\/bigbuy.tupique.com\/es\/wp-json\/wp\/v2\/types\/product"}],"replies":[{"embeddable":true,"href":"https:\/\/bigbuy.tupique.com\/es\/wp-json\/wp\/v2\/comments?post=14463"}],"wp:featuredmedia":[{"embeddable":true,"href":"https:\/\/bigbuy.tupique.com\/es\/wp-json\/wp\/v2\/media\/14459"}],"wp:attachment":[{"href":"https:\/\/bigbuy.tupique.com\/es\/wp-json\/wp\/v2\/media?parent=14463"}],"wp:term":[{"taxonomy":"product_brand","embeddable":true,"href":"https:\/\/bigbuy.tupique.com\/es\/wp-json\/wp\/v2\/product_brand?post=14463"},{"taxonomy":"product_cat","embeddable":true,"href":"https:\/\/bigbuy.tupique.com\/es\/wp-json\/wp\/v2\/product_cat?post=14463"},{"taxonomy":"product_tag","embeddable":true,"href":"https:\/\/bigbuy.tupique.com\/es\/wp-json\/wp\/v2\/product_tag?post=14463"}],"curies":[{"name":"wp","href":"https:\/\/api.w.org\/{rel}","templated":true}]}}