{"id":14453,"date":"2026-03-29T12:03:49","date_gmt":"2026-03-29T11:03:49","guid":{"rendered":"https:\/\/bigbuy.tupique.com\/produto\/network-card-startech-pex10000sfpi-10-gigabit-ethernet\/"},"modified":"2026-04-14T23:51:18","modified_gmt":"2026-04-14T22:51:18","slug":"network-card-startech-pex10000sfpi-10-gigabit-ethernet","status":"publish","type":"product","link":"https:\/\/bigbuy.tupique.com\/es\/produto\/network-card-startech-pex10000sfpi-10-gigabit-ethernet\/","title":{"rendered":"Carte R\u00e9seau Startech PEX10000SFPI         10 Gigabit Ethernet"},"content":{"rendered":"<p>Si vous \u00eates passionn\u00e9 d&#8217;<b>informatique et d&#8217;\u00e9lectronique<\/b>, si vous \u00eates \u00e0 la pointe de la technologie et qu&#8217;aucun d\u00e9tail ne vous \u00e9chappe, achetez <b>Carte R\u00e9seau Startech PEX10000SFPI         10 Gigabit Ethernet<\/b> au meilleur prix.<\/p>\n<ul>\n<li>Technologie:\n<ul>\n<li>10GBase-LR<\/li>\n<li>10GBase-SR<\/li>\n<\/ul>\n<\/li>\n<li>Type:\n<ul>\n<li>Avec fil<\/li>\n<li>Carte R\u00e9seau<\/li>\n<\/ul>\n<\/li>\n<li>Connexions:\n<ul>\n<li>SFP+<\/li>\n<li>PCI Express<\/li>\n<\/ul>\n<\/li>\n<li>Couleur: Noir<\/li>\n<li>Largeur: 18 mm<\/li>\n<li>Profondeur: 135 mm<\/li>\n<li>Interface: PCI Express<\/li>\n<li>Transmission de donn\u00e9es: 10000 Mbit\/s<\/li>\n<li>Caract\u00e9ristiques: Guide d&#8217;installation inclus<\/li>\n<li>Tension: 220 V<\/li>\n<li>Bloc d\u2019Alimentation: Avec fil<\/li>\n<li>Compatible:\n<ul>\n<li>Linux<\/li>\n<li>PC\/Server<\/li>\n<\/ul>\n<\/li>\n<li>Certificat: RoHS<\/li>\n<li>Hauteur: 32 cm<\/li>\n<li>Pr\u00e9cision (humidit\u00e9 relative): 20 % &#8211; 80 %<\/li>\n<\/ul>","protected":false},"excerpt":{"rendered":"<p>Si vous \u00eates passionn\u00e9 d&#8217;informatique et d&#8217;\u00e9lectronique, si vous \u00eates \u00e0 la pointe de la technologie et qu&#8217;aucun d\u00e9tail ne vous \u00e9chappe, achetez Carte R\u00e9seau Startech PEX10000SFPI 10 Gigabit Ethernet au meilleur prix. Technologie: 10GBase-LR 10GBase-SR Type: Avec fil Carte R\u00e9seau Connexions: SFP+ PCI Express Couleur: Noir Largeur: 18 mm Profondeur: 135 mm Interface: PCI [&hellip;]<\/p>\n","protected":false},"featured_media":14449,"comment_status":"open","ping_status":"closed","template":"","meta":[],"product_brand":[634],"product_cat":[604,65,584],"product_tag":[106],"class_list":{"0":"post-14453","1":"product","2":"type-product","3":"status-publish","4":"has-post-thumbnail","6":"product_brand-brandp_4771","7":"product_cat-cartes-pci","8":"product_cat-informatique-electronique","9":"product_cat-informatique-reseaux-et-composants","10":"product_tag-tag_1295","12":"first","13":"instock","14":"taxable","15":"shipping-taxable","16":"purchasable","17":"product-type-simple"},"_links":{"self":[{"href":"https:\/\/bigbuy.tupique.com\/es\/wp-json\/wp\/v2\/product\/14453","targetHints":{"allow":["GET"]}}],"collection":[{"href":"https:\/\/bigbuy.tupique.com\/es\/wp-json\/wp\/v2\/product"}],"about":[{"href":"https:\/\/bigbuy.tupique.com\/es\/wp-json\/wp\/v2\/types\/product"}],"replies":[{"embeddable":true,"href":"https:\/\/bigbuy.tupique.com\/es\/wp-json\/wp\/v2\/comments?post=14453"}],"wp:featuredmedia":[{"embeddable":true,"href":"https:\/\/bigbuy.tupique.com\/es\/wp-json\/wp\/v2\/media\/14449"}],"wp:attachment":[{"href":"https:\/\/bigbuy.tupique.com\/es\/wp-json\/wp\/v2\/media?parent=14453"}],"wp:term":[{"taxonomy":"product_brand","embeddable":true,"href":"https:\/\/bigbuy.tupique.com\/es\/wp-json\/wp\/v2\/product_brand?post=14453"},{"taxonomy":"product_cat","embeddable":true,"href":"https:\/\/bigbuy.tupique.com\/es\/wp-json\/wp\/v2\/product_cat?post=14453"},{"taxonomy":"product_tag","embeddable":true,"href":"https:\/\/bigbuy.tupique.com\/es\/wp-json\/wp\/v2\/product_tag?post=14453"}],"curies":[{"name":"wp","href":"https:\/\/api.w.org\/{rel}","templated":true}]}}