{"id":14444,"date":"2026-03-29T12:03:38","date_gmt":"2026-03-29T11:03:38","guid":{"rendered":"https:\/\/bigbuy.tupique.com\/produto\/hard-drive-hpe-p40499-b21-25-1920gb-tlc-192-tb-ssd-192-tb\/"},"modified":"2026-04-14T23:51:17","modified_gmt":"2026-04-14T22:51:17","slug":"hard-drive-hpe-p40499-b21-25-1920gb-tlc-192-tb-ssd-192-tb","status":"publish","type":"product","link":"https:\/\/bigbuy.tupique.com\/es\/produto\/hard-drive-hpe-p40499-b21-25-1920gb-tlc-192-tb-ssd-192-tb\/","title":{"rendered":"Disque dur HPE P40499-B21 2,5&#8243; 1920GB TLC 1,92 TB SSD 1,92 TB"},"content":{"rendered":"<p>Si vous \u00eates passionn\u00e9 d&#8217;<b>informatique et d&#8217;\u00e9lectronique<\/b>, si vous \u00eates \u00e0 la pointe de la technologie et qu&#8217;aucun d\u00e9tail ne vous \u00e9chappe, achetez <b>Disque dur HPE P40499-B21 2,5&#8243; 1920GB TLC 1,92 TB SSD 1,92 TB<\/b> au meilleur prix.<\/p>\n<ul>\n<li>Disque dur: 1,92 TB SSD<\/li>\n<li>Taille: 2,5&#8243;<\/li>\n<li>Connexions: SATA<\/li>\n<li>Type de m\u00e9moire: TLC<\/li>\n<li>vitesse:\n<ul>\n<li>520 MB\/s<\/li>\n<li>6 Gbit\/s<\/li>\n<li>6 Gbps<\/li>\n<\/ul>\n<\/li>\n<li>Compatible: Hot-Plug<\/li>\n<li>Type: TLC<\/li>\n<\/ul>","protected":false},"excerpt":{"rendered":"<p>Si vous \u00eates passionn\u00e9 d&#8217;informatique et d&#8217;\u00e9lectronique, si vous \u00eates \u00e0 la pointe de la technologie et qu&#8217;aucun d\u00e9tail ne vous \u00e9chappe, achetez Disque dur HPE P40499-B21 2,5&#8243; 1920GB TLC 1,92 TB SSD 1,92 TB au meilleur prix. Disque dur: 1,92 TB SSD Taille: 2,5&#8243; Connexions: SATA Type de m\u00e9moire: TLC vitesse: 520 MB\/s 6 [&hellip;]<\/p>\n","protected":false},"featured_media":14443,"comment_status":"open","ping_status":"closed","template":"","meta":[],"product_brand":[644],"product_cat":[588,65,584],"product_tag":[106],"class_list":{"0":"post-14444","1":"product","2":"type-product","3":"status-publish","4":"has-post-thumbnail","6":"product_brand-brandp_662","7":"product_cat-disques-durs","8":"product_cat-informatique-electronique","9":"product_cat-informatique-reseaux-et-composants","10":"product_tag-tag_1295","12":"first","13":"instock","14":"taxable","15":"shipping-taxable","16":"purchasable","17":"product-type-simple"},"_links":{"self":[{"href":"https:\/\/bigbuy.tupique.com\/es\/wp-json\/wp\/v2\/product\/14444","targetHints":{"allow":["GET"]}}],"collection":[{"href":"https:\/\/bigbuy.tupique.com\/es\/wp-json\/wp\/v2\/product"}],"about":[{"href":"https:\/\/bigbuy.tupique.com\/es\/wp-json\/wp\/v2\/types\/product"}],"replies":[{"embeddable":true,"href":"https:\/\/bigbuy.tupique.com\/es\/wp-json\/wp\/v2\/comments?post=14444"}],"wp:featuredmedia":[{"embeddable":true,"href":"https:\/\/bigbuy.tupique.com\/es\/wp-json\/wp\/v2\/media\/14443"}],"wp:attachment":[{"href":"https:\/\/bigbuy.tupique.com\/es\/wp-json\/wp\/v2\/media?parent=14444"}],"wp:term":[{"taxonomy":"product_brand","embeddable":true,"href":"https:\/\/bigbuy.tupique.com\/es\/wp-json\/wp\/v2\/product_brand?post=14444"},{"taxonomy":"product_cat","embeddable":true,"href":"https:\/\/bigbuy.tupique.com\/es\/wp-json\/wp\/v2\/product_cat?post=14444"},{"taxonomy":"product_tag","embeddable":true,"href":"https:\/\/bigbuy.tupique.com\/es\/wp-json\/wp\/v2\/product_tag?post=14444"}],"curies":[{"name":"wp","href":"https:\/\/api.w.org\/{rel}","templated":true}]}}