{"id":14431,"date":"2026-03-29T12:03:19","date_gmt":"2026-03-29T11:03:19","guid":{"rendered":"https:\/\/bigbuy.tupique.com\/produto\/uninterruptible-power-supply-system-interactive-ups-riello-sdu-6000-6000-w\/"},"modified":"2026-04-14T23:51:15","modified_gmt":"2026-04-14T22:51:15","slug":"uninterruptible-power-supply-system-interactive-ups-riello-sdu-6000-6000-w","status":"publish","type":"product","link":"https:\/\/bigbuy.tupique.com\/es\/produto\/uninterruptible-power-supply-system-interactive-ups-riello-sdu-6000-6000-w\/","title":{"rendered":"Syst\u00e8me d&#8217;Alimentation Sans Interruption Interactif Riello SDU 6000 6000 W"},"content":{"rendered":"<p>Si vous \u00eates passionn\u00e9 d&#8217;<b>informatique et d&#8217;\u00e9lectronique<\/b>, si vous \u00eates \u00e0 la pointe de la technologie et qu&#8217;aucun d\u00e9tail ne vous \u00e9chappe, achetez <b>Syst\u00e8me d&#8217;Alimentation Sans Interruption Interactif Riello SDU 6000 6000 W<\/b> au meilleur prix.<\/p>\n<p>Le <b>Riello SDU 6000<\/b> est un <b>onduleur interactif<\/b> con\u00e7u pour offrir une protection fiable et continue contre les coupures ou fluctuations d\u2019alimentation \u00e9lectrique. Cet appareil utilise une topologie de <b>double conversion en ligne<\/b>, garantissant une alimentation stable et sans interruption avec une capacit\u00e9 de puissance de <b>6000 VA<\/b> et une puissance de sortie maximale de <b>6000 W<\/b>. Son design polyvalent permet une installation en rack avec une hauteur de <b>3U<\/b> ou en tour, s\u2019adaptant \u00e0 divers environnements professionnels et infrastructures. Il est \u00e9quip\u00e9 de <b>deux sorties AC<\/b> de type C19, IEC 320 et borne, facilitant la connexion de plusieurs \u00e9quipements critiques. De plus, il int\u00e8gre une interface s\u00e9rie RS-232 pour la surveillance et la gestion avanc\u00e9e du syst\u00e8me. La batterie utilis\u00e9e est au plomb \u00e9tanche (<b>VRLA<\/b>), reconnue pour sa fiabilit\u00e9 et son faible entretien. Il pr\u00e9sente une finition en <b>noir et argent<\/b>, conforme \u00e0 l\u2019esth\u00e9tique professionnelle des \u00e9quipements \u00e9lectroniques de grande taille. Il fonctionne sous une tension d\u2019entr\u00e9e standard de <b>220 V<\/b> et offre une connectivit\u00e9 USB pour les communications basiques. Certifi\u00e9 selon la norme <b>EN 62040-2<\/b> et conforme \u00e0 la directive europ\u00e9enne <b>2014\/30\/UE<\/b>, il r\u00e9pond \u00e0 des standards internationaux \u00e9lev\u00e9s de qualit\u00e9 et de compatibilit\u00e9 \u00e9lectromagn\u00e9tique. Le Riello SDU 6000 est con\u00e7u comme une solution robuste et efficace pour la protection \u00e9nerg\u00e9tique des centres de donn\u00e9es, serveurs et applications critiques n\u00e9cessitant une alimentation \u00e9lectrique ininterrompue et de haute qualit\u00e9.<\/p>\n<ul>\n<li>Type:\n<ul>\n<li>Bloc d\u2019Alimentation<\/li>\n<li>Syst\u00e8me d&#8217;Alimentation Sans Interruption Interactif<\/li>\n<\/ul>\n<\/li>\n<li>Couleur:\n<ul>\n<li>Noir<\/li>\n<li>Argent\u00e9<\/li>\n<\/ul>\n<\/li>\n<li>Tension:\n<ul>\n<li>220\/230\/240 V<\/li>\n<li>220 V<\/li>\n<\/ul>\n<\/li>\n<li>puissance:\n<ul>\n<li>6000 V<\/li>\n<li>6000 W<\/li>\n<\/ul>\n<\/li>\n<li>Produit \u00e0 brancher: Oui<\/li>\n<li>Connexions:\n<ul>\n<li>RS-232<\/li>\n<li>AC x 2<\/li>\n<li>USB<\/li>\n<li>USB 2.0<\/li>\n<li>RJ45<\/li>\n<\/ul>\n<\/li>\n<li>Type de prise: Prise EU<\/li>\n<li>Temps de charge approx.: 4 heures<\/li>\n<li>Bloc d\u2019Alimentation: r\u00e9seau \u00e9lectrique<\/li>\n<li>Technologie:\n<ul>\n<li>VRLA<\/li>\n<li>LCD<\/li>\n<\/ul>\n<\/li>\n<li>Fr\u00e9quence: 50\/60 Hz<\/li>\n<li>Niveau sonore: 48 dB<\/li>\n<li>Capacit\u00e9: 3 uds<\/li>\n<li>Ann\u00e9e: 2017<\/li>\n<li>Tension d&#8217;entr\u00e9e AC: 240 V<\/li>\n<li>Classification IP: IP20<\/li>\n<li>Facteur de forme: Tower<\/li>\n<\/ul>","protected":false},"excerpt":{"rendered":"<p>Si vous \u00eates passionn\u00e9 d&#8217;informatique et d&#8217;\u00e9lectronique, si vous \u00eates \u00e0 la pointe de la technologie et qu&#8217;aucun d\u00e9tail ne vous \u00e9chappe, achetez Syst\u00e8me d&#8217;Alimentation Sans Interruption Interactif Riello SDU 6000 6000 W au meilleur prix. Le Riello SDU 6000 est un onduleur interactif con\u00e7u pour offrir une protection fiable et continue contre les coupures [&hellip;]<\/p>\n","protected":false},"featured_media":57924,"comment_status":"open","ping_status":"closed","template":"","meta":[],"product_brand":[651],"product_cat":[65,581,603],"product_tag":[106],"class_list":{"0":"post-14431","1":"product","2":"type-product","3":"status-publish","4":"has-post-thumbnail","6":"product_brand-brandp_4825","7":"product_cat-informatique-electronique","8":"product_cat-informatique-peripheriques-et-consommables","9":"product_cat-ups","10":"product_tag-tag_1295","12":"first","13":"instock","14":"taxable","15":"shipping-taxable","16":"purchasable","17":"product-type-simple"},"_links":{"self":[{"href":"https:\/\/bigbuy.tupique.com\/es\/wp-json\/wp\/v2\/product\/14431","targetHints":{"allow":["GET"]}}],"collection":[{"href":"https:\/\/bigbuy.tupique.com\/es\/wp-json\/wp\/v2\/product"}],"about":[{"href":"https:\/\/bigbuy.tupique.com\/es\/wp-json\/wp\/v2\/types\/product"}],"replies":[{"embeddable":true,"href":"https:\/\/bigbuy.tupique.com\/es\/wp-json\/wp\/v2\/comments?post=14431"}],"wp:featuredmedia":[{"embeddable":true,"href":"https:\/\/bigbuy.tupique.com\/es\/wp-json\/wp\/v2\/media\/57924"}],"wp:attachment":[{"href":"https:\/\/bigbuy.tupique.com\/es\/wp-json\/wp\/v2\/media?parent=14431"}],"wp:term":[{"taxonomy":"product_brand","embeddable":true,"href":"https:\/\/bigbuy.tupique.com\/es\/wp-json\/wp\/v2\/product_brand?post=14431"},{"taxonomy":"product_cat","embeddable":true,"href":"https:\/\/bigbuy.tupique.com\/es\/wp-json\/wp\/v2\/product_cat?post=14431"},{"taxonomy":"product_tag","embeddable":true,"href":"https:\/\/bigbuy.tupique.com\/es\/wp-json\/wp\/v2\/product_tag?post=14431"}],"curies":[{"name":"wp","href":"https:\/\/api.w.org\/{rel}","templated":true}]}}