{"id":14397,"date":"2026-03-29T12:02:32","date_gmt":"2026-03-29T11:02:32","guid":{"rendered":"https:\/\/bigbuy.tupique.com\/produto\/uninterruptible-power-supply-system-interactive-ups-apc-smt2200rmi2uc-1980-w\/"},"modified":"2026-04-16T09:05:59","modified_gmt":"2026-04-16T08:05:59","slug":"uninterruptible-power-supply-system-interactive-ups-apc-smt2200rmi2uc-1980-w","status":"publish","type":"product","link":"https:\/\/bigbuy.tupique.com\/es\/produto\/uninterruptible-power-supply-system-interactive-ups-apc-smt2200rmi2uc-1980-w\/","title":{"rendered":"Syst\u00e8me d&#8217;Alimentation Sans Interruption Interactif APC SMT2200RMI2UC 1980 W"},"content":{"rendered":"<p>Si vous \u00eates passionn\u00e9 d&#8217;<b>informatique et d&#8217;\u00e9lectronique<\/b>, si vous \u00eates \u00e0 la pointe de la technologie et qu&#8217;aucun d\u00e9tail ne vous \u00e9chappe, achetez <b>Syst\u00e8me d&#8217;Alimentation Sans Interruption Interactif APC SMT2200RMI2UC 1980 W<\/b> au meilleur prix.<\/p>\n<p>Le <b>SAI interactif APC Smart-UPS SMT2200RMI2UC<\/b> est une solution avanc\u00e9e d\u2019alimentation sans coupure con\u00e7ue pour prot\u00e9ger les \u00e9quipements critiques contre les coupures et fluctuations \u00e9lectriques, notamment en milieu professionnel. Avec une <b>puissance de sortie de 1980 W (2200 VA)<\/b>, il offre un soutien fiable pour assurer la continuit\u00e9 op\u00e9rationnelle, gr\u00e2ce \u00e0 sa <b>topologie en ligne interactive<\/b> qui am\u00e9liore la stabilit\u00e9 et la qualit\u00e9 de l\u2019\u00e9nergie fournie. Ce mod\u00e8le pr\u00e9sente un <b>format tour<\/b> ou montage en rack <b>2U<\/b>, facilitant son int\u00e9gration dans diverses infrastructures. Il est \u00e9quip\u00e9 de <b>neuf sorties AC de type IEC 60320<\/b>, permettant de connecter plusieurs appareils en toute s\u00e9curit\u00e9. Il dispose \u00e9galement d\u2019un <b>port USB type A<\/b> pour la communication avec les syst\u00e8mes de gestion et logiciels de supervision. Sa batterie utilise la technologie <b>VRLA (notamment plomb-acide scell\u00e9e)<\/b>, reconnue pour sa fiabilit\u00e9 et son faible entretien, avec une dur\u00e9e de vie allant jusqu\u2019\u00e0 <b>5 ans<\/b> et un temps de recharge rapide de <b>3 heures<\/b>. Il int\u00e8gre un <b>\u00e9cran LCD<\/b> fournissant des informations claires sur l\u2019\u00e9tat du SAI, facilitant la gestion des alertes et r\u00e9glages, et dispose d\u2019alarmes sonores pour signaler les \u00e9v\u00e9nements importants. C\u00f4t\u00e9 design, il pr\u00e9sente une <b>couleur noir m\u00e9tallique<\/b> qui \u00e9voque robustesse et professionnalisme. Cet \u00e9quipement respecte des normes internationales strictes de s\u00e9curit\u00e9 et environnementales, incluant les certifications <b>RoHS, CE, EN\/IEC 62040<\/b> et autres r\u00e9glementations garantissant sa qualit\u00e9 et conformit\u00e9 technique. Id\u00e9al pour prot\u00e9ger serveurs, r\u00e9seaux et autres \u00e9quipements \u00e9lectroniques sensibles, le APC Smart-UPS SMT2200RMI2UC assure une stabilit\u00e9 \u00e9lectrique de haute qualit\u00e9 en environnements critiques, garantissant un fonctionnement continu et s\u00e9curis\u00e9 en conditions difficiles.<\/p>\n<ul>\n<li>Technologie:\n<ul>\n<li>LCD<\/li>\n<li>VRLA<\/li>\n<\/ul>\n<\/li>\n<li>Produit \u00e0 brancher: Oui<\/li>\n<li>Type de prise: Prise EU<\/li>\n<li>Unit\u00e9s: 2 Unit\u00e9s<\/li>\n<li>Temps de charge approx.: 3 heures<\/li>\n<li>Type:\n<ul>\n<li>Syst\u00e8me d&#8217;Alimentation Sans Interruption Interactif<\/li>\n<li>Tour<\/li>\n<\/ul>\n<\/li>\n<li>Bloc d\u2019Alimentation: r\u00e9seau \u00e9lectrique<\/li>\n<li>Couleur:\n<ul>\n<li>Noir<\/li>\n<li>m\u00e9tallique<\/li>\n<\/ul>\n<\/li>\n<li>Largeur: 480 mm<\/li>\n<li>Connexions:\n<ul>\n<li>USB 2.0<\/li>\n<li>AC x 9<\/li>\n<li>USB<\/li>\n<li>RJ45<\/li>\n<li>USB-A<\/li>\n<\/ul>\n<\/li>\n<li>puissance: 1980 W<\/li>\n<li>Fr\u00e9quence: 50\/60 Hz<\/li>\n<li>Niveau sonore: 55 dB<\/li>\n<li>Caract\u00e9ristiques:\n<ul>\n<li>Alarme<\/li>\n<li>Interactif<\/li>\n<\/ul>\n<\/li>\n<li>Ann\u00e9e: 2018<\/li>\n<li>Tension:\n<ul>\n<li>220 V<\/li>\n<li>230 V<\/li>\n<\/ul>\n<\/li>\n<li>Longueur du c\u00e2ble: 2 m<\/li>\n<li>Tension de sortie: 240 V<\/li>\n<\/ul>","protected":false},"excerpt":{"rendered":"<p><span class=\"unit-info\">1272.4950 &euro; \/ 1 m<\/span><\/p>","protected":false},"featured_media":14395,"comment_status":"open","ping_status":"closed","template":"","meta":[],"product_brand":[649],"product_cat":[65,581,603],"product_tag":[106],"class_list":{"0":"post-14397","1":"product","2":"type-product","3":"status-publish","4":"has-post-thumbnail","6":"product_brand-brandp_532","7":"product_cat-informatique-electronique","8":"product_cat-informatique-peripheriques-et-consommables","9":"product_cat-ups","10":"product_tag-tag_1295","12":"first","13":"instock","14":"taxable","15":"shipping-taxable","16":"purchasable","17":"product-type-simple"},"_links":{"self":[{"href":"https:\/\/bigbuy.tupique.com\/es\/wp-json\/wp\/v2\/product\/14397","targetHints":{"allow":["GET"]}}],"collection":[{"href":"https:\/\/bigbuy.tupique.com\/es\/wp-json\/wp\/v2\/product"}],"about":[{"href":"https:\/\/bigbuy.tupique.com\/es\/wp-json\/wp\/v2\/types\/product"}],"replies":[{"embeddable":true,"href":"https:\/\/bigbuy.tupique.com\/es\/wp-json\/wp\/v2\/comments?post=14397"}],"wp:featuredmedia":[{"embeddable":true,"href":"https:\/\/bigbuy.tupique.com\/es\/wp-json\/wp\/v2\/media\/14395"}],"wp:attachment":[{"href":"https:\/\/bigbuy.tupique.com\/es\/wp-json\/wp\/v2\/media?parent=14397"}],"wp:term":[{"taxonomy":"product_brand","embeddable":true,"href":"https:\/\/bigbuy.tupique.com\/es\/wp-json\/wp\/v2\/product_brand?post=14397"},{"taxonomy":"product_cat","embeddable":true,"href":"https:\/\/bigbuy.tupique.com\/es\/wp-json\/wp\/v2\/product_cat?post=14397"},{"taxonomy":"product_tag","embeddable":true,"href":"https:\/\/bigbuy.tupique.com\/es\/wp-json\/wp\/v2\/product_tag?post=14397"}],"curies":[{"name":"wp","href":"https:\/\/api.w.org\/{rel}","templated":true}]}}