{"id":14332,"date":"2026-03-29T12:01:01","date_gmt":"2026-03-29T11:01:01","guid":{"rendered":"https:\/\/bigbuy.tupique.com\/produto\/network-card-startech-st4000pexpse\/"},"modified":"2026-04-14T23:39:46","modified_gmt":"2026-04-14T22:39:46","slug":"network-card-startech-st4000pexpse","status":"publish","type":"product","link":"https:\/\/bigbuy.tupique.com\/es\/produto\/network-card-startech-st4000pexpse\/","title":{"rendered":"Carte R\u00e9seau Startech ST4000PEXPSE"},"content":{"rendered":"<p>Si vous \u00eates passionn\u00e9 d&#8217;<b>informatique et d&#8217;\u00e9lectronique<\/b>, si vous \u00eates \u00e0 la pointe de la technologie et qu&#8217;aucun d\u00e9tail ne vous \u00e9chappe, achetez <b>Carte R\u00e9seau Startech ST4000PEXPSE<\/b> au meilleur prix.<\/p>\n<ul>\n<li>Type:\n<ul>\n<li>Avec fil<\/li>\n<li>Carte R\u00e9seau<\/li>\n<\/ul>\n<\/li>\n<li>Connexions:\n<ul>\n<li>Ethernet LAN<\/li>\n<li>RJ45<\/li>\n<li>PCI Express<\/li>\n<\/ul>\n<\/li>\n<li>Largeur: 18 mm<\/li>\n<li>Profondeur: 243 mm<\/li>\n<li>Interface:\n<ul>\n<li>Ethernet<\/li>\n<li>PCI Express<\/li>\n<\/ul>\n<\/li>\n<li>Tension de sortie: 48 V<\/li>\n<li>Couleur: Noir<\/li>\n<li>Ann\u00e9e: 2015<\/li>\n<li>Tension: 48 V<\/li>\n<li>Bloc d\u2019Alimentation: Avec fil<\/li>\n<li>Compatible: Linux<\/li>\n<li>Certificat: RoHS<\/li>\n<li>vitesse: 10\/100\/1000 Mbps<\/li>\n<li>Plage d&#8217;humidit\u00e9 de travail: 10 % &#8211; 90 %<\/li>\n<li>Inclut: Manuel de l&#8217;utilisateur<\/li>\n<li>Transmission de donn\u00e9es: 2000 Mbit\/s<\/li>\n<\/ul>","protected":false},"excerpt":{"rendered":"<p>Si vous \u00eates passionn\u00e9 d&#8217;informatique et d&#8217;\u00e9lectronique, si vous \u00eates \u00e0 la pointe de la technologie et qu&#8217;aucun d\u00e9tail ne vous \u00e9chappe, achetez Carte R\u00e9seau Startech ST4000PEXPSE au meilleur prix. Type: Avec fil Carte R\u00e9seau Connexions: Ethernet LAN RJ45 PCI Express Largeur: 18 mm Profondeur: 243 mm Interface: Ethernet PCI Express Tension de sortie: 48 [&hellip;]<\/p>\n","protected":false},"featured_media":14331,"comment_status":"open","ping_status":"closed","template":"","meta":[],"product_brand":[634],"product_cat":[604,65,584],"product_tag":[106],"class_list":{"0":"post-14332","1":"product","2":"type-product","3":"status-publish","4":"has-post-thumbnail","6":"product_brand-brandp_4771","7":"product_cat-cartes-pci","8":"product_cat-informatique-electronique","9":"product_cat-informatique-reseaux-et-composants","10":"product_tag-tag_1295","12":"first","13":"instock","14":"taxable","15":"shipping-taxable","16":"purchasable","17":"product-type-simple"},"_links":{"self":[{"href":"https:\/\/bigbuy.tupique.com\/es\/wp-json\/wp\/v2\/product\/14332","targetHints":{"allow":["GET"]}}],"collection":[{"href":"https:\/\/bigbuy.tupique.com\/es\/wp-json\/wp\/v2\/product"}],"about":[{"href":"https:\/\/bigbuy.tupique.com\/es\/wp-json\/wp\/v2\/types\/product"}],"replies":[{"embeddable":true,"href":"https:\/\/bigbuy.tupique.com\/es\/wp-json\/wp\/v2\/comments?post=14332"}],"wp:featuredmedia":[{"embeddable":true,"href":"https:\/\/bigbuy.tupique.com\/es\/wp-json\/wp\/v2\/media\/14331"}],"wp:attachment":[{"href":"https:\/\/bigbuy.tupique.com\/es\/wp-json\/wp\/v2\/media?parent=14332"}],"wp:term":[{"taxonomy":"product_brand","embeddable":true,"href":"https:\/\/bigbuy.tupique.com\/es\/wp-json\/wp\/v2\/product_brand?post=14332"},{"taxonomy":"product_cat","embeddable":true,"href":"https:\/\/bigbuy.tupique.com\/es\/wp-json\/wp\/v2\/product_cat?post=14332"},{"taxonomy":"product_tag","embeddable":true,"href":"https:\/\/bigbuy.tupique.com\/es\/wp-json\/wp\/v2\/product_tag?post=14332"}],"curies":[{"name":"wp","href":"https:\/\/api.w.org\/{rel}","templated":true}]}}