{"id":14328,"date":"2026-03-29T12:00:56","date_gmt":"2026-03-29T11:00:56","guid":{"rendered":"https:\/\/bigbuy.tupique.com\/produto\/network-card-startech-pex10gsfp4i\/"},"modified":"2026-05-11T19:58:41","modified_gmt":"2026-05-11T17:58:41","slug":"network-card-startech-pex10gsfp4i","status":"publish","type":"product","link":"https:\/\/bigbuy.tupique.com\/es\/produto\/network-card-startech-pex10gsfp4i\/","title":{"rendered":"Carte R\u00e9seau Startech PEX10GSFP4I"},"content":{"rendered":"<p>Si vous \u00eates passionn\u00e9 d&#8217;<b>informatique et d&#8217;\u00e9lectronique<\/b>, si vous \u00eates \u00e0 la pointe de la technologie et qu&#8217;aucun d\u00e9tail ne vous \u00e9chappe, achetez <b>Carte R\u00e9seau Startech PEX10GSFP4I<\/b> au meilleur prix.<\/p>\n<ul>\n<li>Type:\n<ul>\n<li>Avec fil<\/li>\n<li>Carte R\u00e9seau<\/li>\n<li>PCI Express 3.0<\/li>\n<\/ul>\n<\/li>\n<li>Connexions:\n<ul>\n<li>SFP+<\/li>\n<li>PCI Express x16 2.0<\/li>\n<li>PCI Express<\/li>\n<\/ul>\n<\/li>\n<li>Couleur: Noir<\/li>\n<li>Largeur: 15 mm<\/li>\n<li>Interface: PCI Express<\/li>\n<li>Caract\u00e9ristiques:\n<ul>\n<li>T\u00e9moin LED<\/li>\n<li>Guide d&#8217;installation inclus<\/li>\n<\/ul>\n<\/li>\n<li>Ann\u00e9e: 2018<\/li>\n<li>Bloc d\u2019Alimentation: Avec fil<\/li>\n<li>Compatible: Linux<\/li>\n<li>Certificat: RoHS<\/li>\n<li>Pr\u00e9cision (humidit\u00e9 relative): 20 % &#8211; 80 %<\/li>\n<\/ul>","protected":false},"excerpt":{"rendered":"<p>Si vous \u00eates passionn\u00e9 d&#8217;informatique et d&#8217;\u00e9lectronique, si vous \u00eates \u00e0 la pointe de la technologie et qu&#8217;aucun d\u00e9tail ne vous \u00e9chappe, achetez Carte R\u00e9seau Startech PEX10GSFP4I au meilleur prix. Type: Avec fil Carte R\u00e9seau PCI Express 3.0 Connexions: SFP+ PCI Express x16 2.0 PCI Express Couleur: Noir Largeur: 15 mm Interface: PCI Express Caract\u00e9ristiques: [&hellip;]<\/p>\n","protected":false},"featured_media":14327,"comment_status":"open","ping_status":"closed","template":"","meta":[],"product_brand":[634],"product_cat":[604,65,584],"product_tag":[106],"class_list":{"0":"post-14328","1":"product","2":"type-product","3":"status-publish","4":"has-post-thumbnail","6":"product_brand-brandp_4771","7":"product_cat-cartes-pci","8":"product_cat-informatique-electronique","9":"product_cat-informatique-reseaux-et-composants","10":"product_tag-tag_1295","12":"first","13":"instock","14":"taxable","15":"shipping-taxable","16":"purchasable","17":"product-type-simple"},"_links":{"self":[{"href":"https:\/\/bigbuy.tupique.com\/es\/wp-json\/wp\/v2\/product\/14328","targetHints":{"allow":["GET"]}}],"collection":[{"href":"https:\/\/bigbuy.tupique.com\/es\/wp-json\/wp\/v2\/product"}],"about":[{"href":"https:\/\/bigbuy.tupique.com\/es\/wp-json\/wp\/v2\/types\/product"}],"replies":[{"embeddable":true,"href":"https:\/\/bigbuy.tupique.com\/es\/wp-json\/wp\/v2\/comments?post=14328"}],"wp:featuredmedia":[{"embeddable":true,"href":"https:\/\/bigbuy.tupique.com\/es\/wp-json\/wp\/v2\/media\/14327"}],"wp:attachment":[{"href":"https:\/\/bigbuy.tupique.com\/es\/wp-json\/wp\/v2\/media?parent=14328"}],"wp:term":[{"taxonomy":"product_brand","embeddable":true,"href":"https:\/\/bigbuy.tupique.com\/es\/wp-json\/wp\/v2\/product_brand?post=14328"},{"taxonomy":"product_cat","embeddable":true,"href":"https:\/\/bigbuy.tupique.com\/es\/wp-json\/wp\/v2\/product_cat?post=14328"},{"taxonomy":"product_tag","embeddable":true,"href":"https:\/\/bigbuy.tupique.com\/es\/wp-json\/wp\/v2\/product_tag?post=14328"}],"curies":[{"name":"wp","href":"https:\/\/api.w.org\/{rel}","templated":true}]}}