{"id":14322,"date":"2026-03-29T12:00:49","date_gmt":"2026-03-29T11:00:49","guid":{"rendered":"https:\/\/bigbuy.tupique.com\/produto\/joystick-logitech-945-000059-black\/"},"modified":"2026-04-14T23:39:44","modified_gmt":"2026-04-14T22:39:44","slug":"joystick-logitech-945-000059-black","status":"publish","type":"product","link":"https:\/\/bigbuy.tupique.com\/es\/produto\/joystick-logitech-945-000059-black\/","title":{"rendered":"Joystick Logitech 945-000059 Noir"},"content":{"rendered":"<p>Si vous \u00eates passionn\u00e9 d&#8217;<b>informatique et d&#8217;\u00e9lectronique<\/b>, si vous \u00eates \u00e0 la pointe de la technologie et qu&#8217;aucun d\u00e9tail ne vous \u00e9chappe, achetez <b>Joystick Logitech 945-000059 Noir<\/b> au meilleur prix.<\/p>\n<ul>\n<li>Caract\u00e9ristiques:\n<ul>\n<li>Plug and play<\/li>\n<li>LED RGB<\/li>\n<li>Plug &amp; Play<\/li>\n<\/ul>\n<\/li>\n<li>Couleur: Noir<\/li>\n<li>Compatible:\n<ul>\n<li>Windows 7<\/li>\n<li>Windows\u00ae 8<\/li>\n<li>Windows 10<\/li>\n<\/ul>\n<\/li>\n<li>Type:\n<ul>\n<li>Avec fil<\/li>\n<li>Analogique\/Num\u00e9rique<\/li>\n<\/ul>\n<\/li>\n<li>Plate-forme: PC<\/li>\n<li>Profondeur: 185 mm<\/li>\n<li>Connexions:\n<ul>\n<li>USB<\/li>\n<li>USB 2.0<\/li>\n<\/ul>\n<\/li>\n<li>Tension: 1,5 V<\/li>\n<li>Bloc d\u2019Alimentation:\n<ul>\n<li>Avec fil<\/li>\n<li>C\u00e2ble USB<\/li>\n<\/ul>\n<\/li>\n<li>Longueur du c\u00e2ble: 1,8 m<\/li>\n<li>Poids: 2,2 kg<\/li>\n<li>Inclut: Manuel de l&#8217;utilisateur<\/li>\n<\/ul>","protected":false},"excerpt":{"rendered":"<p>Si vous \u00eates passionn\u00e9 d&#8217;informatique et d&#8217;\u00e9lectronique, si vous \u00eates \u00e0 la pointe de la technologie et qu&#8217;aucun d\u00e9tail ne vous \u00e9chappe, achetez Joystick Logitech 945-000059 Noir au meilleur prix. Caract\u00e9ristiques: Plug and play LED RGB Plug &amp; Play Couleur: Noir Compatible: Windows 7 Windows\u00ae 8 Windows 10 Type: Avec fil Analogique\/Num\u00e9rique Plate-forme: PC Profondeur: [&hellip;]<\/p>\n","protected":false},"featured_media":14312,"comment_status":"open","ping_status":"closed","template":"","meta":[],"product_brand":[647],"product_cat":[609,65,610],"product_tag":[572],"class_list":{"0":"post-14322","1":"product","2":"type-product","3":"status-publish","4":"has-post-thumbnail","6":"product_brand-brandp_561","7":"product_cat-electronique-jouets-electroniques","8":"product_cat-informatique-electronique","9":"product_cat-jeux-video","10":"product_tag-tag_29","12":"first","13":"instock","14":"taxable","15":"shipping-taxable","16":"purchasable","17":"product-type-simple"},"_links":{"self":[{"href":"https:\/\/bigbuy.tupique.com\/es\/wp-json\/wp\/v2\/product\/14322","targetHints":{"allow":["GET"]}}],"collection":[{"href":"https:\/\/bigbuy.tupique.com\/es\/wp-json\/wp\/v2\/product"}],"about":[{"href":"https:\/\/bigbuy.tupique.com\/es\/wp-json\/wp\/v2\/types\/product"}],"replies":[{"embeddable":true,"href":"https:\/\/bigbuy.tupique.com\/es\/wp-json\/wp\/v2\/comments?post=14322"}],"wp:featuredmedia":[{"embeddable":true,"href":"https:\/\/bigbuy.tupique.com\/es\/wp-json\/wp\/v2\/media\/14312"}],"wp:attachment":[{"href":"https:\/\/bigbuy.tupique.com\/es\/wp-json\/wp\/v2\/media?parent=14322"}],"wp:term":[{"taxonomy":"product_brand","embeddable":true,"href":"https:\/\/bigbuy.tupique.com\/es\/wp-json\/wp\/v2\/product_brand?post=14322"},{"taxonomy":"product_cat","embeddable":true,"href":"https:\/\/bigbuy.tupique.com\/es\/wp-json\/wp\/v2\/product_cat?post=14322"},{"taxonomy":"product_tag","embeddable":true,"href":"https:\/\/bigbuy.tupique.com\/es\/wp-json\/wp\/v2\/product_tag?post=14322"}],"curies":[{"name":"wp","href":"https:\/\/api.w.org\/{rel}","templated":true}]}}