{"id":14238,"date":"2026-03-29T11:47:49","date_gmt":"2026-03-29T10:47:49","guid":{"rendered":"https:\/\/bigbuy.tupique.com\/produto\/uninterruptible-power-supply-system-interactive-ups-apc-smt3000rmi2unc\/"},"modified":"2026-05-11T19:58:58","modified_gmt":"2026-05-11T17:58:58","slug":"uninterruptible-power-supply-system-interactive-ups-apc-smt3000rmi2unc","status":"publish","type":"product","link":"https:\/\/bigbuy.tupique.com\/es\/produto\/uninterruptible-power-supply-system-interactive-ups-apc-smt3000rmi2unc\/","title":{"rendered":"Syst\u00e8me d&#8217;Alimentation Sans Interruption Interactif APC SMT3000RMI2UNC"},"content":{"rendered":"<p>Si vous \u00eates passionn\u00e9 d&#8217;<b>informatique et d&#8217;\u00e9lectronique<\/b>, si vous \u00eates \u00e0 la pointe de la technologie et qu&#8217;aucun d\u00e9tail ne vous \u00e9chappe, achetez <b>Syst\u00e8me d&#8217;Alimentation Sans Interruption Interactif APC SMT3000RMI2UNC      <\/b> au meilleur prix.<\/p>\n<p>Le <b>SMT3000RMI2UNC<\/b> d\u2019<b>APC<\/b> est un <b>onduleur interactif<\/b> con\u00e7u pour assurer une protection \u00e9lectrique avanc\u00e9e dans les environnements professionnels et technologiques critiques. Il offre une puissance de sortie jusqu\u2019\u00e0 <b>2700 W<\/b> (3 kVA) avec une topologie en ligne interactive qui \u00e9quilibre efficacit\u00e9 et s\u00e9curit\u00e9. Ce mod\u00e8le de couleur <b>noire<\/b> peut \u00eatre mont\u00e9 en tour ou en rack 2U, facilitant son int\u00e9gration dans divers espaces. Il dispose d\u2019une batterie VRLA innovante (plomb-acide scell\u00e9e) d\u2019une capacit\u00e9 nominale de 547 Ah et d\u2019un temps de recharge rapide d\u2019environ 3 heures, ainsi que de batteries rempla\u00e7ables \u00e0 chaud, permettant une maintenance sans interruption de l\u2019alimentation. Son syst\u00e8me inclut une <b>r\u00e9gulation automatique de tension (AVR)<\/b>, capable de stabiliser les pics et creux de tension jusqu\u2019\u00e0 30 % en dessous ou 12 % au-dessus, sans utiliser la batterie, prolongeant ainsi sa dur\u00e9e de vie et optimisant la disponibilit\u00e9.<\/p>\n<p>Il se distingue par sa <b>gestion intelligente de la batterie<\/b> avec charge compens\u00e9e selon la temp\u00e9rature, maximisant la dur\u00e9e et la fiabilit\u00e9, compl\u00e9t\u00e9e par des autocontr\u00f4les p\u00e9riodiques et des notifications dynamiques pour anticiper le remplacement des batteries. L\u2019<b>interface LCD multilingue intuitive<\/b> fournit en temps r\u00e9el des informations d\u00e9taill\u00e9es sur l\u2019\u00e9tat, la consommation \u00e9nerg\u00e9tique et les alertes, avec des indicateurs LED et alarmes sonores pour une identification rapide des incidents, tels que surcharge ou batterie faible. Il int\u00e8gre \u00e9galement des ports <b>USB 2.0<\/b> et une connexion s\u00e9rie pour une gestion \u00e0 distance simplifi\u00e9e ; la carte de gestion r\u00e9seau pr\u00e9install\u00e9e permet de contr\u00f4ler l\u2019onduleur \u00e0 distance sur le r\u00e9seau local, am\u00e9liorant le contr\u00f4le op\u00e9rationnel. Son ensemble de 9 sorties (C13, C19 et C20) comprend un groupe de sorties unique contr\u00f4lable ind\u00e9pendamment pour des red\u00e9marrages s\u00e9quentiels, optimisant la r\u00e9partition de la charge entre les \u00e9quipements non critiques.<\/p>\n<p>Ce mod\u00e8le offre une protection compl\u00e8te contre les surtensions, pics, \u00e9clairs et perturbations \u00e9lectriques, assurant la stabilit\u00e9 et la protection des \u00e9quipements connect\u00e9s. Son mode \u00e9cologique vert, en cours de brevet, r\u00e9duit la consommation \u00e9lectrique avec une efficacit\u00e9 sup\u00e9rieure \u00e0 97 %, diminuant aussi la chaleur g\u00e9n\u00e9r\u00e9e et les co\u00fbts d\u2019exploitation. Con\u00e7u selon les normes et certifications internationales telles que CE, RoHS, EN\/IEC 62040 et GS Mark, il garantit une conformit\u00e9 rigoureuse en mati\u00e8re de s\u00e9curit\u00e9 et de performance. Fort d\u2019un design robuste et d\u2019une fiabilit\u00e9 \u00e9prouv\u00e9e, avec plus de 23 ans d\u2019exp\u00e9rience dans la gamme Smart-UPS et plus de 25 millions d\u2019unit\u00e9s vendues, cet onduleur offre une solution avanc\u00e9e pour maintenir la continuit\u00e9 op\u00e9rationnelle et prot\u00e9ger l\u2019investissement technologique contre les coupures \u00e9lectriques.<\/p>\n<p>Avec un \u00e9quilibre entre puissance, adaptabilit\u00e9 et gestion intelligente, l\u2019APC SMT3000RMI2UNC est un choix solide pour les environnements IT n\u00e9cessitant une alimentation fiable, efficace et facile \u00e0 g\u00e9rer.<\/p>\n<ul>\n<li>Technologie:\n<ul>\n<li>LCD<\/li>\n<li>VRLA<\/li>\n<\/ul>\n<\/li>\n<li>Produit \u00e0 brancher: Oui<\/li>\n<li>Type de prise: Prise EU<\/li>\n<li>Unit\u00e9s: 2 Unit\u00e9s<\/li>\n<li>Temps de charge approx.: 3 heures<\/li>\n<li>Type:\n<ul>\n<li>Syst\u00e8me d&#8217;Alimentation Sans Interruption Interactif<\/li>\n<li>C19<\/li>\n<li>Tour<\/li>\n<\/ul>\n<\/li>\n<li>Bloc d\u2019Alimentation: r\u00e9seau \u00e9lectrique<\/li>\n<li>Tension de sortie:\n<ul>\n<li>230 V<\/li>\n<li>240 V<\/li>\n<\/ul>\n<\/li>\n<li>Fr\u00e9quence: 50\/60 Hz<\/li>\n<li>Puissance nominale: 3 kVA<\/li>\n<li>puissance: 2700 W<\/li>\n<li>Connexions:\n<ul>\n<li>USB 2.0<\/li>\n<li>AC x 9<\/li>\n<li>C20 coupler<\/li>\n<li>RJ45<\/li>\n<\/ul>\n<\/li>\n<li>Largeur: 480 mm<\/li>\n<li>Couleur: Noir<\/li>\n<li>Niveau sonore: 55 dB<\/li>\n<li>Caract\u00e9ristiques:\n<ul>\n<li>Alarme<\/li>\n<li>Interactif<\/li>\n<li>D\u00e9marrage \u00e0 froid<\/li>\n<li>Indicateur de surcharge<\/li>\n<li>T\u00e9moin de fonctionnement LED<\/li>\n<\/ul>\n<\/li>\n<li>Fonctions: Hot Swap<\/li>\n<li>Tension: 220 V<\/li>\n<li>Longueur du c\u00e2ble: 2 m<\/li>\n<li>Certificat: RoHS<\/li>\n<\/ul>","protected":false},"excerpt":{"rendered":"<p><span class=\"unit-info\">1921.4950 &euro; \/ 1 m<\/span><\/p>","protected":false},"featured_media":14236,"comment_status":"open","ping_status":"closed","template":"","meta":[],"product_brand":[649],"product_cat":[65,581,603],"product_tag":[106],"class_list":{"0":"post-14238","1":"product","2":"type-product","3":"status-publish","4":"has-post-thumbnail","6":"product_brand-brandp_532","7":"product_cat-informatique-electronique","8":"product_cat-informatique-peripheriques-et-consommables","9":"product_cat-ups","10":"product_tag-tag_1295","12":"first","13":"instock","14":"taxable","15":"shipping-taxable","16":"purchasable","17":"product-type-simple"},"_links":{"self":[{"href":"https:\/\/bigbuy.tupique.com\/es\/wp-json\/wp\/v2\/product\/14238","targetHints":{"allow":["GET"]}}],"collection":[{"href":"https:\/\/bigbuy.tupique.com\/es\/wp-json\/wp\/v2\/product"}],"about":[{"href":"https:\/\/bigbuy.tupique.com\/es\/wp-json\/wp\/v2\/types\/product"}],"replies":[{"embeddable":true,"href":"https:\/\/bigbuy.tupique.com\/es\/wp-json\/wp\/v2\/comments?post=14238"}],"wp:featuredmedia":[{"embeddable":true,"href":"https:\/\/bigbuy.tupique.com\/es\/wp-json\/wp\/v2\/media\/14236"}],"wp:attachment":[{"href":"https:\/\/bigbuy.tupique.com\/es\/wp-json\/wp\/v2\/media?parent=14238"}],"wp:term":[{"taxonomy":"product_brand","embeddable":true,"href":"https:\/\/bigbuy.tupique.com\/es\/wp-json\/wp\/v2\/product_brand?post=14238"},{"taxonomy":"product_cat","embeddable":true,"href":"https:\/\/bigbuy.tupique.com\/es\/wp-json\/wp\/v2\/product_cat?post=14238"},{"taxonomy":"product_tag","embeddable":true,"href":"https:\/\/bigbuy.tupique.com\/es\/wp-json\/wp\/v2\/product_tag?post=14238"}],"curies":[{"name":"wp","href":"https:\/\/api.w.org\/{rel}","templated":true}]}}