{"id":14225,"date":"2026-03-29T11:47:32","date_gmt":"2026-03-29T10:47:32","guid":{"rendered":"https:\/\/bigbuy.tupique.com\/produto\/switch-netgear-gs316ep-100pes-28-gbps\/"},"modified":"2026-04-14T23:39:37","modified_gmt":"2026-04-14T22:39:37","slug":"switch-netgear-gs316ep-100pes-28-gbps","status":"publish","type":"product","link":"https:\/\/bigbuy.tupique.com\/es\/produto\/switch-netgear-gs316ep-100pes-28-gbps\/","title":{"rendered":"Switch Netgear GS316EP-100PES 28 Gbps"},"content":{"rendered":"<p>Si vous \u00eates passionn\u00e9 d&#8217;<b>informatique et d&#8217;\u00e9lectronique<\/b>, si vous \u00eates \u00e0 la pointe de la technologie et qu&#8217;aucun d\u00e9tail ne vous \u00e9chappe, achetez <b>Switch Netgear GS316EP-100PES 28 Gbps<\/b> au meilleur prix.<\/p>\n<p>Le <b>Netgear GS316EP-100PES<\/b> est un <b>switch manageable<\/b> qui offre une solution robuste et efficace pour les r\u00e9seaux d\u2019entreprise et les environnements professionnels n\u00e9cessitant une haute fiabilit\u00e9 dans la transmission des donn\u00e9es. Il dispose de <b>16 ports RJ-45 Ethernet Gigabit (10\/100\/1000 Mbps)<\/b>, dont 15 sont d\u00e9di\u00e9s \u00e0 la commutation basique, permettant des connexions r\u00e9seau rapides et stables avec prise en charge du mode <b>full duplex<\/b>, optimisant ainsi les performances bidirectionnelles et r\u00e9duisant la latence lors des \u00e9changes d\u2019informations. Sa <b>capacit\u00e9 de commutation de 32 Gbit\/s<\/b> et une table d\u2019adresses MAC pouvant contenir jusqu\u2019\u00e0 4000 entr\u00e9es garantissent un adressage et une gestion efficaces du trafic r\u00e9seau, rendant cet \u00e9quipement adapt\u00e9 aux configurations avec plusieurs appareils connect\u00e9s simultan\u00e9ment. Bas\u00e9 sur des normes reconnues telles que <b>IEEE 802.3, 802.3u, 802.3ab, 802.3x, 802.3af et 802.3at<\/b>, le GS316EP-100PES prend en charge des fonctionnalit\u00e9s avanc\u00e9es, notamment l\u2019alimentation via Ethernet (<b>PoE<\/b>), \u00e9liminant le besoin d\u2019alimentations suppl\u00e9mentaires pour les dispositifs compatibles comme les cam\u00e9ras IP ou points d\u2019acc\u00e8s. Il est fabriqu\u00e9 en <b>plastique r\u00e9sistant<\/b> de couleur <b>noir<\/b> et con\u00e7u pour fonctionner avec une alimentation \u00e9lectrique de <b>230 V<\/b> via une prise d\u2019entr\u00e9e courant continu, adapt\u00e9 aux installations standards en bureaux ou centres de donn\u00e9es. Son format et ses mat\u00e9riaux facilitent l\u2019installation et le montage dans divers environnements gr\u00e2ce \u00e0 son syst\u00e8me multi-support. Le mod\u00e8le GS316EP-100PES de Netgear combine technologie avanc\u00e9e et connectivit\u00e9 Ethernet LAN pratique, garantissant la stabilit\u00e9 et l\u2019efficacit\u00e9 n\u00e9cessaires pour g\u00e9rer des r\u00e9seaux de taille moyenne avec une gestion active et un contr\u00f4le complet du trafic et des appareils connect\u00e9s. Ce switch est une option fiable pour les professionnels recherchant un \u00e9quipement solide et flexible pour leur infrastructure r\u00e9seau.<\/p>\n<ul>\n<li>Produit \u00e0 brancher: Oui<\/li>\n<li>Type de prise: Prise EU<\/li>\n<li>Type:\n<ul>\n<li>Switch<\/li>\n<li>Prise M\u00e2le\/Prise M\u00e2le<\/li>\n<\/ul>\n<\/li>\n<li>Bloc d\u2019Alimentation:\n<ul>\n<li>r\u00e9seau \u00e9lectrique<\/li>\n<li>Cordon d&#8217;alimentation CA<\/li>\n<li>Incluses<\/li>\n<li>DC<\/li>\n<\/ul>\n<\/li>\n<li>Couleur: Noir<\/li>\n<li>Mati\u00e8re: Plastique<\/li>\n<li>Support: Multisupport<\/li>\n<li>Tension: 230 V<\/li>\n<li>N\u00b0 de rainures: 1<\/li>\n<li>Ports: 16<\/li>\n<li>Connexions: Ethernet LAN<\/li>\n<li>Caract\u00e9ristiques: T\u00e9moin de fonctionnement LED<\/li>\n<li>puissance:\n<ul>\n<li>180 W<\/li>\n<li>50 W<\/li>\n<\/ul>\n<\/li>\n<li>Compatible: Ordinateurs<\/li>\n<li>Pr\u00e9cision (humidit\u00e9 relative): 0 % &#8211; 90 %<\/li>\n<li>vitesse: 1000 Mbps<\/li>\n<li>Temp\u00e9rature approximative: &#8211; 20\u00baC \/ 70\u00b0C<\/li>\n<\/ul>","protected":false},"excerpt":{"rendered":"<p>Si vous \u00eates passionn\u00e9 d&#8217;informatique et d&#8217;\u00e9lectronique, si vous \u00eates \u00e0 la pointe de la technologie et qu&#8217;aucun d\u00e9tail ne vous \u00e9chappe, achetez Switch Netgear GS316EP-100PES 28 Gbps au meilleur prix. Le Netgear GS316EP-100PES est un switch manageable qui offre une solution robuste et efficace pour les r\u00e9seaux d\u2019entreprise et les environnements professionnels n\u00e9cessitant une [&hellip;]<\/p>\n","protected":false},"featured_media":14223,"comment_status":"open","ping_status":"closed","template":"","meta":[],"product_brand":[633],"product_cat":[65,584,585],"product_tag":[106],"class_list":{"0":"post-14225","1":"product","2":"type-product","3":"status-publish","4":"has-post-thumbnail","6":"product_brand-brandp_567","7":"product_cat-informatique-electronique","8":"product_cat-informatique-reseaux-et-composants","9":"product_cat-switch","10":"product_tag-tag_1295","12":"first","13":"instock","14":"taxable","15":"shipping-taxable","16":"purchasable","17":"product-type-simple"},"_links":{"self":[{"href":"https:\/\/bigbuy.tupique.com\/es\/wp-json\/wp\/v2\/product\/14225","targetHints":{"allow":["GET"]}}],"collection":[{"href":"https:\/\/bigbuy.tupique.com\/es\/wp-json\/wp\/v2\/product"}],"about":[{"href":"https:\/\/bigbuy.tupique.com\/es\/wp-json\/wp\/v2\/types\/product"}],"replies":[{"embeddable":true,"href":"https:\/\/bigbuy.tupique.com\/es\/wp-json\/wp\/v2\/comments?post=14225"}],"wp:featuredmedia":[{"embeddable":true,"href":"https:\/\/bigbuy.tupique.com\/es\/wp-json\/wp\/v2\/media\/14223"}],"wp:attachment":[{"href":"https:\/\/bigbuy.tupique.com\/es\/wp-json\/wp\/v2\/media?parent=14225"}],"wp:term":[{"taxonomy":"product_brand","embeddable":true,"href":"https:\/\/bigbuy.tupique.com\/es\/wp-json\/wp\/v2\/product_brand?post=14225"},{"taxonomy":"product_cat","embeddable":true,"href":"https:\/\/bigbuy.tupique.com\/es\/wp-json\/wp\/v2\/product_cat?post=14225"},{"taxonomy":"product_tag","embeddable":true,"href":"https:\/\/bigbuy.tupique.com\/es\/wp-json\/wp\/v2\/product_tag?post=14225"}],"curies":[{"name":"wp","href":"https:\/\/api.w.org\/{rel}","templated":true}]}}