{"id":14180,"date":"2026-03-29T11:46:34","date_gmt":"2026-03-29T10:46:34","guid":{"rendered":"https:\/\/bigbuy.tupique.com\/produto\/videocamera-logitech-rally-bar-4k-ultra-hd-wi-fi-bluetooth-black\/"},"modified":"2026-04-16T09:11:45","modified_gmt":"2026-04-16T08:11:45","slug":"videocamera-logitech-rally-bar-4k-ultra-hd-wi-fi-bluetooth-black","status":"publish","type":"product","link":"https:\/\/bigbuy.tupique.com\/es\/produto\/videocamera-logitech-rally-bar-4k-ultra-hd-wi-fi-bluetooth-black\/","title":{"rendered":"Cam\u00e9scope Logitech Rally Bar 4K Ultra HD Wi-Fi Bluetooth Noir"},"content":{"rendered":"<p>Si vous \u00eates passionn\u00e9 d&#8217;<b>informatique et d&#8217;\u00e9lectronique<\/b>, si vous \u00eates \u00e0 la pointe de la technologie et qu&#8217;aucun d\u00e9tail ne vous \u00e9chappe, achetez <b>Cam\u00e9scope Logitech Rally Bar 4K Ultra HD Wi-Fi Bluetooth Noir<\/b> au meilleur prix.<\/p>\n<ul>\n<li>Couleur:\n<ul>\n<li>Noir<\/li>\n<li>Graphite<\/li>\n<\/ul>\n<\/li>\n<li>Connectivit\u00e9:\n<ul>\n<li>Wi-Fi<\/li>\n<li>Bluetooth<\/li>\n<\/ul>\n<\/li>\n<li>Connexions:\n<ul>\n<li>USB-A 3.2<\/li>\n<li>Ethernet LAN<\/li>\n<li>HDMI<\/li>\n<li>HDMI x 2<\/li>\n<li>USB x 3<\/li>\n<li>HDMI x 3<\/li>\n<li>HDMI x 1<\/li>\n<li>Jack 3.5 mm<\/li>\n<li>HDMI 1.4<\/li>\n<\/ul>\n<\/li>\n<li>R\u00e9solution: 4K Ultra HD<\/li>\n<li>Caract\u00e9ristiques:\n<ul>\n<li>Haut-parleurs int\u00e9gr\u00e9s<\/li>\n<li>Microphone omnidirectionnel<\/li>\n<li>Guide d&#8217;installation inclus<\/li>\n<\/ul>\n<\/li>\n<li>Longueur du c\u00e2ble: 2,5 m<\/li>\n<li>Type: Tout en un<\/li>\n<li>Tension:\n<ul>\n<li>19 V<\/li>\n<li>100 &#8211; 240 V<\/li>\n<\/ul>\n<\/li>\n<li>Nombre de batteries: 2<\/li>\n<li>Type de prise: Type C<\/li>\n<li>Inclinaison: -15\u00ba \/ +15\u00ba<\/li>\n<li>Inclut: T\u00e9l\u00e9commande<\/li>\n<li>vitesse: 10\/100\/1000 Mbps<\/li>\n<li>Zoom Optique: x 5<\/li>\n<li>Non inclut: Adaptateur AC<\/li>\n<li>Bloc d\u2019Alimentation: CC<\/li>\n<li>Temp\u00e9rature approximative: -40\u00ba \/ 70\u00ba<\/li>\n<li>Batterie: 220 mAh<\/li>\n<li>Pr\u00e9cision (humidit\u00e9 relative): 10 % &#8211; 95 %<\/li>\n<li>Type de batterie: Batterie au lithium rechargeable<\/li>\n<\/ul>","protected":false},"excerpt":{"rendered":"<p>Si vous \u00eates passionn\u00e9 d&#8217;informatique et d&#8217;\u00e9lectronique, si vous \u00eates \u00e0 la pointe de la technologie et qu&#8217;aucun d\u00e9tail ne vous \u00e9chappe, achetez Cam\u00e9scope Logitech Rally Bar 4K Ultra HD Wi-Fi Bluetooth Noir au meilleur prix. Couleur: Noir Graphite Connectivit\u00e9: Wi-Fi Bluetooth Connexions: USB-A 3.2 Ethernet LAN HDMI HDMI x 2 USB x 3 HDMI [&hellip;]<\/p>\n","protected":false},"featured_media":14178,"comment_status":"open","ping_status":"closed","template":"","meta":[],"product_brand":[647],"product_cat":[606,600,65],"product_tag":[571],"class_list":{"0":"post-14180","1":"product","2":"type-product","3":"status-publish","4":"has-post-thumbnail","6":"product_brand-brandp_561","7":"product_cat-camescopes","8":"product_cat-electronique-photo-et-video","9":"product_cat-informatique-electronique","10":"product_tag-tag_27","12":"first","13":"instock","14":"taxable","15":"shipping-taxable","16":"purchasable","17":"product-type-simple"},"_links":{"self":[{"href":"https:\/\/bigbuy.tupique.com\/es\/wp-json\/wp\/v2\/product\/14180","targetHints":{"allow":["GET"]}}],"collection":[{"href":"https:\/\/bigbuy.tupique.com\/es\/wp-json\/wp\/v2\/product"}],"about":[{"href":"https:\/\/bigbuy.tupique.com\/es\/wp-json\/wp\/v2\/types\/product"}],"replies":[{"embeddable":true,"href":"https:\/\/bigbuy.tupique.com\/es\/wp-json\/wp\/v2\/comments?post=14180"}],"wp:featuredmedia":[{"embeddable":true,"href":"https:\/\/bigbuy.tupique.com\/es\/wp-json\/wp\/v2\/media\/14178"}],"wp:attachment":[{"href":"https:\/\/bigbuy.tupique.com\/es\/wp-json\/wp\/v2\/media?parent=14180"}],"wp:term":[{"taxonomy":"product_brand","embeddable":true,"href":"https:\/\/bigbuy.tupique.com\/es\/wp-json\/wp\/v2\/product_brand?post=14180"},{"taxonomy":"product_cat","embeddable":true,"href":"https:\/\/bigbuy.tupique.com\/es\/wp-json\/wp\/v2\/product_cat?post=14180"},{"taxonomy":"product_tag","embeddable":true,"href":"https:\/\/bigbuy.tupique.com\/es\/wp-json\/wp\/v2\/product_tag?post=14180"}],"curies":[{"name":"wp","href":"https:\/\/api.w.org\/{rel}","templated":true}]}}