{"id":14092,"date":"2026-03-29T11:44:17","date_gmt":"2026-03-29T10:44:17","guid":{"rendered":"https:\/\/bigbuy.tupique.com\/produto\/wall-mounted-rack-cabinet-startech-rk1833bkm\/"},"modified":"2026-05-11T19:58:42","modified_gmt":"2026-05-11T17:58:42","slug":"wall-mounted-rack-cabinet-startech-rk1833bkm","status":"publish","type":"product","link":"https:\/\/bigbuy.tupique.com\/es\/produto\/wall-mounted-rack-cabinet-startech-rk1833bkm\/","title":{"rendered":"Armoire Murale Rack Startech RK1833BKM"},"content":{"rendered":"<p>Si vous \u00eates passionn\u00e9 d&#8217;<b>informatique et d&#8217;\u00e9lectronique<\/b>, si vous \u00eates \u00e0 la pointe de la technologie et qu&#8217;aucun d\u00e9tail ne vous \u00e9chappe, achetez <b>Armoire Murale Rack Startech RK1833BKM<\/b> au meilleur prix.<\/p>\n<p>L\u2019<b>armoire rack mural RK1833BKM<\/b> de la marque <b>Startech<\/b> est un <b>rack pour serveurs<\/b> robuste et polyvalent con\u00e7u pour offrir un stockage s\u00e9curis\u00e9 et efficace des \u00e9quipements r\u00e9seau, serveurs et t\u00e9l\u00e9communications standards 19 pouces. Avec une capacit\u00e9 de <b>18U<\/b> et une largeur de <b>60 cm<\/b>, ce rack est fabriqu\u00e9 en <b>acier noir<\/b> r\u00e9sistant, adapt\u00e9 pour supporter une charge maximale jusqu\u2019\u00e0 <b>450 kg<\/b>, garantissant stabilit\u00e9 et durabilit\u00e9 en environnement professionnel. Il int\u00e8gre des rails de montage r\u00e9glables dont la profondeur varie de <b>76,2 mm \u00e0 780 mm (2&#8243; \u00e0 30&#8243;)<\/b>, facilitant l\u2019installation de dispositifs de diff\u00e9rentes profondeurs et permettant une gestion optimale des c\u00e2bles et de l\u2019alimentation \u00e0 l\u2019arri\u00e8re. De plus, il inclut un rouleau de <b>3 m\u00e8tres de colliers auto-adh\u00e9sifs<\/b> pour organiser les c\u00e2bles, contribuant \u00e0 une installation propre et ordonn\u00e9e. Pour un acc\u00e8s discret et une gestion soign\u00e9e du c\u00e2blage, il dispose d\u2019orifices avec caches sur les panneaux sup\u00e9rieur et inf\u00e9rieur, ainsi que d\u2019oreillettes de mise \u00e0 la terre offrant une protection suppl\u00e9mentaire aux \u00e9quipements. Cette armoire comprend \u00e9galement une \u00e9tag\u00e8re de <b>1U<\/b> pour accueillir des appareils non montables en rack ou des outils, ajoutant une fonctionnalit\u00e9 suppl\u00e9mentaire. Les portes avant et arri\u00e8re sont r\u00e9versibles et verrouillables, tandis que les panneaux lat\u00e9raux amovibles avec fermetures rapides permettent un acc\u00e8s facile au mat\u00e9riel tout en assurant sa s\u00e9curit\u00e9. L\u2019ajout de <b>roulettes<\/b> facilite sa mobilit\u00e9 et permet l\u2019installation ou la maintenance dans des espaces restreints, s\u2019adaptant aux portes standards pour un d\u00e9placement entre salles. Pesant <b>59 kg<\/b>, ce rack allie fonctionnalit\u00e9 et design pens\u00e9 pour les environnements professionnels n\u00e9cessitant une solution compl\u00e8te pour organiser et prot\u00e9ger leurs infrastructures technologiques. C\u2019est une option fiable garantissant s\u00e9curit\u00e9, accessibilit\u00e9 et ventilation passive des \u00e9quipements mont\u00e9s.<\/p>\n<ul>\n<li>Largeur: 60 cm<\/li>\n<li>Unit\u00e9s: 18 Unit\u00e9s<\/li>\n<li>Type: Rangement<\/li>\n<li>Couleur: Noir<\/li>\n<li>Mati\u00e8re:\n<ul>\n<li>Acier<\/li>\n<li>Cuivre<\/li>\n<\/ul>\n<\/li>\n<li>Ann\u00e9e: 2017<\/li>\n<li>Connexions: SATA<\/li>\n<li>Caract\u00e9ristiques: Verrou de s\u00e9curit\u00e9<\/li>\n<li>Inclut: Vis<\/li>\n<li>Certificat: CE &#8211; RoHS<\/li>\n<li>Compatible: PC<\/li>\n<\/ul>","protected":false},"excerpt":{"rendered":"<p><span class=\"unit-info\">46.4439 &euro; \/ 1 unit<\/span><\/p>","protected":false},"featured_media":14090,"comment_status":"open","ping_status":"closed","template":"","meta":[],"product_brand":[634],"product_cat":[605,65,584],"product_tag":[106],"class_list":{"0":"post-14092","1":"product","2":"type-product","3":"status-publish","4":"has-post-thumbnail","6":"product_brand-brandp_4771","7":"product_cat-armoires-rack","8":"product_cat-informatique-electronique","9":"product_cat-informatique-reseaux-et-composants","10":"product_tag-tag_1295","12":"first","13":"instock","14":"taxable","15":"shipping-taxable","16":"purchasable","17":"product-type-simple"},"_links":{"self":[{"href":"https:\/\/bigbuy.tupique.com\/es\/wp-json\/wp\/v2\/product\/14092","targetHints":{"allow":["GET"]}}],"collection":[{"href":"https:\/\/bigbuy.tupique.com\/es\/wp-json\/wp\/v2\/product"}],"about":[{"href":"https:\/\/bigbuy.tupique.com\/es\/wp-json\/wp\/v2\/types\/product"}],"replies":[{"embeddable":true,"href":"https:\/\/bigbuy.tupique.com\/es\/wp-json\/wp\/v2\/comments?post=14092"}],"wp:featuredmedia":[{"embeddable":true,"href":"https:\/\/bigbuy.tupique.com\/es\/wp-json\/wp\/v2\/media\/14090"}],"wp:attachment":[{"href":"https:\/\/bigbuy.tupique.com\/es\/wp-json\/wp\/v2\/media?parent=14092"}],"wp:term":[{"taxonomy":"product_brand","embeddable":true,"href":"https:\/\/bigbuy.tupique.com\/es\/wp-json\/wp\/v2\/product_brand?post=14092"},{"taxonomy":"product_cat","embeddable":true,"href":"https:\/\/bigbuy.tupique.com\/es\/wp-json\/wp\/v2\/product_cat?post=14092"},{"taxonomy":"product_tag","embeddable":true,"href":"https:\/\/bigbuy.tupique.com\/es\/wp-json\/wp\/v2\/product_tag?post=14092"}],"curies":[{"name":"wp","href":"https:\/\/api.w.org\/{rel}","templated":true}]}}