{"id":14089,"date":"2026-03-29T11:44:13","date_gmt":"2026-03-29T10:44:13","guid":{"rendered":"https:\/\/bigbuy.tupique.com\/produto\/wall-mounted-rack-cabinet-startech-rk9walm\/"},"modified":"2026-04-14T23:39:25","modified_gmt":"2026-04-14T22:39:25","slug":"wall-mounted-rack-cabinet-startech-rk9walm","status":"publish","type":"product","link":"https:\/\/bigbuy.tupique.com\/es\/produto\/wall-mounted-rack-cabinet-startech-rk9walm\/","title":{"rendered":"Armoire Murale Rack Startech RK9WALM"},"content":{"rendered":"<p>Si vous \u00eates passionn\u00e9 d&#8217;<b>informatique et d&#8217;\u00e9lectronique<\/b>, si vous \u00eates \u00e0 la pointe de la technologie et qu&#8217;aucun d\u00e9tail ne vous \u00e9chappe, achetez <b>Armoire Murale Rack Startech RK9WALM<\/b> au meilleur prix.<\/p>\n<ul>\n<li>Largeur: 60 cm<\/li>\n<li>Couleur: Noir<\/li>\n<li>Mati\u00e8re: Acier<\/li>\n<li>Profondeur: 450 mm<\/li>\n<li>Poids Max. support\u00e9: 90 Kg<\/li>\n<li>Ann\u00e9e: 2017<\/li>\n<li>Connexions: SATA<\/li>\n<li>Type d&#8217;installation: Montage mural<\/li>\n<\/ul>","protected":false},"excerpt":{"rendered":"<p><span class=\"unit-info\">37.1100 &euro; \/ 1 unit<\/span><\/p>","protected":false},"featured_media":14087,"comment_status":"open","ping_status":"closed","template":"","meta":[],"product_brand":[634],"product_cat":[605,65,584],"product_tag":[106],"class_list":{"0":"post-14089","1":"product","2":"type-product","3":"status-publish","4":"has-post-thumbnail","6":"product_brand-brandp_4771","7":"product_cat-armoires-rack","8":"product_cat-informatique-electronique","9":"product_cat-informatique-reseaux-et-composants","10":"product_tag-tag_1295","12":"first","13":"instock","14":"taxable","15":"shipping-taxable","16":"purchasable","17":"product-type-simple"},"_links":{"self":[{"href":"https:\/\/bigbuy.tupique.com\/es\/wp-json\/wp\/v2\/product\/14089","targetHints":{"allow":["GET"]}}],"collection":[{"href":"https:\/\/bigbuy.tupique.com\/es\/wp-json\/wp\/v2\/product"}],"about":[{"href":"https:\/\/bigbuy.tupique.com\/es\/wp-json\/wp\/v2\/types\/product"}],"replies":[{"embeddable":true,"href":"https:\/\/bigbuy.tupique.com\/es\/wp-json\/wp\/v2\/comments?post=14089"}],"wp:featuredmedia":[{"embeddable":true,"href":"https:\/\/bigbuy.tupique.com\/es\/wp-json\/wp\/v2\/media\/14087"}],"wp:attachment":[{"href":"https:\/\/bigbuy.tupique.com\/es\/wp-json\/wp\/v2\/media?parent=14089"}],"wp:term":[{"taxonomy":"product_brand","embeddable":true,"href":"https:\/\/bigbuy.tupique.com\/es\/wp-json\/wp\/v2\/product_brand?post=14089"},{"taxonomy":"product_cat","embeddable":true,"href":"https:\/\/bigbuy.tupique.com\/es\/wp-json\/wp\/v2\/product_cat?post=14089"},{"taxonomy":"product_tag","embeddable":true,"href":"https:\/\/bigbuy.tupique.com\/es\/wp-json\/wp\/v2\/product_tag?post=14089"}],"curies":[{"name":"wp","href":"https:\/\/api.w.org\/{rel}","templated":true}]}}