{"id":14070,"date":"2026-03-29T11:43:46","date_gmt":"2026-03-29T10:43:46","guid":{"rendered":"https:\/\/bigbuy.tupique.com\/produto\/uninterruptible-power-supply-system-interactive-ups-eaton-elp1600din\/"},"modified":"2026-04-16T12:05:38","modified_gmt":"2026-04-16T11:05:38","slug":"uninterruptible-power-supply-system-interactive-ups-eaton-elp1600din","status":"publish","type":"product","link":"https:\/\/bigbuy.tupique.com\/es\/produto\/uninterruptible-power-supply-system-interactive-ups-eaton-elp1600din\/","title":{"rendered":"Syst\u00e8me d&#8217;Alimentation Sans Interruption Interactif Eaton ELP1600DIN"},"content":{"rendered":"<p>Si vous \u00eates passionn\u00e9 d&#8217;<b>informatique et d&#8217;\u00e9lectronique<\/b>, si vous \u00eates \u00e0 la pointe de la technologie et qu&#8217;aucun d\u00e9tail ne vous \u00e9chappe, achetez <b>Syst\u00e8me d&#8217;Alimentation Sans Interruption Interactif Eaton ELP1600DIN          <\/b> au meilleur prix.<\/p>\n<p>Le <b>Eaton ELP1600DIN<\/b> est un <b>onduleur interactif<\/b> haute performance con\u00e7u pour prot\u00e9ger postes de travail et \u00e9quipements \u00e9lectroniques contre les coupures et fluctuations d\u2019\u00e9nergie. Il offre une <b>puissance de sortie de 1000 W<\/b> et une capacit\u00e9 de <b>1,6 kVA<\/b>, garantissant une autonomie adapt\u00e9e aux applications moyennement exigeantes. Ce mod\u00e8le utilise une technologie de batterie <b>VRLA (Sealed Lead Acid)<\/b>, fournissant une source fiable avec une autonomie typique de 9 minutes \u00e0 charge moyenne. Sa <b>topologie en ligne interactive<\/b> assure une r\u00e9gulation efficace de la tension, r\u00e9duisant les interruptions et prot\u00e9geant les appareils connect\u00e9s. \u00c9quip\u00e9 d\u2019un <b>\u00e9cran LCD<\/b>, l\u2019Eaton ELP1600DIN affiche en temps r\u00e9el l\u2019\u00e9tat du syst\u00e8me, facilitant son suivi et sa gestion. Parmi ses points forts figurent les <b>8 sorties AC type F avec connecteurs C14<\/b>, permettant de brancher plusieurs appareils simultan\u00e9ment. Il int\u00e8gre \u00e9galement des prises de sortie <b>EcoControl<\/b> qui contribuent \u00e0 une \u00e9conomie d\u2019\u00e9nergie jusqu\u2019\u00e0 20 %, optimisant la consommation sans compromettre la s\u00e9curit\u00e9. Son <b>format Tower<\/b> et sa compatibilit\u00e9 avec un montage en rack 2U offrent une flexibilit\u00e9 d\u2019installation, alliant fonctionnalit\u00e9 et organisation. Cet \u00e9quipement respecte strictement les normes de s\u00e9curit\u00e9 <b>IEC\/EN 62040-1, IEC\/EN 62040-2, CB et CE<\/b>, garantissant qualit\u00e9 et conformit\u00e9 internationale. Sa finition en <b>noir et mat\u00e9riaux comme l\u2019aluminium<\/b> assure robustesse et un design sobre adapt\u00e9 aux environnements professionnels. Il comprend aussi des fonctions pratiques telles que le <b>d\u00e9marrage \u00e0 froid<\/b> et un <b>indicateur de surcharge<\/b> pour prot\u00e9ger l\u2019appareil et prolonger sa dur\u00e9e de vie. En r\u00e9sum\u00e9, l\u2019Eaton ELP1600DIN est une solution robuste et \u00e9quilibr\u00e9e qui combine technologie avanc\u00e9e et efficacit\u00e9 \u00e9nerg\u00e9tique pour offrir une protection fiable et durable dans les environnements informatiques et de bureau.<\/p>\n<ul>\n<li>Technologie:\n<ul>\n<li>LCD<\/li>\n<li>VRLA<\/li>\n<\/ul>\n<\/li>\n<li>Produit \u00e0 brancher: Oui<\/li>\n<li>Type de prise:\n<ul>\n<li>Prise EU<\/li>\n<li>F<\/li>\n<\/ul>\n<\/li>\n<li>Type:\n<ul>\n<li>Tour<\/li>\n<li>Syst\u00e8me d&#8217;Alimentation Sans Interruption Interactif<\/li>\n<\/ul>\n<\/li>\n<li>Unit\u00e9s: 2 Unit\u00e9s<\/li>\n<li>Bloc d\u2019Alimentation: r\u00e9seau \u00e9lectrique<\/li>\n<li>Couleur: Noir<\/li>\n<li>Connexions:\n<ul>\n<li>USB 2.0<\/li>\n<li>C14 x 1<\/li>\n<li>AC x 8<\/li>\n<li>RJ45<\/li>\n<li>SATA<\/li>\n<li>C14<\/li>\n<\/ul>\n<\/li>\n<li>puissance: 1000 W<\/li>\n<li>Tension:\n<ul>\n<li>230 V<\/li>\n<li>220 V<\/li>\n<\/ul>\n<\/li>\n<li>Fr\u00e9quence: 50\/60 Hz<\/li>\n<li>Mati\u00e8re: Aluminium<\/li>\n<li>Caract\u00e9ristiques:\n<ul>\n<li>\u00c9cran LCD<\/li>\n<li>Interactif<\/li>\n<li>D\u00e9marrage \u00e0 froid<\/li>\n<li>Indicateur de surcharge<\/li>\n<li>T\u00e9moin de fonctionnement LED<\/li>\n<\/ul>\n<\/li>\n<li>Tension de sortie: 240 V<\/li>\n<li>Facteur de forme: Tower<\/li>\n<li>Long: 39 cm<\/li>\n<\/ul>","protected":false},"excerpt":{"rendered":"<p><span class=\"unit-info\">249.9950 &euro; \/ 1 unit<\/span><\/p>","protected":false},"featured_media":14068,"comment_status":"open","ping_status":"closed","template":"","meta":[],"product_brand":[652],"product_cat":[65,581,603],"product_tag":[106],"class_list":{"0":"post-14070","1":"product","2":"type-product","3":"status-publish","4":"has-post-thumbnail","6":"product_brand-brandp_4815","7":"product_cat-informatique-electronique","8":"product_cat-informatique-peripheriques-et-consommables","9":"product_cat-ups","10":"product_tag-tag_1295","12":"first","13":"instock","14":"taxable","15":"shipping-taxable","16":"purchasable","17":"product-type-simple"},"_links":{"self":[{"href":"https:\/\/bigbuy.tupique.com\/es\/wp-json\/wp\/v2\/product\/14070","targetHints":{"allow":["GET"]}}],"collection":[{"href":"https:\/\/bigbuy.tupique.com\/es\/wp-json\/wp\/v2\/product"}],"about":[{"href":"https:\/\/bigbuy.tupique.com\/es\/wp-json\/wp\/v2\/types\/product"}],"replies":[{"embeddable":true,"href":"https:\/\/bigbuy.tupique.com\/es\/wp-json\/wp\/v2\/comments?post=14070"}],"wp:featuredmedia":[{"embeddable":true,"href":"https:\/\/bigbuy.tupique.com\/es\/wp-json\/wp\/v2\/media\/14068"}],"wp:attachment":[{"href":"https:\/\/bigbuy.tupique.com\/es\/wp-json\/wp\/v2\/media?parent=14070"}],"wp:term":[{"taxonomy":"product_brand","embeddable":true,"href":"https:\/\/bigbuy.tupique.com\/es\/wp-json\/wp\/v2\/product_brand?post=14070"},{"taxonomy":"product_cat","embeddable":true,"href":"https:\/\/bigbuy.tupique.com\/es\/wp-json\/wp\/v2\/product_cat?post=14070"},{"taxonomy":"product_tag","embeddable":true,"href":"https:\/\/bigbuy.tupique.com\/es\/wp-json\/wp\/v2\/product_tag?post=14070"}],"curies":[{"name":"wp","href":"https:\/\/api.w.org\/{rel}","templated":true}]}}