{"id":14042,"date":"2026-03-29T11:43:15","date_gmt":"2026-03-29T10:43:15","guid":{"rendered":"https:\/\/bigbuy.tupique.com\/produto\/uninterruptible-power-supply-system-interactive-ups-riello-sdh-1500\/"},"modified":"2026-04-14T23:39:19","modified_gmt":"2026-04-14T22:39:19","slug":"uninterruptible-power-supply-system-interactive-ups-riello-sdh-1500","status":"publish","type":"product","link":"https:\/\/bigbuy.tupique.com\/es\/produto\/uninterruptible-power-supply-system-interactive-ups-riello-sdh-1500\/","title":{"rendered":"Syst\u00e8me d&#8217;Alimentation Sans Interruption Interactif Riello SDH 1500"},"content":{"rendered":"<p>Si vous \u00eates passionn\u00e9 d&#8217;<b>informatique et d&#8217;\u00e9lectronique<\/b>, si vous \u00eates \u00e0 la pointe de la technologie et qu&#8217;aucun d\u00e9tail ne vous \u00e9chappe, achetez <b>Syst\u00e8me d&#8217;Alimentation Sans Interruption Interactif Riello SDH 1500            <\/b> au meilleur prix.<\/p>\n<p>Le <b>Riello SDH 1500<\/b> est un <b>onduleur interactif<\/b> \u00e0 haute efficacit\u00e9 con\u00e7u pour offrir une protection et une alimentation fiables dans des environnements professionnels et critiques. Avec une <b>puissance de sortie de 1500 VA<\/b> (1350 W) et un format compact de seulement <b>2U de hauteur<\/b>, ce mod\u00e8le est id\u00e9al pour une int\u00e9gration dans des racks standards 19\u201d, alliant robustesse et polyvalence. Son architecture \u00e0 double conversion On Line (technologie VFI) garantit une <b>tension filtr\u00e9e, stabilis\u00e9e et de qualit\u00e9 optimale<\/b>, m\u00eame face \u00e0 des charges d\u00e9formantes ou des variations du r\u00e9seau, offrant un facteur de puissance proche de 1 et une efficacit\u00e9 de 92 % en fonctionnement continu. Il est \u00e9quip\u00e9 de batteries <b>VRLA plomb \u00e9tanche<\/b> permettant des temps d\u2019autonomie prolong\u00e9s et une recharge rapide en 4 heures, ainsi qu\u2019un remplacement \u00e0 chaud (Hot Swap) assurant une continuit\u00e9 sans interruption. Cet appareil propose <b>8 sorties AC avec connecteurs C13 et C14<\/b>, adapt\u00e9es pour alimenter serveurs, syst\u00e8mes de stockage, t\u00e9l\u00e9phonie VoIP, et \u00e9quipements m\u00e9dicaux ou industriels, capables de g\u00e9rer des charges \u00e0 fort facteur de cr\u00eate (jusqu\u2019\u00e0 3:1). Parmi ses fonctions, il offre un contr\u00f4le programmable via logiciel ou panneau LCD int\u00e9gr\u00e9, facilitant la configuration des modes de fonctionnement tels que On Line, ECO Mode, Smart Active, ainsi que le mode secours ou convertisseur de fr\u00e9quence, s\u2019adaptant \u00e0 divers besoins de gestion \u00e9nerg\u00e9tique et d\u2019\u00e9conomie. L\u2019onduleur dispose de <b>ports RS232, USB et emplacement pour cartes de communication<\/b> compatibles avec les protocoles Modbus, SNMP et TCP\/IP, permettant l\u2019int\u00e9gration dans des syst\u00e8mes avanc\u00e9s de supervision, arr\u00eat s\u00e9curis\u00e9 et monitoring sur plusieurs plateformes, dont Windows, Linux, Mac OS et VMware. Pesant environ 18 kg et de couleur noire, il int\u00e8gre un syst\u00e8me de refroidissement actif contr\u00f4l\u00e9 num\u00e9riquement pour maintenir un faible niveau sonore et \u00e9viter la surchauffe jusqu\u2019\u00e0 40 \u00baC, garantissant fiabilit\u00e9 et performance en environnements exigeants. La protection inclut un interrupteur thermique, une protection contre le retour d\u2019\u00e9nergie et un bypass automatique sans coupure, assurant s\u00e9curit\u00e9 et stabilit\u00e9 maximales pour les \u00e9quipements connect\u00e9s. Son design fonctionnel, moderne et robuste, associ\u00e9 \u00e0 la qualit\u00e9 reconnue de Riello, garantit une solution flexible et fiable pour la continuit\u00e9 op\u00e9rationnelle des entreprises moyennes et grandes. Ce mod\u00e8le constitue une option technique solide pour les environnements n\u00e9cessitant une protection avanc\u00e9e avec une installation et maintenance facilit\u00e9es.<\/p>\n<ul>\n<li>Technologie:\n<ul>\n<li>LCD<\/li>\n<li>VRLA<\/li>\n<\/ul>\n<\/li>\n<li>Produit \u00e0 brancher: Oui<\/li>\n<li>Type de prise: Prise EU<\/li>\n<li>Type:\n<ul>\n<li>Syst\u00e8me d&#8217;Alimentation Sans Interruption Interactif<\/li>\n<li>C13<\/li>\n<\/ul>\n<\/li>\n<li>Bloc d\u2019Alimentation: r\u00e9seau \u00e9lectrique<\/li>\n<li>Couleur: Noir<\/li>\n<li>Connexions:\n<ul>\n<li>C14 x 1<\/li>\n<li>AC x 8<\/li>\n<\/ul>\n<\/li>\n<li>Fr\u00e9quence: 50\/60 Hz<\/li>\n<li>Poids approx.: 18 kg<\/li>\n<\/ul>","protected":false},"excerpt":{"rendered":"<p>Si vous \u00eates passionn\u00e9 d&#8217;informatique et d&#8217;\u00e9lectronique, si vous \u00eates \u00e0 la pointe de la technologie et qu&#8217;aucun d\u00e9tail ne vous \u00e9chappe, achetez Syst\u00e8me d&#8217;Alimentation Sans Interruption Interactif Riello SDH 1500 au meilleur prix. Le Riello SDH 1500 est un onduleur interactif \u00e0 haute efficacit\u00e9 con\u00e7u pour offrir une protection et une alimentation fiables dans [&hellip;]<\/p>\n","protected":false},"featured_media":57911,"comment_status":"open","ping_status":"closed","template":"","meta":[],"product_brand":[651],"product_cat":[65,581,603],"product_tag":[106],"class_list":{"0":"post-14042","1":"product","2":"type-product","3":"status-publish","4":"has-post-thumbnail","6":"product_brand-brandp_4825","7":"product_cat-informatique-electronique","8":"product_cat-informatique-peripheriques-et-consommables","9":"product_cat-ups","10":"product_tag-tag_1295","12":"first","13":"instock","14":"taxable","15":"shipping-taxable","16":"purchasable","17":"product-type-simple"},"_links":{"self":[{"href":"https:\/\/bigbuy.tupique.com\/es\/wp-json\/wp\/v2\/product\/14042","targetHints":{"allow":["GET"]}}],"collection":[{"href":"https:\/\/bigbuy.tupique.com\/es\/wp-json\/wp\/v2\/product"}],"about":[{"href":"https:\/\/bigbuy.tupique.com\/es\/wp-json\/wp\/v2\/types\/product"}],"replies":[{"embeddable":true,"href":"https:\/\/bigbuy.tupique.com\/es\/wp-json\/wp\/v2\/comments?post=14042"}],"wp:featuredmedia":[{"embeddable":true,"href":"https:\/\/bigbuy.tupique.com\/es\/wp-json\/wp\/v2\/media\/57911"}],"wp:attachment":[{"href":"https:\/\/bigbuy.tupique.com\/es\/wp-json\/wp\/v2\/media?parent=14042"}],"wp:term":[{"taxonomy":"product_brand","embeddable":true,"href":"https:\/\/bigbuy.tupique.com\/es\/wp-json\/wp\/v2\/product_brand?post=14042"},{"taxonomy":"product_cat","embeddable":true,"href":"https:\/\/bigbuy.tupique.com\/es\/wp-json\/wp\/v2\/product_cat?post=14042"},{"taxonomy":"product_tag","embeddable":true,"href":"https:\/\/bigbuy.tupique.com\/es\/wp-json\/wp\/v2\/product_tag?post=14042"}],"curies":[{"name":"wp","href":"https:\/\/api.w.org\/{rel}","templated":true}]}}