{"id":14020,"date":"2026-03-29T11:42:47","date_gmt":"2026-03-29T10:42:47","guid":{"rendered":"https:\/\/bigbuy.tupique.com\/produto\/uninterruptible-power-supply-system-interactive-ups-salicru-699ca000013\/"},"modified":"2026-04-14T23:39:16","modified_gmt":"2026-04-14T22:39:16","slug":"uninterruptible-power-supply-system-interactive-ups-salicru-699ca000013","status":"publish","type":"product","link":"https:\/\/bigbuy.tupique.com\/es\/produto\/uninterruptible-power-supply-system-interactive-ups-salicru-699ca000013\/","title":{"rendered":"Syst\u00e8me d&#8217;Alimentation Sans Interruption Interactif Salicru 699CA000013"},"content":{"rendered":"<p>Si vous \u00eates passionn\u00e9 d&#8217;<b>informatique et d&#8217;\u00e9lectronique<\/b>, si vous \u00eates \u00e0 la pointe de la technologie et qu&#8217;aucun d\u00e9tail ne vous \u00e9chappe, achetez <b>Syst\u00e8me d&#8217;Alimentation Sans Interruption Interactif Salicru 699CA000013         <\/b> au meilleur prix.<\/p>\n<ul>\n<li>Technologie: LCD<\/li>\n<li>Produit \u00e0 brancher: Oui<\/li>\n<li>Type de prise: Prise EU<\/li>\n<li>puissance:\n<ul>\n<li>900 W<\/li>\n<li>1000 VA<\/li>\n<\/ul>\n<\/li>\n<li>Type:\n<ul>\n<li>Tour<\/li>\n<li>Syst\u00e8me d&#8217;Alimentation Sans Interruption Interactif<\/li>\n<li>Protection contre la surcharge de courant<\/li>\n<\/ul>\n<\/li>\n<li>Temps de charge approx.: 4 heures<\/li>\n<li>Bloc d\u2019Alimentation: r\u00e9seau \u00e9lectrique<\/li>\n<li>Couleur: Noir<\/li>\n<li>Connexions:\n<ul>\n<li>USB 2.0<\/li>\n<li>AC x 4<\/li>\n<li>USB<\/li>\n<\/ul>\n<\/li>\n<li>Fr\u00e9quence: 50\/60 Hz<\/li>\n<li>Niveau sonore: 49 dB<\/li>\n<li>Caract\u00e9ristiques:\n<ul>\n<li>\u00c9cran LCD<\/li>\n<li>Alarme<\/li>\n<li>Ventilateur int\u00e9gr\u00e9<\/li>\n<li>T\u00e9moin LED<\/li>\n<li>Indicateur de surcharge<\/li>\n<\/ul>\n<\/li>\n<li>Ann\u00e9e: 2017<\/li>\n<li>Tension:\n<ul>\n<li>220 V<\/li>\n<li>230 V<\/li>\n<\/ul>\n<\/li>\n<li>Tension de sortie: 240 V<\/li>\n<li>Tension d&#8217;entr\u00e9e AC: 240 V<\/li>\n<li>Fonctions: ECO<\/li>\n<li>Amp\u00e9rage: 2 A<\/li>\n<li>Facteur de forme: Tower<\/li>\n<\/ul>\n<p><\/p>\n<p>La gamme SLC TWIN PRO2 de Salicru est un syst\u00e8me d&#8217;alimentation ininterrompue (SAI\/UPS) de technologie On-line \u00e0 double conversion au format tour qui int\u00e8gre les toutes derni\u00e8res prestations afin de le convertir en un syst\u00e8me de protection avanc\u00e9e pour les charges sensibles et critiques. Facteur de puissance de sortie \u00e9lev\u00e9 (FP = 0,9) qui permet de garantir une disponibilit\u00e9 pour tous les types de charges. Contr\u00f4le total au moyen des informations d&#8217;\u00e9tat via display LCD et clavier. Mais \u00e9galement de nombreuses options de monitorage et de communication gr\u00e2ce \u00e0 l&#8217;interface USB HID int\u00e9gr\u00e9e, le slot intelligent pour cartes de communication SNMP ou relais, et une vaste gamme de paquets de logiciels disponibles ; version gratuite de monitorage t\u00e9l\u00e9chargeable pour Windows, Linux, Unix et Mac et paquets disponibles pour multiserveurs ou syst\u00e8mes virtuels. Toutes les installations exigeant un temps de back-up plus important peuvent b\u00e9n\u00e9ficier d&#8217;une plus grande autonomie gr\u00e2ce aux onduleurs avec chargeur suppl\u00e9mentaire et aux modules de batteries suppl\u00e9mentaires. Souligner \u00e9galement la possibilit\u00e9 de fonctionnement en Eco-mode qui permet d&#8217;optimiser l&#8217;efficacit\u00e9 du syst\u00e8me, mais \u00e9galement les fonctionnalit\u00e9s EPO (arr\u00eat d&#8217;urgence), le fonctionnement avec convertisseur de fr\u00e9quence et le test de batteries incorpor\u00e9. La gamme de puissances offerte par la s\u00e9rie SLC TWIN PRO2 de Salicru est de 700, 1000, 1500, 2000 et 3000 VA.<\/p>\n<p><\/p>\n<ul>\n<li>Topologie UPS: Double-conversion (en ligne)<\/li>\n<li>capacit\u00e9 de la puissance de sortie: 1000 VA<\/li>\n<li>Puissance de sortie: 900 W<\/li>\n<li>Forme d&#8217;onde: Pure sine<\/li>\n<li>Tension de voltage \u00e0 l&#8217;entr\u00e9e (min): 220 V<\/li>\n<li>Tension de voltage \u00e0 l&#8217;entr\u00e9e (max): 240 V<\/li>\n<li>Fr\u00e9quence d&#8217;entr\u00e9e: 50\/60 Hz<\/li>\n<li>tension de voltage \u00e0 la sortie (min): 220 V<\/li>\n<li>Tension de voltage \u00e0 la sortie (max): 240 V<\/li>\n<li>R\u00e9gulation de la fr\u00e9quence de sortie: 0.05 Hz<\/li>\n<li>R\u00e9gulation de la tension de sortie: 1%<\/li>\n<li>Nombre de phases d&#8217;entr\u00e9e: 1<\/li>\n<li>Nombre de phases de sortie: 1<\/li>\n<li>Efficacit\u00e9 (monde En ligne): 92%<\/li>\n<li>Rendement (Mode ECO): 98%<\/li>\n<li>Facteur de puissance d&#8217;entr\u00e9e: 0,99<\/li>\n<li>Facteur de puissance de sortie: 0,9<\/li>\n<li>Le mode ECO: Oui<\/li>\n<li>Bouton de coupure d&#8217;urgence d&#8217;alimentation (EPO): Oui<\/li>\n<li>Capacit\u00e9 en surcharge (1 minute): 130%<\/li>\n<li>Tension de sortie THD: 2%<\/li>\n<li>Courant d&#8217;entr\u00e9e THD: 2%<\/li>\n<li>Niveau sonore: 49 dB<\/li>\n<li>Protection contre les surtensions: Oui<\/li>\n<li>Dispositifs de protection \u00e9lectrique: Sur-courant, Court-circuit, Sous-courant, Sous-tension<\/li>\n<li>Alarmes sonores: Oui<\/li>\n<li>Modes d&#8217;alarme sonore: Panne, Alarme de batterie faible, Alarme de surcharge, Remplacement de batterie<\/li>\n<li>Types de sortie AC: Coupleur C13, IEC Jumpers<\/li>\n<li>Prise m\u00e2le: Coupleur C19<\/li>\n<li>Nombre de prises en sortie: 4 sortie(s) CA<\/li>\n<li>Nombre de sorties IEC jumpers: 4<\/li>\n<li>Port USB: Oui<\/li>\n<li>Quantit\u00e9 de Ports USB 2.0: 1<\/li>\n<li>Connecteur de coupure d&#8217;alimentation d&#8217;urgence: Oui<\/li>\n<li>Technologie batterie: Plomb-Calcium (Pb-Ca)<\/li>\n<li>Temps de rechargement de la batterie: 4 h<\/li>\n<li>Test de batterie automatique: Oui<\/li>\n<li>Le mode arr\u00eat en charge: Oui<\/li>\n<li>Format: Tower<\/li>\n<li>Couleur du produit: Noir<\/li>\n<li>Type de refroidissement: Actif<\/li>\n<li>Ventilateur int\u00e9gr\u00e9: Oui<\/li>\n<li>Voyants: Remplacement de batterie<\/li>\n<li>\u00c9cran: LCD<\/li>\n<li>S\u00e9curit\u00e9: EN 62040-1:2008+A1:2013<\/li>\n<li>Temp\u00e9rature d&#8217;op\u00e9ration: 0 &#8211; 40 \u00b0C<\/li>\n<li>Taux d&#8217;humidit\u00e9 de fonctionnement: 0 &#8211; 95%<\/li>\n<li>Altitude de fonctionnement: 0 &#8211; 5000 m<\/li>\n<li>Largeur: 144 mm<\/li>\n<li>Profondeur: 356 mm<\/li>\n<li>Hauteur: 228 mm<\/li>\n<li>Poids: 10,2 kg<\/li>\n<li>Logiciels fournis: WinPower<\/li>\n<li>Type de batterie: AGM<\/li>\n<\/ul>","protected":false},"excerpt":{"rendered":"<p>Si vous \u00eates passionn\u00e9 d&#8217;informatique et d&#8217;\u00e9lectronique, si vous \u00eates \u00e0 la pointe de la technologie et qu&#8217;aucun d\u00e9tail ne vous \u00e9chappe, achetez Syst\u00e8me d&#8217;Alimentation Sans Interruption Interactif Salicru 699CA000013 au meilleur prix. Technologie: LCD Produit \u00e0 brancher: Oui Type de prise: Prise EU puissance: 900 W 1000 VA Type: Tour Syst\u00e8me d&#8217;Alimentation Sans Interruption [&hellip;]<\/p>\n","protected":false},"featured_media":14019,"comment_status":"open","ping_status":"closed","template":"","meta":[],"product_brand":[650],"product_cat":[65,581,603],"product_tag":[106],"class_list":{"0":"post-14020","1":"product","2":"type-product","3":"status-publish","4":"has-post-thumbnail","6":"product_brand-brandp_575","7":"product_cat-informatique-electronique","8":"product_cat-informatique-peripheriques-et-consommables","9":"product_cat-ups","10":"product_tag-tag_1295","12":"first","13":"instock","14":"taxable","15":"shipping-taxable","16":"purchasable","17":"product-type-simple"},"_links":{"self":[{"href":"https:\/\/bigbuy.tupique.com\/es\/wp-json\/wp\/v2\/product\/14020","targetHints":{"allow":["GET"]}}],"collection":[{"href":"https:\/\/bigbuy.tupique.com\/es\/wp-json\/wp\/v2\/product"}],"about":[{"href":"https:\/\/bigbuy.tupique.com\/es\/wp-json\/wp\/v2\/types\/product"}],"replies":[{"embeddable":true,"href":"https:\/\/bigbuy.tupique.com\/es\/wp-json\/wp\/v2\/comments?post=14020"}],"wp:featuredmedia":[{"embeddable":true,"href":"https:\/\/bigbuy.tupique.com\/es\/wp-json\/wp\/v2\/media\/14019"}],"wp:attachment":[{"href":"https:\/\/bigbuy.tupique.com\/es\/wp-json\/wp\/v2\/media?parent=14020"}],"wp:term":[{"taxonomy":"product_brand","embeddable":true,"href":"https:\/\/bigbuy.tupique.com\/es\/wp-json\/wp\/v2\/product_brand?post=14020"},{"taxonomy":"product_cat","embeddable":true,"href":"https:\/\/bigbuy.tupique.com\/es\/wp-json\/wp\/v2\/product_cat?post=14020"},{"taxonomy":"product_tag","embeddable":true,"href":"https:\/\/bigbuy.tupique.com\/es\/wp-json\/wp\/v2\/product_tag?post=14020"}],"curies":[{"name":"wp","href":"https:\/\/api.w.org\/{rel}","templated":true}]}}