{"id":13984,"date":"2026-03-29T11:41:56","date_gmt":"2026-03-29T10:41:56","guid":{"rendered":"https:\/\/bigbuy.tupique.com\/produto\/online-uninterruptible-power-supply-system-ups-salicru-sps-2000-adv-t-1400w\/"},"modified":"2026-04-14T23:39:14","modified_gmt":"2026-04-14T22:39:14","slug":"online-uninterruptible-power-supply-system-ups-salicru-sps-2000-adv-t-1400w","status":"publish","type":"product","link":"https:\/\/bigbuy.tupique.com\/es\/produto\/online-uninterruptible-power-supply-system-ups-salicru-sps-2000-adv-t-1400w\/","title":{"rendered":"Syst\u00e8me d&#8217;Alimentation Sans Interruption Online Salicru SPS 2000 ADV T 1400W"},"content":{"rendered":"<p>Si vous \u00eates passionn\u00e9 d&#8217;<b>informatique et d&#8217;\u00e9lectronique<\/b>, si vous \u00eates \u00e0 la pointe de la technologie et qu&#8217;aucun d\u00e9tail ne vous \u00e9chappe, achetez <b>Syst\u00e8me d&#8217;Alimentation Sans Interruption Online Salicru SPS 2000 ADV T 1400W<\/b> au meilleur prix.<\/p>\n<ul>\n<li>puissance:\n<ul>\n<li>1400 W<\/li>\n<li>2000 VA<\/li>\n<\/ul>\n<\/li>\n<li>tension: 230 V<\/li>\n<li>Fr\u00e9quence:\n<ul>\n<li>50 &#8211; 60 Hz<\/li>\n<li>50\/60 Hz<\/li>\n<\/ul>\n<\/li>\n<li>Niveau sonore: 45 dB<\/li>\n<li>Dimensions approx.: 32,7 x 14 x 19,1 cm<\/li>\n<li>Technologie: LCD<\/li>\n<li>Connexions:\n<ul>\n<li>RS-232<\/li>\n<li>USB 2.0<\/li>\n<li>C14 x 1<\/li>\n<li>AC x 6<\/li>\n<li>USB<\/li>\n<li>RJ45<\/li>\n<li>C14<\/li>\n<\/ul>\n<\/li>\n<li>Type:\n<ul>\n<li>Tour<\/li>\n<li>Syst\u00e8me d&#8217;Alimentation Sans Interruption Online<\/li>\n<li>C13<\/li>\n<\/ul>\n<\/li>\n<li>Couleur: Noir<\/li>\n<li>Largeur:\n<ul>\n<li>140 mm<\/li>\n<li>14 cm<\/li>\n<\/ul>\n<\/li>\n<li>Tension de sortie: 230 V<\/li>\n<li>Caract\u00e9ristiques:\n<ul>\n<li>\u00c9cran LCD<\/li>\n<li>Alarme<\/li>\n<li>Interactif<\/li>\n<li>Ventilateur int\u00e9gr\u00e9<\/li>\n<li>D\u00e9marrage \u00e0 froid<\/li>\n<li>Indicateur de surcharge<\/li>\n<li>Fonctionne \u00e0 piles<\/li>\n<li>T\u00e9moin de fonctionnement LED<\/li>\n<\/ul>\n<\/li>\n<li>Tension: 230 V<\/li>\n<li>Piles incluses: Oui<\/li>\n<li>Entr\u00e9e AC: 50\/60 Hz<\/li>\n<li>Facteur de forme: Tower<\/li>\n<li>Tension d&#8217;entr\u00e9e AC: 290 V<\/li>\n<li>Type de batterie: Litio Ion<\/li>\n<\/ul>","protected":false},"excerpt":{"rendered":"<p>Si vous \u00eates passionn\u00e9 d&#8217;informatique et d&#8217;\u00e9lectronique, si vous \u00eates \u00e0 la pointe de la technologie et qu&#8217;aucun d\u00e9tail ne vous \u00e9chappe, achetez Syst\u00e8me d&#8217;Alimentation Sans Interruption Online Salicru SPS 2000 ADV T 1400W au meilleur prix. puissance: 1400 W 2000 VA tension: 230 V Fr\u00e9quence: 50 &#8211; 60 Hz 50\/60 Hz Niveau sonore: 45 [&hellip;]<\/p>\n","protected":false},"featured_media":13979,"comment_status":"open","ping_status":"closed","template":"","meta":[],"product_brand":[650],"product_cat":[65,581,603],"product_tag":[106],"class_list":{"0":"post-13984","1":"product","2":"type-product","3":"status-publish","4":"has-post-thumbnail","6":"product_brand-brandp_575","7":"product_cat-informatique-electronique","8":"product_cat-informatique-peripheriques-et-consommables","9":"product_cat-ups","10":"product_tag-tag_1295","12":"first","13":"instock","14":"taxable","15":"shipping-taxable","16":"purchasable","17":"product-type-simple"},"_links":{"self":[{"href":"https:\/\/bigbuy.tupique.com\/es\/wp-json\/wp\/v2\/product\/13984","targetHints":{"allow":["GET"]}}],"collection":[{"href":"https:\/\/bigbuy.tupique.com\/es\/wp-json\/wp\/v2\/product"}],"about":[{"href":"https:\/\/bigbuy.tupique.com\/es\/wp-json\/wp\/v2\/types\/product"}],"replies":[{"embeddable":true,"href":"https:\/\/bigbuy.tupique.com\/es\/wp-json\/wp\/v2\/comments?post=13984"}],"wp:featuredmedia":[{"embeddable":true,"href":"https:\/\/bigbuy.tupique.com\/es\/wp-json\/wp\/v2\/media\/13979"}],"wp:attachment":[{"href":"https:\/\/bigbuy.tupique.com\/es\/wp-json\/wp\/v2\/media?parent=13984"}],"wp:term":[{"taxonomy":"product_brand","embeddable":true,"href":"https:\/\/bigbuy.tupique.com\/es\/wp-json\/wp\/v2\/product_brand?post=13984"},{"taxonomy":"product_cat","embeddable":true,"href":"https:\/\/bigbuy.tupique.com\/es\/wp-json\/wp\/v2\/product_cat?post=13984"},{"taxonomy":"product_tag","embeddable":true,"href":"https:\/\/bigbuy.tupique.com\/es\/wp-json\/wp\/v2\/product_tag?post=13984"}],"curies":[{"name":"wp","href":"https:\/\/api.w.org\/{rel}","templated":true}]}}