{"id":13902,"date":"2026-03-29T11:29:45","date_gmt":"2026-03-29T10:29:45","guid":{"rendered":"https:\/\/bigbuy.tupique.com\/produto\/utp-category-6-rigid-network-cable-startech-wir6cmrbk-3048-m-3048-m-black\/"},"modified":"2026-04-14T23:39:04","modified_gmt":"2026-04-14T22:39:04","slug":"utp-category-6-rigid-network-cable-startech-wir6cmrbk-3048-m-3048-m-black","status":"publish","type":"product","link":"https:\/\/bigbuy.tupique.com\/es\/produto\/utp-category-6-rigid-network-cable-startech-wir6cmrbk-3048-m-3048-m-black\/","title":{"rendered":"C\u00e2ble R\u00e9seau Rigide UTP 6\u00e8me Cat\u00e9gorie Startech WIR6CMRBK 304,8 m 304,8 m Noir"},"content":{"rendered":"<p>Si vous \u00eates passionn\u00e9 d&#8217;<b>informatique et d&#8217;\u00e9lectronique<\/b>, si vous \u00eates \u00e0 la pointe de la technologie et qu&#8217;aucun d\u00e9tail ne vous \u00e9chappe, achetez <b>C\u00e2ble R\u00e9seau Rigide UTP 6\u00e8me Cat\u00e9gorie Startech WIR6CMRBK 304,8 m 304,8 m Noir<\/b> au meilleur prix.<\/p>\n<ul>\n<li>Mati\u00e8re: PVC<\/li>\n<li>Type:\n<ul>\n<li>C\u00e2ble r\u00e9seau<\/li>\n<li>Cat6<\/li>\n<\/ul>\n<\/li>\n<li>Connexions:\n<ul>\n<li>Ethernet LAN<\/li>\n<li>RJ45<\/li>\n<\/ul>\n<\/li>\n<li>Couleur: Noir<\/li>\n<li>Mat\u00e9riau conducteur: Cuivre<\/li>\n<li>Caract\u00e9ristiques: Plug and play<\/li>\n<li>Certificat: RoHS<\/li>\n<li>Compatible: PC<\/li>\n<\/ul>","protected":false},"excerpt":{"rendered":"<p>Si vous \u00eates passionn\u00e9 d&#8217;informatique et d&#8217;\u00e9lectronique, si vous \u00eates \u00e0 la pointe de la technologie et qu&#8217;aucun d\u00e9tail ne vous \u00e9chappe, achetez C\u00e2ble R\u00e9seau Rigide UTP 6\u00e8me Cat\u00e9gorie Startech WIR6CMRBK 304,8 m 304,8 m Noir au meilleur prix. Mati\u00e8re: PVC Type: C\u00e2ble r\u00e9seau Cat6 Connexions: Ethernet LAN RJ45 Couleur: Noir Mat\u00e9riau conducteur: Cuivre Caract\u00e9ristiques: [&hellip;]<\/p>\n","protected":false},"featured_media":13901,"comment_status":"open","ping_status":"closed","template":"","meta":[],"product_brand":[634],"product_cat":[599,598,65],"product_tag":[210],"class_list":{"0":"post-13902","1":"product","2":"type-product","3":"status-publish","4":"has-post-thumbnail","6":"product_brand-brandp_4771","7":"product_cat-cables-de-reseaux","8":"product_cat-informatique-cables-et-adaptateurs","9":"product_cat-informatique-electronique","10":"product_tag-tag_25","12":"first","13":"instock","14":"taxable","15":"shipping-taxable","16":"purchasable","17":"product-type-simple"},"_links":{"self":[{"href":"https:\/\/bigbuy.tupique.com\/es\/wp-json\/wp\/v2\/product\/13902","targetHints":{"allow":["GET"]}}],"collection":[{"href":"https:\/\/bigbuy.tupique.com\/es\/wp-json\/wp\/v2\/product"}],"about":[{"href":"https:\/\/bigbuy.tupique.com\/es\/wp-json\/wp\/v2\/types\/product"}],"replies":[{"embeddable":true,"href":"https:\/\/bigbuy.tupique.com\/es\/wp-json\/wp\/v2\/comments?post=13902"}],"wp:featuredmedia":[{"embeddable":true,"href":"https:\/\/bigbuy.tupique.com\/es\/wp-json\/wp\/v2\/media\/13901"}],"wp:attachment":[{"href":"https:\/\/bigbuy.tupique.com\/es\/wp-json\/wp\/v2\/media?parent=13902"}],"wp:term":[{"taxonomy":"product_brand","embeddable":true,"href":"https:\/\/bigbuy.tupique.com\/es\/wp-json\/wp\/v2\/product_brand?post=13902"},{"taxonomy":"product_cat","embeddable":true,"href":"https:\/\/bigbuy.tupique.com\/es\/wp-json\/wp\/v2\/product_cat?post=13902"},{"taxonomy":"product_tag","embeddable":true,"href":"https:\/\/bigbuy.tupique.com\/es\/wp-json\/wp\/v2\/product_tag?post=13902"}],"curies":[{"name":"wp","href":"https:\/\/api.w.org\/{rel}","templated":true}]}}