{"id":13867,"date":"2026-03-29T11:28:58","date_gmt":"2026-03-29T10:28:58","guid":{"rendered":"https:\/\/bigbuy.tupique.com\/produto\/poe-converter-adaptor-axis-t8640\/"},"modified":"2026-04-14T23:38:58","modified_gmt":"2026-04-14T22:38:58","slug":"poe-converter-adaptor-axis-t8640","status":"publish","type":"product","link":"https:\/\/bigbuy.tupique.com\/es\/produto\/poe-converter-adaptor-axis-t8640\/","title":{"rendered":"Adaptateur convertisseur PoE Axis T8640"},"content":{"rendered":"<p>Si vous \u00eates passionn\u00e9 d&#8217;<b>informatique et d&#8217;\u00e9lectronique<\/b>, si vous \u00eates \u00e0 la pointe de la technologie et qu&#8217;aucun d\u00e9tail ne vous \u00e9chappe, achetez <b>Adaptateur convertisseur PoE Axis T8640<\/b> au meilleur prix.<\/p>\n<p>Le <b>convertisseur adaptateur PoE<\/b> <b>Axis 5026-401<\/b> est une solution avanc\u00e9e pour optimiser les infrastructures de vid\u00e9osurveillance, permettant de conserver le c\u00e2blage coaxial existant tout en passant \u00e0 un syst\u00e8me num\u00e9rique moderne. Ce kit, compos\u00e9 des composants <b>AXIS T8641 PoE+ Over Coax Base<\/b> et <b>AXIS T8642 PoE+ Over Coax Device<\/b>, facilite la coexistence entre technologie analogique et num\u00e9rique en fournissant une <b>alimentation via Ethernet (PoE+) standard<\/b> et une alimentation centralis\u00e9e sans n\u00e9cessiter une reconfiguration compl\u00e8te du c\u00e2blage coaxial. L\u2019appareil, au design <b>blanc<\/b> avec connexion <b>RJ45<\/b>, inclut une prise conforme \u00e0 la norme europ\u00e9enne (prise EU) et se distingue par sa polyvalence en int\u00e9grant \u00e0 la fois connectivit\u00e9 coaxiale et Ethernet, id\u00e9al pour les installations longue distance. Il int\u00e8gre \u00e9galement un <b>indicateur LED de fonctionnement<\/b> qui permet un diagnostic visuel simple de l\u2019\u00e9tat r\u00e9seau et alimentation, facilitant la mise en service et la maintenance. Gr\u00e2ce \u00e0 sa capacit\u00e9 \u00e0 ajouter localement l\u2019\u00e9nergie au niveau de l\u2019unit\u00e9, le AXIS 5026-401 maximise l\u2019efficacit\u00e9 \u00e9nerg\u00e9tique et assure une alimentation stable, particuli\u00e8rement utile dans les environnements o\u00f9 la distance ou l\u2019infrastructure limite l\u2019usage traditionnel des c\u00e2bles PoE. Son design robuste et fonctionnel r\u00e9pond aux besoins professionnels en installations de s\u00e9curit\u00e9 et vid\u00e9osurveillance, augmentant la dur\u00e9e de vie et la performance du syst\u00e8me sans n\u00e9cessiter un co\u00fbteux remplacement du c\u00e2blage existant. Dans l\u2019ensemble, cet adaptateur convertisseur Axis se positionne comme un outil technique indispensable pour la modernisation des syst\u00e8mes de s\u00e9curit\u00e9 bas\u00e9s sur c\u00e2blage coaxial, garantissant compatibilit\u00e9, fiabilit\u00e9 et facilit\u00e9 d\u2019installation.<\/p>\n<ul>\n<li>Connexions:\n<ul>\n<li>Coaxial<\/li>\n<li>RJ45<\/li>\n<\/ul>\n<\/li>\n<li>Produit \u00e0 brancher: Oui<\/li>\n<li>Type de prise: Prise EU<\/li>\n<li>Type: Adaptateur convertisseur PoE<\/li>\n<li>Bloc d\u2019Alimentation: r\u00e9seau \u00e9lectrique<\/li>\n<li>Couleur: Blanc<\/li>\n<li>Caract\u00e9ristiques: T\u00e9moin de fonctionnement LED<\/li>\n<\/ul>","protected":false},"excerpt":{"rendered":"<p>Si vous \u00eates passionn\u00e9 d&#8217;informatique et d&#8217;\u00e9lectronique, si vous \u00eates \u00e0 la pointe de la technologie et qu&#8217;aucun d\u00e9tail ne vous \u00e9chappe, achetez Adaptateur convertisseur PoE Axis T8640 au meilleur prix. Le convertisseur adaptateur PoE Axis 5026-401 est une solution avanc\u00e9e pour optimiser les infrastructures de vid\u00e9osurveillance, permettant de conserver le c\u00e2blage coaxial existant tout [&hellip;]<\/p>\n","protected":false},"featured_media":13866,"comment_status":"open","ping_status":"closed","template":"","meta":[],"product_brand":[645],"product_cat":[596,589,65],"product_tag":[],"class_list":{"0":"post-13867","1":"product","2":"type-product","3":"status-publish","4":"has-post-thumbnail","6":"product_brand-brandp_4776","7":"product_cat-cables-audio-et-video","8":"product_cat-electronique-television","9":"product_cat-informatique-electronique","11":"first","12":"instock","13":"taxable","14":"shipping-taxable","15":"purchasable","16":"product-type-simple"},"_links":{"self":[{"href":"https:\/\/bigbuy.tupique.com\/es\/wp-json\/wp\/v2\/product\/13867","targetHints":{"allow":["GET"]}}],"collection":[{"href":"https:\/\/bigbuy.tupique.com\/es\/wp-json\/wp\/v2\/product"}],"about":[{"href":"https:\/\/bigbuy.tupique.com\/es\/wp-json\/wp\/v2\/types\/product"}],"replies":[{"embeddable":true,"href":"https:\/\/bigbuy.tupique.com\/es\/wp-json\/wp\/v2\/comments?post=13867"}],"wp:featuredmedia":[{"embeddable":true,"href":"https:\/\/bigbuy.tupique.com\/es\/wp-json\/wp\/v2\/media\/13866"}],"wp:attachment":[{"href":"https:\/\/bigbuy.tupique.com\/es\/wp-json\/wp\/v2\/media?parent=13867"}],"wp:term":[{"taxonomy":"product_brand","embeddable":true,"href":"https:\/\/bigbuy.tupique.com\/es\/wp-json\/wp\/v2\/product_brand?post=13867"},{"taxonomy":"product_cat","embeddable":true,"href":"https:\/\/bigbuy.tupique.com\/es\/wp-json\/wp\/v2\/product_cat?post=13867"},{"taxonomy":"product_tag","embeddable":true,"href":"https:\/\/bigbuy.tupique.com\/es\/wp-json\/wp\/v2\/product_tag?post=13867"}],"curies":[{"name":"wp","href":"https:\/\/api.w.org\/{rel}","templated":true}]}}