{"id":13804,"date":"2026-03-29T11:27:37","date_gmt":"2026-03-29T10:27:37","guid":{"rendered":"https:\/\/bigbuy.tupique.com\/produto\/external-hard-drive-seagate-stjj5000400-25-5-tb\/"},"modified":"2026-04-16T09:06:02","modified_gmt":"2026-04-16T08:06:02","slug":"external-hard-drive-seagate-stjj5000400-25-5-tb","status":"publish","type":"product","link":"https:\/\/bigbuy.tupique.com\/es\/produto\/external-hard-drive-seagate-stjj5000400-25-5-tb\/","title":{"rendered":"Disque Dur Externe Seagate STJJ5000400 2,5&#8243; 5 TB"},"content":{"rendered":"<p>Si vous \u00eates passionn\u00e9 d&#8217;<b>informatique et d&#8217;\u00e9lectronique<\/b>, si vous \u00eates \u00e0 la pointe de la technologie et qu&#8217;aucun d\u00e9tail ne vous \u00e9chappe, achetez <b>Disque Dur Externe Seagate STJJ5000400 2,5&#8243; 5 TB<\/b> au meilleur prix.<\/p>\n<p>Le <b>LaCie Rugged Mini<\/b> est un <b>disque dur externe<\/b> robuste et polyvalent con\u00e7u pour les utilisateurs n\u00e9cessitant une grande capacit\u00e9 et une r\u00e9sistance dans un format compact. Avec une <b>capacit\u00e9 de stockage de 5 To<\/b> et une taille portable de <b>2,5 pouces<\/b>, il permet de stocker de gros volumes de donn\u00e9es et documents partout en toute s\u00e9r\u00e9nit\u00e9. Ce mod\u00e8le offre une connectivit\u00e9 avanc\u00e9e, incluant des interfaces <b>USB 3.0<\/b> et <b>USB 3.2 premi\u00e8re g\u00e9n\u00e9ration<\/b>, garantissant des vitesses de transfert sup\u00e9rieures \u00e0 l\u2019USB 2.0, avec une bande passante maximale jusqu\u2019\u00e0 5 Gb\/s, facilitant la gestion rapide de fichiers volumineux. De plus, il est compatible avec plusieurs standards modernes tels que <b>USB4, Thunderbolt 3 et Thunderbolt 4<\/b>, assurant une connexion fiable avec la plupart des ordinateurs Windows et macOS. Son design ext\u00e9rieur orange int\u00e8gre une structure sp\u00e9cialement con\u00e7ue pour r\u00e9sister aux chocs, \u00e0 la pluie et \u00e0 la pression, en faisant un appareil id\u00e9al pour les professionnels et utilisateurs mobiles qui exigent un stockage durable et s\u00e9curis\u00e9 en environnements difficiles. Il p\u00e8se seulement <b>0,33 kg<\/b> et son bo\u00eetier compact de <b>135,1 x 86 x 26 mm<\/b> facilite son transport sans sacrifier la robustesse essentielle \u00e0 ce type d\u2019appareils. Le pack comprend l\u2019unit\u00e9 LaCie Rugged Mini 3.0, un c\u00e2ble USB-C pour des connexions polyvalentes, un guide d\u2019installation rapide et le service Rescue Data Recovery, offrant une assistance en r\u00e9cup\u00e9ration de donn\u00e9es en cas de besoin. Pour un usage optimal, il est recommand\u00e9 de disposer d\u2019au moins 600 Mo d\u2019espace libre sur disque et de consulter lacie.com\/os pour les d\u00e9tails de compatibilit\u00e9. Le LaCie Rugged Mini allie la fiabilit\u00e9 d\u2019une marque reconnue aux technologies actuelles de transfert et un design ax\u00e9 sur la protection et la portabilit\u00e9, se positionnant comme un disque dur externe id\u00e9al pour ceux qui recherchent un stockage s\u00fbr et efficace en toute situation.<\/p>\n<ul>\n<li>Technologie: HDD<\/li>\n<li>Disque dur: 5 TB<\/li>\n<li>Type: Disque Dur Externe<\/li>\n<li>Couleur: Orange<\/li>\n<li>Connexions:\n<ul>\n<li>USB 3.2<\/li>\n<li>USB<\/li>\n<\/ul>\n<\/li>\n<li>Inclut: C\u00e2ble USB<\/li>\n<li>Facteur de forme: 2,5&#8243;<\/li>\n<li>vitesse: 130 MB\/s<\/li>\n<li>Taille: 2,5&#8243;<\/li>\n<li>Compatible: Ordinateurs<\/li>\n<\/ul>","protected":false},"excerpt":{"rendered":"<p>Si vous \u00eates passionn\u00e9 d&#8217;informatique et d&#8217;\u00e9lectronique, si vous \u00eates \u00e0 la pointe de la technologie et qu&#8217;aucun d\u00e9tail ne vous \u00e9chappe, achetez Disque Dur Externe Seagate STJJ5000400 2,5&#8243; 5 TB au meilleur prix. Le LaCie Rugged Mini est un disque dur externe robuste et polyvalent con\u00e7u pour les utilisateurs n\u00e9cessitant une grande capacit\u00e9 et [&hellip;]<\/p>\n","protected":false},"featured_media":13803,"comment_status":"open","ping_status":"closed","template":"","meta":[],"product_brand":[641],"product_cat":[588,65,584],"product_tag":[106],"class_list":{"0":"post-13804","1":"product","2":"type-product","3":"status-publish","4":"has-post-thumbnail","6":"product_brand-brandp_578","7":"product_cat-disques-durs","8":"product_cat-informatique-electronique","9":"product_cat-informatique-reseaux-et-composants","10":"product_tag-tag_1295","12":"first","13":"instock","14":"taxable","15":"shipping-taxable","16":"purchasable","17":"product-type-simple"},"_links":{"self":[{"href":"https:\/\/bigbuy.tupique.com\/es\/wp-json\/wp\/v2\/product\/13804","targetHints":{"allow":["GET"]}}],"collection":[{"href":"https:\/\/bigbuy.tupique.com\/es\/wp-json\/wp\/v2\/product"}],"about":[{"href":"https:\/\/bigbuy.tupique.com\/es\/wp-json\/wp\/v2\/types\/product"}],"replies":[{"embeddable":true,"href":"https:\/\/bigbuy.tupique.com\/es\/wp-json\/wp\/v2\/comments?post=13804"}],"wp:featuredmedia":[{"embeddable":true,"href":"https:\/\/bigbuy.tupique.com\/es\/wp-json\/wp\/v2\/media\/13803"}],"wp:attachment":[{"href":"https:\/\/bigbuy.tupique.com\/es\/wp-json\/wp\/v2\/media?parent=13804"}],"wp:term":[{"taxonomy":"product_brand","embeddable":true,"href":"https:\/\/bigbuy.tupique.com\/es\/wp-json\/wp\/v2\/product_brand?post=13804"},{"taxonomy":"product_cat","embeddable":true,"href":"https:\/\/bigbuy.tupique.com\/es\/wp-json\/wp\/v2\/product_cat?post=13804"},{"taxonomy":"product_tag","embeddable":true,"href":"https:\/\/bigbuy.tupique.com\/es\/wp-json\/wp\/v2\/product_tag?post=13804"}],"curies":[{"name":"wp","href":"https:\/\/api.w.org\/{rel}","templated":true}]}}