{"id":13789,"date":"2026-03-29T11:27:18","date_gmt":"2026-03-29T10:27:18","guid":{"rendered":"https:\/\/bigbuy.tupique.com\/produto\/tv-mount-neomounts-plasma-m1200-27-70-42-50-kg\/"},"modified":"2026-04-14T23:38:51","modified_gmt":"2026-04-14T22:38:51","slug":"tv-mount-neomounts-plasma-m1200-27-70-42-50-kg","status":"publish","type":"product","link":"https:\/\/bigbuy.tupique.com\/es\/produto\/tv-mount-neomounts-plasma-m1200-27-70-42-50-kg\/","title":{"rendered":"Support de TV Neomounts PLASMA-M1200 27&#8243; 70&#8243; 42&#8243; 50 kg"},"content":{"rendered":"<p>Si vous \u00eates passionn\u00e9 d&#8217;<b>informatique et d&#8217;\u00e9lectronique<\/b>, si vous \u00eates \u00e0 la pointe de la technologie et qu&#8217;aucun d\u00e9tail ne vous \u00e9chappe, achetez <b>Support de TV Neomounts PLASMA-M1200 27&#8243; 70&#8243; 42&#8243; 50 kg<\/b> au meilleur prix.<\/p>\n<p>Le <b>Neomounts PLASMA-M1200<\/b> est un <b>support TV<\/b> mobile sur pied con\u00e7u pour offrir une solution pratique et polyvalente pour l\u2019installation d\u2019\u00e9crans plats. Compatible avec les \u00e9crans LCD, LED et plasma de <b>27 \u00e0 70 pouces<\/b> (environ 68 \u00e0 178 cm), ce support supporte un poids maximal de <b>50 kg<\/b> et est compatible avec les standards de fixation VESA de <b>200&#215;200 mm \u00e0 600&#215;450 mm<\/b>, facilitant son int\u00e9gration avec une large gamme de t\u00e9l\u00e9viseurs et moniteurs. Sa structure argent\u00e9e comprend une colonne permettant de dissimuler les c\u00e2bles, assurant un aspect soign\u00e9 et professionnel. Dot\u00e9 d\u2019une plage de r\u00e9glage en hauteur de <b>80 \u00e0 120 cm<\/b>, il permet d\u2019adapter l\u2019\u00e9cran \u00e0 la hauteur id\u00e9ale selon les environnements et usages. De plus, le support offre une inclinaison de l\u2019\u00e9cran jusqu\u2019\u00e0 <b>15 degr\u00e9s<\/b>, optimisant l\u2019angle de vue pour am\u00e9liorer l\u2019ergonomie et le confort visuel. Mont\u00e9 sur un chariot \u00e0 <b>quatre roulettes pivotantes<\/b>, dont deux avec frein, il assure mobilit\u00e9 et stabilit\u00e9, facilitant les d\u00e9placements sans risque de mouvement accidentel une fois l\u2019\u00e9cran positionn\u00e9. Son design robuste et portable fait du Neomounts PLASMA-M1200 une option particuli\u00e8rement adapt\u00e9e aux expositions, salles de pr\u00e9sentation, salles de classe ou \u00e9tablissements hospitaliers o\u00f9 flexibilit\u00e9 et mobilit\u00e9 sont essentielles. En r\u00e9sum\u00e9, il s\u2019agit d\u2019un support sur pied fonctionnel offrant confort et fiabilit\u00e9 pour l\u2019installation et l\u2019utilisation d\u2019\u00e9crans grands formats, apportant \u00e0 tout espace une solution pratique pour une visualisation professionnelle.<\/p>\n<ul>\n<li>Type:\n<ul>\n<li>Portable<\/li>\n<li>Support de TV<\/li>\n<li>Support pour le sol<\/li>\n<\/ul>\n<\/li>\n<li>Caract\u00e9ristiques:\n<ul>\n<li>Avec des roues<\/li>\n<li>Hauteur r\u00e9glable<\/li>\n<li>R\u00e9glable<\/li>\n<\/ul>\n<\/li>\n<li>Couleur: Argent\u00e9<\/li>\n<li>Inclut: Vis<\/li>\n<li>Ecran:\n<ul>\n<li>27&#8243;<\/li>\n<li>70&#8243;<\/li>\n<li>42&#8243;<\/li>\n<\/ul>\n<\/li>\n<li>VESA: 20 x 20 cm<\/li>\n<li>Mati\u00e8re: Acier<\/li>\n<li>Poids Max. support\u00e9: 50 kg<\/li>\n<\/ul>","protected":false},"excerpt":{"rendered":"<p>Si vous \u00eates passionn\u00e9 d&#8217;informatique et d&#8217;\u00e9lectronique, si vous \u00eates \u00e0 la pointe de la technologie et qu&#8217;aucun d\u00e9tail ne vous \u00e9chappe, achetez Support de TV Neomounts PLASMA-M1200 27&#8243; 70&#8243; 42&#8243; 50 kg au meilleur prix. Le Neomounts PLASMA-M1200 est un support TV mobile sur pied con\u00e7u pour offrir une solution pratique et polyvalente pour [&hellip;]<\/p>\n","protected":false},"featured_media":13786,"comment_status":"open","ping_status":"closed","template":"","meta":[],"product_brand":[639],"product_cat":[589,65,590],"product_tag":[210],"class_list":{"0":"post-13789","1":"product","2":"type-product","3":"status-publish","4":"has-post-thumbnail","6":"product_brand-brandp_4772","7":"product_cat-electronique-television","8":"product_cat-informatique-electronique","9":"product_cat-supports-de-television","10":"product_tag-tag_25","12":"first","13":"instock","14":"taxable","15":"shipping-taxable","16":"purchasable","17":"product-type-simple"},"_links":{"self":[{"href":"https:\/\/bigbuy.tupique.com\/es\/wp-json\/wp\/v2\/product\/13789","targetHints":{"allow":["GET"]}}],"collection":[{"href":"https:\/\/bigbuy.tupique.com\/es\/wp-json\/wp\/v2\/product"}],"about":[{"href":"https:\/\/bigbuy.tupique.com\/es\/wp-json\/wp\/v2\/types\/product"}],"replies":[{"embeddable":true,"href":"https:\/\/bigbuy.tupique.com\/es\/wp-json\/wp\/v2\/comments?post=13789"}],"wp:featuredmedia":[{"embeddable":true,"href":"https:\/\/bigbuy.tupique.com\/es\/wp-json\/wp\/v2\/media\/13786"}],"wp:attachment":[{"href":"https:\/\/bigbuy.tupique.com\/es\/wp-json\/wp\/v2\/media?parent=13789"}],"wp:term":[{"taxonomy":"product_brand","embeddable":true,"href":"https:\/\/bigbuy.tupique.com\/es\/wp-json\/wp\/v2\/product_brand?post=13789"},{"taxonomy":"product_cat","embeddable":true,"href":"https:\/\/bigbuy.tupique.com\/es\/wp-json\/wp\/v2\/product_cat?post=13789"},{"taxonomy":"product_tag","embeddable":true,"href":"https:\/\/bigbuy.tupique.com\/es\/wp-json\/wp\/v2\/product_tag?post=13789"}],"curies":[{"name":"wp","href":"https:\/\/api.w.org\/{rel}","templated":true}]}}