{"id":13699,"date":"2026-03-29T11:25:09","date_gmt":"2026-03-29T10:25:09","guid":{"rendered":"https:\/\/bigbuy.tupique.com\/produto\/toner-hp-415x-magenta\/"},"modified":"2026-04-14T23:38:42","modified_gmt":"2026-04-14T22:38:42","slug":"toner-hp-415x-magenta","status":"publish","type":"product","link":"https:\/\/bigbuy.tupique.com\/es\/produto\/toner-hp-415x-magenta\/","title":{"rendered":"Toner HP 415X Magenta"},"content":{"rendered":"<p>Si vous \u00eates passionn\u00e9 d&#8217;<b>informatique et d&#8217;\u00e9lectronique<\/b>, si vous \u00eates \u00e0 la pointe de la technologie et qu&#8217;aucun d\u00e9tail ne vous \u00e9chappe, achetez <b>Toner HP 415X Magenta<\/b> au meilleur prix.<\/p>\n<p>Le <b>toner original HP W2033X Magenta<\/b> est un consommable de haute qualit\u00e9 sp\u00e9cialement con\u00e7u pour les imprimantes laser HP, garantissant des r\u00e9sultats professionnels avec une couleur vibrante et uniforme. Ce <b>toner magenta<\/b> utilise une technologie laser avanc\u00e9e, assurant une impression pr\u00e9cise et durable, id\u00e9ale pour les documents et supports n\u00e9cessitant une reproduction fid\u00e8le des couleurs. Compatible avec les appareils HP, ce toner se distingue par sa <b>grande capacit\u00e9 XL<\/b>, permettant d\u2019imprimer un plus grand nombre de pages par rapport aux cartouches standard, optimisant ainsi le co\u00fbt et la fr\u00e9quence de remplacement. Fabriqu\u00e9 selon des normes strictes, il utilise des composants de qualit\u00e9 qui contribuent \u00e0 une impression sans taches ni bavures, tout en prot\u00e9geant le m\u00e9canisme interne de l\u2019imprimante. Sa formulation et son design originaux HP garantissent la meilleure int\u00e9gration avec les \u00e9quipements de la marque, maintenant l\u2019efficacit\u00e9 et prolongeant la dur\u00e9e de vie de l\u2019appareil. Disponible dans une teinte caract\u00e9ristique <b>magenta intense<\/b>, il est particuli\u00e8rement utile pour l\u2019impression de graphiques, textes et photos aux couleurs vives et nettes. Ce produit r\u00e9pond aux besoins des utilisateurs professionnels et particuliers cherchant fiabilit\u00e9 et nettet\u00e9 \u00e0 chaque impression. En r\u00e9sum\u00e9, le toner HP W2033X repr\u00e9sente une solution technique et efficace pour ceux qui valorisent qualit\u00e9 et performance en impression laser couleur.<\/p>\n<ul>\n<li>Type:\n<ul>\n<li>Toner<\/li>\n<li>Original<\/li>\n<\/ul>\n<\/li>\n<li>Couleur: Magenta<\/li>\n<li>Compatible: HP<\/li>\n<li>Technologie: Laser<\/li>\n<li>Unit\u00e9s: 1 Unit\u00e9<\/li>\n<li>Capacit\u00e9: 6000 Pages<\/li>\n<li>Pays \/ r\u00e9gion de fabrication: Japon<\/li>\n<li>Compatible avec: Tissu<\/li>\n<li>Pr\u00e9cision (humidit\u00e9 relative): 20 % &#8211; 80 %<\/li>\n<li>Temp\u00e9rature approximative: -20\u00ba \/ 40\u00ba<\/li>\n<li>Caract\u00e9ristiques: Original<\/li>\n<\/ul>","protected":false},"excerpt":{"rendered":"<p><span class=\"unit-info\">311.9900 &euro; \/ 1 unit<\/span><\/p>","protected":false},"featured_media":13698,"comment_status":"open","ping_status":"closed","template":"","meta":[],"product_brand":[629],"product_cat":[65,581,582],"product_tag":[213,106],"class_list":{"0":"post-13699","1":"product","2":"type-product","3":"status-publish","4":"has-post-thumbnail","6":"product_brand-brandp_1061","7":"product_cat-informatique-electronique","8":"product_cat-informatique-peripheriques-et-consommables","9":"product_cat-toners-originaux","10":"product_tag-tag_933","11":"product_tag-tag_1295","13":"first","14":"instock","15":"taxable","16":"shipping-taxable","17":"purchasable","18":"product-type-simple"},"_links":{"self":[{"href":"https:\/\/bigbuy.tupique.com\/es\/wp-json\/wp\/v2\/product\/13699","targetHints":{"allow":["GET"]}}],"collection":[{"href":"https:\/\/bigbuy.tupique.com\/es\/wp-json\/wp\/v2\/product"}],"about":[{"href":"https:\/\/bigbuy.tupique.com\/es\/wp-json\/wp\/v2\/types\/product"}],"replies":[{"embeddable":true,"href":"https:\/\/bigbuy.tupique.com\/es\/wp-json\/wp\/v2\/comments?post=13699"}],"wp:featuredmedia":[{"embeddable":true,"href":"https:\/\/bigbuy.tupique.com\/es\/wp-json\/wp\/v2\/media\/13698"}],"wp:attachment":[{"href":"https:\/\/bigbuy.tupique.com\/es\/wp-json\/wp\/v2\/media?parent=13699"}],"wp:term":[{"taxonomy":"product_brand","embeddable":true,"href":"https:\/\/bigbuy.tupique.com\/es\/wp-json\/wp\/v2\/product_brand?post=13699"},{"taxonomy":"product_cat","embeddable":true,"href":"https:\/\/bigbuy.tupique.com\/es\/wp-json\/wp\/v2\/product_cat?post=13699"},{"taxonomy":"product_tag","embeddable":true,"href":"https:\/\/bigbuy.tupique.com\/es\/wp-json\/wp\/v2\/product_tag?post=13699"}],"curies":[{"name":"wp","href":"https:\/\/api.w.org\/{rel}","templated":true}]}}