{"id":13692,"date":"2026-03-29T11:24:58","date_gmt":"2026-03-29T10:24:58","guid":{"rendered":"https:\/\/bigbuy.tupique.com\/produto\/cupboard-dkd-home-decor-white-golden-metal-poplar-120-x-50-x-175-cm\/"},"modified":"2026-04-14T23:38:29","modified_gmt":"2026-04-14T22:38:29","slug":"cupboard-dkd-home-decor-white-golden-metal-poplar-120-x-50-x-175-cm","status":"publish","type":"product","link":"https:\/\/bigbuy.tupique.com\/es\/produto\/cupboard-dkd-home-decor-white-golden-metal-poplar-120-x-50-x-175-cm\/","title":{"rendered":"Armoire DKD Home Decor Blanc Dor\u00e9 M\u00e9tal Peuplier 120 x 50 x 175 cm"},"content":{"rendered":"<p>Vous voulez donner une touche d&#8217;originalit\u00e9 \u00e0 votre maison ? Vous y arriverez gr\u00e2ce au <b>Armoire DKD Home Decor Blanc Dor\u00e9 M\u00e9tal Peuplier 120 x 50 x 175 cm<\/b>.<\/p>\n<ul>\n<li>Couleur:\n<ul>\n<li>Blanc<\/li>\n<li>Dor\u00e9<\/li>\n<\/ul>\n<\/li>\n<li>Mat\u00e9riel:\n<ul>\n<li>M\u00e9tal<\/li>\n<li>Peuplier<\/li>\n<\/ul>\n<\/li>\n<li>Tiroirs: 2 tiroirs<\/li>\n<li>Etag\u00e8res: 2 Etag\u00e8res<\/li>\n<li>Dimensions approx.: 120 x 50 x 175 cm<\/li>\n<li>Design:\n<ul>\n<li>Oriental<\/li>\n<li>Laqu\u00e9<\/li>\n<\/ul>\n<\/li>\n<li>\u00c9lev\u00e9: 175 cm<\/li>\n<li>Portes: 2 portes<\/li>\n<li>Type: Armoire<\/li>\n<li>Forme: Rectangulaire<\/li>\n<li>Type d&#8217;installation: Sol<\/li>\n<\/ul>","protected":false},"excerpt":{"rendered":"<p>Vous voulez donner une touche d&#8217;originalit\u00e9 \u00e0 votre maison ? Vous y arriverez gr\u00e2ce au Armoire DKD Home Decor Blanc Dor\u00e9 M\u00e9tal Peuplier 120 x 50 x 175 cm. Couleur: Blanc Dor\u00e9 Mat\u00e9riel: M\u00e9tal Peuplier Tiroirs: 2 tiroirs Etag\u00e8res: 2 Etag\u00e8res Dimensions approx.: 120 x 50 x 175 cm Design: Oriental Laqu\u00e9 \u00c9lev\u00e9: 175 cm [&hellip;]<\/p>\n","protected":false},"featured_media":13683,"comment_status":"open","ping_status":"closed","template":"","meta":[],"product_brand":[263],"product_cat":[578,239,577],"product_tag":[104],"class_list":{"0":"post-13692","1":"product","2":"type-product","3":"status-publish","4":"has-post-thumbnail","6":"product_brand-brandp_3770","7":"product_cat-commodes-coiffeuses-et-armoires","8":"product_cat-maison-jardin","9":"product_cat-mobilier","10":"product_tag-tag_1279","12":"first","13":"instock","14":"taxable","15":"shipping-taxable","16":"purchasable","17":"product-type-simple"},"_links":{"self":[{"href":"https:\/\/bigbuy.tupique.com\/es\/wp-json\/wp\/v2\/product\/13692","targetHints":{"allow":["GET"]}}],"collection":[{"href":"https:\/\/bigbuy.tupique.com\/es\/wp-json\/wp\/v2\/product"}],"about":[{"href":"https:\/\/bigbuy.tupique.com\/es\/wp-json\/wp\/v2\/types\/product"}],"replies":[{"embeddable":true,"href":"https:\/\/bigbuy.tupique.com\/es\/wp-json\/wp\/v2\/comments?post=13692"}],"wp:featuredmedia":[{"embeddable":true,"href":"https:\/\/bigbuy.tupique.com\/es\/wp-json\/wp\/v2\/media\/13683"}],"wp:attachment":[{"href":"https:\/\/bigbuy.tupique.com\/es\/wp-json\/wp\/v2\/media?parent=13692"}],"wp:term":[{"taxonomy":"product_brand","embeddable":true,"href":"https:\/\/bigbuy.tupique.com\/es\/wp-json\/wp\/v2\/product_brand?post=13692"},{"taxonomy":"product_cat","embeddable":true,"href":"https:\/\/bigbuy.tupique.com\/es\/wp-json\/wp\/v2\/product_cat?post=13692"},{"taxonomy":"product_tag","embeddable":true,"href":"https:\/\/bigbuy.tupique.com\/es\/wp-json\/wp\/v2\/product_tag?post=13692"}],"curies":[{"name":"wp","href":"https:\/\/api.w.org\/{rel}","templated":true}]}}