{"id":12698,"date":"2026-03-28T00:20:20","date_gmt":"2026-03-27T23:20:20","guid":{"rendered":"https:\/\/bigbuy.tupique.com\/produto\/ice-cream-maker-ninja\/"},"modified":"2026-04-16T20:16:41","modified_gmt":"2026-04-16T19:16:41","slug":"ice-cream-maker-ninja","status":"publish","type":"product","link":"https:\/\/bigbuy.tupique.com\/es\/produto\/ice-cream-maker-ninja\/","title":{"rendered":"Sorbeti\u00e8re NINJA"},"content":{"rendered":"<p>Si vous \u00eates \u00e0 la recherche de nouvelles tendances sur le march\u00e9, nous vous pr\u00e9sentons <b>Sorbeti\u00e8re NINJA<\/b> !<\/p>","protected":false},"excerpt":{"rendered":"<p><span class=\"unit-info\">94.1646 &euro; \/ 100 ml<\/span><\/p>","protected":false},"featured_media":39955,"comment_status":"open","ping_status":"closed","template":"","meta":[],"product_brand":[287],"product_cat":[60,254,246],"product_tag":[55,59,56],"class_list":{"0":"post-12698","1":"product","2":"type-product","3":"status-publish","4":"has-post-thumbnail","6":"product_brand-brandp_6527","7":"product_cat-cuisine-gourmet","8":"product_cat-machines-a-glaces-et-yaourts","9":"product_cat-patisserie","10":"product_tag-tag_926","11":"product_tag-tag_1304","12":"product_tag-tag_930","14":"first","15":"instock","16":"taxable","17":"shipping-taxable","18":"purchasable","19":"product-type-simple"},"_links":{"self":[{"href":"https:\/\/bigbuy.tupique.com\/es\/wp-json\/wp\/v2\/product\/12698","targetHints":{"allow":["GET"]}}],"collection":[{"href":"https:\/\/bigbuy.tupique.com\/es\/wp-json\/wp\/v2\/product"}],"about":[{"href":"https:\/\/bigbuy.tupique.com\/es\/wp-json\/wp\/v2\/types\/product"}],"replies":[{"embeddable":true,"href":"https:\/\/bigbuy.tupique.com\/es\/wp-json\/wp\/v2\/comments?post=12698"}],"wp:featuredmedia":[{"embeddable":true,"href":"https:\/\/bigbuy.tupique.com\/es\/wp-json\/wp\/v2\/media\/39955"}],"wp:attachment":[{"href":"https:\/\/bigbuy.tupique.com\/es\/wp-json\/wp\/v2\/media?parent=12698"}],"wp:term":[{"taxonomy":"product_brand","embeddable":true,"href":"https:\/\/bigbuy.tupique.com\/es\/wp-json\/wp\/v2\/product_brand?post=12698"},{"taxonomy":"product_cat","embeddable":true,"href":"https:\/\/bigbuy.tupique.com\/es\/wp-json\/wp\/v2\/product_cat?post=12698"},{"taxonomy":"product_tag","embeddable":true,"href":"https:\/\/bigbuy.tupique.com\/es\/wp-json\/wp\/v2\/product_tag?post=12698"}],"curies":[{"name":"wp","href":"https:\/\/api.w.org\/{rel}","templated":true}]}}