{"id":12369,"date":"2026-03-28T00:04:02","date_gmt":"2026-03-27T23:04:02","guid":{"rendered":"https:\/\/bigbuy.tupique.com\/produto\/toolbox-ks-tools\/"},"modified":"2026-04-16T18:41:20","modified_gmt":"2026-04-16T17:41:20","slug":"toolbox-ks-tools","status":"publish","type":"product","link":"https:\/\/bigbuy.tupique.com\/es\/produto\/toolbox-ks-tools\/","title":{"rendered":"Bo\u00eete \u00e0 outils KS Tools"},"content":{"rendered":"<p>Si vous aimez prendre soin de chaque d\u00e9tail de votre maison et d&#8217;\u00eatre \u00e0 la derni\u00e8re mode en mati\u00e8re de produits qui vous rendront la vie plus facile, achetez <b>Bo\u00eete \u00e0 outils KS Tools<\/b> au meilleur prix.<\/p>\n<p>La <b>Caja de Herramientas KS Tools<\/b> est une solution compl\u00e8te et polyvalente con\u00e7ue sp\u00e9cialement pour l\u2019organisation et le transport efficace des outils dans les domaines professionnel et domestique. Ce module se distingue par ses <b>184 pi\u00e8ces<\/b> couvrant une large gamme d\u2019outils essentiels, facilitant ainsi tout travail ou r\u00e9paration. Son design int\u00e8gre <b>2 compartiments<\/b> permettant une cat\u00e9gorisation claire et un acc\u00e8s rapide aux outils, am\u00e9liorant la productivit\u00e9 et l\u2019ordre dans l\u2019espace de travail. La bo\u00eete est r\u00e9alis\u00e9e dans un <b>design multicolore<\/b>, aidant \u00e0 identifier rapidement les diff\u00e9rents compartiments et ustensiles, ajoutant une fonctionnalit\u00e9 visuelle \u00e0 l\u2019ensemble. Ce set est con\u00e7u pour s\u2019int\u00e9grer facilement aux chariots porte-outils, offrant mobilit\u00e9 et confort aux techniciens et amateurs qui doivent transporter un \u00e9quipement complet et bien organis\u00e9 lors de leurs interventions. Sa robustesse et sa capacit\u00e9 font de ce jeu une ressource adapt\u00e9e aux t\u00e2ches exigeant vari\u00e9t\u00e9 et pr\u00e9cision, favorisant un entretien optimal des instruments et prolongeant leur dur\u00e9e de vie. En r\u00e9sum\u00e9, la <b>Caja de Herramientas KS Tools<\/b> avec 2 tiroirs est une solution pratique et fonctionnelle qui facilite la gestion professionnelle des outils, r\u00e9pondant aux besoins de ceux qui appr\u00e9cient la qualit\u00e9 dans chaque projet.<\/p>\n<ul>\n<li>Couleur: Multicouleur<\/li>\n<li>Compartiments: 2 Compartiments<\/li>\n<\/ul>","protected":false},"excerpt":{"rendered":"<p><span class=\"unit-info\">1184.9750 &euro; \/ 1 m<\/span><\/p>","protected":false},"featured_media":36606,"comment_status":"open","ping_status":"closed","template":"","meta":[],"product_brand":[469],"product_cat":[225,60,224],"product_tag":[105,59,210],"class_list":{"0":"post-12369","1":"product","2":"type-product","3":"status-publish","4":"has-post-thumbnail","6":"product_brand-brandp_7903","7":"product_cat-autres-accessoires-et-ustensiles-de-cuisine","8":"product_cat-cuisine-gourmet","9":"product_cat-ustensiles-et-accessoires-de-cuisine","10":"product_tag-tag_21","11":"product_tag-tag_1304","12":"product_tag-tag_25","14":"first","15":"instock","16":"taxable","17":"shipping-taxable","18":"purchasable","19":"product-type-simple"},"_links":{"self":[{"href":"https:\/\/bigbuy.tupique.com\/es\/wp-json\/wp\/v2\/product\/12369","targetHints":{"allow":["GET"]}}],"collection":[{"href":"https:\/\/bigbuy.tupique.com\/es\/wp-json\/wp\/v2\/product"}],"about":[{"href":"https:\/\/bigbuy.tupique.com\/es\/wp-json\/wp\/v2\/types\/product"}],"replies":[{"embeddable":true,"href":"https:\/\/bigbuy.tupique.com\/es\/wp-json\/wp\/v2\/comments?post=12369"}],"wp:featuredmedia":[{"embeddable":true,"href":"https:\/\/bigbuy.tupique.com\/es\/wp-json\/wp\/v2\/media\/36606"}],"wp:attachment":[{"href":"https:\/\/bigbuy.tupique.com\/es\/wp-json\/wp\/v2\/media?parent=12369"}],"wp:term":[{"taxonomy":"product_brand","embeddable":true,"href":"https:\/\/bigbuy.tupique.com\/es\/wp-json\/wp\/v2\/product_brand?post=12369"},{"taxonomy":"product_cat","embeddable":true,"href":"https:\/\/bigbuy.tupique.com\/es\/wp-json\/wp\/v2\/product_cat?post=12369"},{"taxonomy":"product_tag","embeddable":true,"href":"https:\/\/bigbuy.tupique.com\/es\/wp-json\/wp\/v2\/product_tag?post=12369"}],"curies":[{"name":"wp","href":"https:\/\/api.w.org\/{rel}","templated":true}]}}