{"id":85118,"date":"2026-04-03T05:00:23","date_gmt":"2026-04-03T04:00:23","guid":{"rendered":"https:\/\/bigbuy.tupique.com\/produto\/microwave-with-grill-samsung-mc32db7746kee1-white-900-w-32-l\/"},"modified":"2026-04-16T08:11:18","modified_gmt":"2026-04-16T07:11:18","slug":"microwave-with-grill-samsung-mc32db7746kee1-white-900-w-32-l","status":"publish","type":"product","link":"https:\/\/bigbuy.tupique.com\/en\/produto\/microwave-with-grill-samsung-mc32db7746kee1-white-900-w-32-l\/","title":{"rendered":"Micro-ondes avec Gril Samsung MC32DB7746KEE1 Blanc 900 W 32 L"},"content":{"rendered":"<p>Si vous recherchez des \u00e9lectrom\u00e9nagers pour votre maison aux meilleurs prix, ne manquez pas <b>Micro-ondes avec Gril Samsung MC32DB7746KEE1 Blanc 900 W 32 L<\/b> et une large s\u00e9lection de petits \u00e9lectrom\u00e9nagers de qualit\u00e9 !<\/p>\n<p>Le <b>micro-ondes avec grill Samsung MC32DB7746KEE1<\/b> est une solution polyvalente et efficace pour la cuisine moderne. Avec une <b>capacit\u00e9 int\u00e9rieure de 32 litres<\/b>, il offre suffisamment d\u2019espace pour pr\u00e9parer et r\u00e9chauffer des plats de taille moyenne \u00e0 grande, id\u00e9al pour les familles ou les utilisateurs recherchant de la flexibilit\u00e9. Sa <b>puissance micro-ondes de 900 W<\/b> garantit un chauffage rapide et homog\u00e8ne, tandis que la <b>puissance du grill de 1500 W<\/b> permet de dorer et gratiner les aliments avec des r\u00e9sultats professionnels et une texture croustillante qui rehausse la saveur des recettes. Il dispose de <b>sept niveaux de puissance<\/b> pour adapter le chauffage \u00e0 diff\u00e9rents types d\u2019aliments et besoins sp\u00e9cifiques. Ce mod\u00e8le int\u00e8gre un syst\u00e8me de contr\u00f4le mixte avec <b>commande rotative et panneau tactile<\/b>, offrant facilit\u00e9 et pr\u00e9cision dans la s\u00e9lection des fonctions, ainsi qu\u2019un <b>\u00e9cran int\u00e9gr\u00e9<\/b> qui facilite la gestion des temps et modes. La fonction de <b>cuisson \u00e0 la vapeur<\/b> se distingue, permettant de pr\u00e9parer les aliments de mani\u00e8re plus saine en conservant nutriments et textures naturelles, en compl\u00e9ment de la technologie grill pour une cuisine plus compl\u00e8te. Son design en <b>blanc<\/b> et son format de <b>pose sur plan de travail<\/b> apportent fonctionnalit\u00e9 et \u00e9vitent les complications d\u2019installation, s\u2019adaptant \u00e0 divers espaces et styles de cuisine. En r\u00e9sum\u00e9, ce micro-ondes avec grill Samsung offre un \u00e9quilibre entre puissance, capacit\u00e9 et technologies culinaires qui facilitent la pr\u00e9paration quotidienne, se positionnant comme une option pratique et compl\u00e8te pour ceux qui recherchent un appareil multifonction aux r\u00e9sultats efficaces et polyvalents.<\/p>\n<ul>\n<li>Produit \u00e0 brancher: Oui<\/li>\n<li>Type de prise: Prise EU<\/li>\n<li>Type:\n<ul>\n<li>Micro-ondes avec Gril<\/li>\n<li>Micro-ondes<\/li>\n<\/ul>\n<\/li>\n<li>Bloc d\u2019Alimentation: r\u00e9seau \u00e9lectrique<\/li>\n<li>Couleur: Blanc<\/li>\n<li>Caract\u00e9ristiques:\n<ul>\n<li>Fonction de d\u00e9givrage<\/li>\n<li>\u00c9cran integr\u00e9<\/li>\n<li>Verrouillage pour enfants<\/li>\n<li>Format 12h \/ 24h<\/li>\n<\/ul>\n<\/li>\n<li>Type d&#8217;installation: Sur le plan de travail<\/li>\n<li>puissance: 900 W<\/li>\n<li>Type de commande: Plaque Tournante<\/li>\n<li>Capacit\u00e9: 32 L<\/li>\n<li>Technologie: LED<\/li>\n<li>Fr\u00e9quence: 50 Hz<\/li>\n<li>Inclut: Manuel de l&#8217;utilisateur<\/li>\n<li>Tension d&#8217;entr\u00e9e AC: 230 V<\/li>\n<\/ul>","protected":false},"excerpt":{"rendered":"<p><span class=\"unit-info\">9.7497 &euro; \/ 1 l<\/span><\/p>","protected":false},"featured_media":85115,"comment_status":"open","ping_status":"closed","template":"","meta":[],"product_brand":[183],"product_cat":[60,727,77],"product_tag":[55,56],"class_list":{"0":"post-85118","1":"product","2":"type-product","3":"status-publish","4":"has-post-thumbnail","6":"product_brand-brandp_576","7":"product_cat-cuisine-gourmet","8":"product_cat-micro-ondes","9":"product_cat-petit-electromenager","10":"product_tag-tag_926","11":"product_tag-tag_930","13":"first","14":"instock","15":"taxable","16":"shipping-taxable","17":"purchasable","18":"product-type-simple"},"_links":{"self":[{"href":"https:\/\/bigbuy.tupique.com\/en\/wp-json\/wp\/v2\/product\/85118","targetHints":{"allow":["GET"]}}],"collection":[{"href":"https:\/\/bigbuy.tupique.com\/en\/wp-json\/wp\/v2\/product"}],"about":[{"href":"https:\/\/bigbuy.tupique.com\/en\/wp-json\/wp\/v2\/types\/product"}],"replies":[{"embeddable":true,"href":"https:\/\/bigbuy.tupique.com\/en\/wp-json\/wp\/v2\/comments?post=85118"}],"wp:featuredmedia":[{"embeddable":true,"href":"https:\/\/bigbuy.tupique.com\/en\/wp-json\/wp\/v2\/media\/85115"}],"wp:attachment":[{"href":"https:\/\/bigbuy.tupique.com\/en\/wp-json\/wp\/v2\/media?parent=85118"}],"wp:term":[{"taxonomy":"product_brand","embeddable":true,"href":"https:\/\/bigbuy.tupique.com\/en\/wp-json\/wp\/v2\/product_brand?post=85118"},{"taxonomy":"product_cat","embeddable":true,"href":"https:\/\/bigbuy.tupique.com\/en\/wp-json\/wp\/v2\/product_cat?post=85118"},{"taxonomy":"product_tag","embeddable":true,"href":"https:\/\/bigbuy.tupique.com\/en\/wp-json\/wp\/v2\/product_tag?post=85118"}],"curies":[{"name":"wp","href":"https:\/\/api.w.org\/{rel}","templated":true}]}}