{"id":85028,"date":"2026-04-03T04:42:13","date_gmt":"2026-04-03T03:42:13","guid":{"rendered":"https:\/\/bigbuy.tupique.com\/produto\/freezer-tensai-tcheu380vd\/"},"modified":"2026-04-15T22:35:21","modified_gmt":"2026-04-15T21:35:21","slug":"freezer-tensai-tcheu380vd","status":"publish","type":"product","link":"https:\/\/bigbuy.tupique.com\/en\/produto\/freezer-tensai-tcheu380vd\/","title":{"rendered":"Cong\u00e9lateur Tensai TCHEU380VD"},"content":{"rendered":"<p>Si vous pensez r\u00e9nover votre cuisine, achetez <b>Cong\u00e9lateur Tensai TCHEU380VD<\/b> et d\u00b4autres <b>produits Tensai<\/b> !<\/p>\n<p>Le <b>cong\u00e9lateur<\/b> Tensai TCHEU380VD est une solution efficace et de grande capacit\u00e9 pour conserver les aliments \u00e0 basse temp\u00e9rature, destin\u00e9e aux utilisateurs ayant besoin d\u2019un stockage \u00e9tendu aussi bien \u00e0 domicile qu\u2019en milieu professionnel. Ce mod\u00e8le est propos\u00e9 en <b>blanc<\/b>, avec un design discret qui s\u2019int\u00e8gre facilement dans diff\u00e9rents styles de cuisine ou espaces de stockage. Il offre une <b>capacit\u00e9 g\u00e9n\u00e9reuse de 355 litres<\/b>, id\u00e9ale pour organiser et acc\u00e9der facilement \u00e0 de grands volumes de produits surgel\u00e9s. Ses dimensions, avec <b>132 cm de largeur<\/b> et <b>86 cm de hauteur<\/b>, assurent un acc\u00e8s confortable \u00e0 l\u2019int\u00e9rieur, tandis que la <b>lumi\u00e8re int\u00e9rieure<\/b> permet une bonne visibilit\u00e9 du contenu m\u00eame dans les environnements peu \u00e9clair\u00e9s. Dot\u00e9 des classes \u00e9nerg\u00e9tiques B et F selon les anciennes normes, il offre un compromis raisonnable entre efficacit\u00e9 et performance, optimisant la consommation d\u2019\u00e9nergie pour sa grande capacit\u00e9. Fonctionne \u00e0 <b>50 Hz<\/b>, compatible avec la plupart des installations \u00e9lectriques standards, pour un usage fiable et continu. Sa conception robuste et fonctionnelle convient aussi bien \u00e0 un usage domestique intensif qu\u2019aux petites entreprises recherchant une solution de cong\u00e9lation pratique. En r\u00e9sum\u00e9, le cong\u00e9lateur Tensai TCHEU380VD associe grande capacit\u00e9 de stockage, praticit\u00e9 et simplicit\u00e9 d\u2019utilisation, r\u00e9pondant aux besoins de conservation de ceux qui recherchent capacit\u00e9 et efficacit\u00e9 dans un seul appareil.<\/p>\n<ul>\n<li>Produit \u00e0 brancher: Oui<\/li>\n<li>Type: Cong\u00e9lateur<\/li>\n<li>Type de prise: Prise EU<\/li>\n<li>Classification \u00e9nerg\u00e9tique:\n<ul>\n<li>F<\/li>\n<li>B<\/li>\n<\/ul>\n<\/li>\n<li>Bloc d\u2019Alimentation: r\u00e9seau \u00e9lectrique<\/li>\n<li>Couleur: Blanc<\/li>\n<li>Largeur: 132 cm<\/li>\n<li>Caract\u00e9ristiques: Lumi\u00e8re int\u00e9rieure<\/li>\n<li>Capacit\u00e9: 355 L<\/li>\n<li>\u00c9lev\u00e9: 86 cm<\/li>\n<li>Type d&#8217;installation: Ind\u00e9pendant<\/li>\n<\/ul>","protected":false},"excerpt":{"rendered":"<p><span class=\"unit-info\">1.6169 &euro; \/ 1 l<\/span><\/p>","protected":false},"featured_media":85026,"comment_status":"open","ping_status":"closed","template":"","meta":[],"product_brand":[1546],"product_cat":[60,77,226],"product_tag":[],"class_list":{"0":"post-85028","1":"product","2":"type-product","3":"status-publish","4":"has-post-thumbnail","6":"product_brand-brandp_1202","7":"product_cat-cuisine-gourmet","8":"product_cat-petit-electromenager","9":"product_cat-refrigerateurs-et-congelateurs","11":"first","12":"instock","13":"taxable","14":"shipping-taxable","15":"purchasable","16":"product-type-simple"},"_links":{"self":[{"href":"https:\/\/bigbuy.tupique.com\/en\/wp-json\/wp\/v2\/product\/85028","targetHints":{"allow":["GET"]}}],"collection":[{"href":"https:\/\/bigbuy.tupique.com\/en\/wp-json\/wp\/v2\/product"}],"about":[{"href":"https:\/\/bigbuy.tupique.com\/en\/wp-json\/wp\/v2\/types\/product"}],"replies":[{"embeddable":true,"href":"https:\/\/bigbuy.tupique.com\/en\/wp-json\/wp\/v2\/comments?post=85028"}],"wp:featuredmedia":[{"embeddable":true,"href":"https:\/\/bigbuy.tupique.com\/en\/wp-json\/wp\/v2\/media\/85026"}],"wp:attachment":[{"href":"https:\/\/bigbuy.tupique.com\/en\/wp-json\/wp\/v2\/media?parent=85028"}],"wp:term":[{"taxonomy":"product_brand","embeddable":true,"href":"https:\/\/bigbuy.tupique.com\/en\/wp-json\/wp\/v2\/product_brand?post=85028"},{"taxonomy":"product_cat","embeddable":true,"href":"https:\/\/bigbuy.tupique.com\/en\/wp-json\/wp\/v2\/product_cat?post=85028"},{"taxonomy":"product_tag","embeddable":true,"href":"https:\/\/bigbuy.tupique.com\/en\/wp-json\/wp\/v2\/product_tag?post=85028"}],"curies":[{"name":"wp","href":"https:\/\/api.w.org\/{rel}","templated":true}]}}