{"id":85023,"date":"2026-04-03T04:42:06","date_gmt":"2026-04-03T03:42:06","guid":{"rendered":"https:\/\/bigbuy.tupique.com\/produto\/washing-machine-beko-vbm3wft38213wa-8-kg-1200-rpm\/"},"modified":"2026-04-15T19:36:54","modified_gmt":"2026-04-15T18:36:54","slug":"washing-machine-beko-vbm3wft38213wa-8-kg-1200-rpm","status":"publish","type":"product","link":"https:\/\/bigbuy.tupique.com\/en\/produto\/washing-machine-beko-vbm3wft38213wa-8-kg-1200-rpm\/","title":{"rendered":"Machine \u00e0 laver BEKO VBM3WFT38213WA 8 kg 1200 rpm"},"content":{"rendered":"<p>Si vous \u00eates \u00e0 la recherche de nouvelles tendances sur le march\u00e9, nous vous pr\u00e9sentons <b>Machine \u00e0 laver BEKO VBM3WFT38213WA 8 kg 1200 rpm<\/b> !<\/p>\n<p>La <b>lave-linge BEKO mod\u00e8le VBM3WFT38213WA<\/b> est un appareil efficace et polyvalent qui r\u00e9pond aux besoins de lavage des foyers moyens gr\u00e2ce \u00e0 sa <b>capacit\u00e9 de 8 kg<\/b>, id\u00e9ale pour les charges familiales normales. Con\u00e7u avec une <b>charge frontale<\/b>, il facilite le chargement et le d\u00e9chargement du linge, et propose jusqu\u2019\u00e0 <b>15 programmes de lavage<\/b> pour s\u2019adapter \u00e0 diff\u00e9rents types de tissus et niveaux de salet\u00e9, assurant ainsi un soin optimal des v\u00eatements. Sa <b>classe \u00e9nerg\u00e9tique A<\/b> garantit une consommation \u00e9lectrique r\u00e9duite, contribuant \u00e0 l\u2019efficacit\u00e9 et aux \u00e9conomies \u00e0 la maison. Ce lave-linge atteint une vitesse maximale d\u2019essorage de <b>1200 tr\/min<\/b>, permettant un s\u00e9chage plus rapide en extrayant un maximum d\u2019eau. De plus, ses niveaux sonores sont mod\u00e9r\u00e9s, avec un <b>niveau sonore de 74 d\u00e9cibels en essorage<\/b>, perceptible mais restant dans des valeurs acceptables pour un appareil domestique. Il dispose d\u2019une fonction de <b>programmation diff\u00e9r\u00e9e jusqu\u2019\u00e0 24 heures<\/b>, offrant la possibilit\u00e9 de lancer le cycle au moment le plus pratique pour l\u2019utilisateur, optimisant ainsi temps et consommation. L\u2019interface et les commandes sont configur\u00e9es en <b>espagnol<\/b>, facilitant son utilisation pour le march\u00e9 hispanophone. Disponible en <b>blanc<\/b>, il pr\u00e9sente un design classique et neutre qui s\u2019adapte \u00e0 la plupart des environnements de buanderie. En r\u00e9sum\u00e9, ce lave-linge BEKO se positionne comme une option pratique et efficace, avec des fonctionnalit\u00e9s modernes r\u00e9pondant aux besoins habituels d\u2019un foyer, \u00e9quilibrant capacit\u00e9, consommation \u00e9nerg\u00e9tique et vari\u00e9t\u00e9 de programmes pour un lavage soign\u00e9 et performant.<\/p>\n<ul>\n<li>Type d&#8217;installation: Sous le plan de travail<\/li>\n<li>Produit \u00e0 brancher: Oui<\/li>\n<li>Langue: Espagnol<\/li>\n<li>Type de prise: Prise EU<\/li>\n<li>Bloc d\u2019Alimentation: r\u00e9seau \u00e9lectrique<\/li>\n<li>Classification \u00e9nerg\u00e9tique: A<\/li>\n<li>vitesse: 1200 rpm<\/li>\n<li>Programmes: 15<\/li>\n<li>Niveau sonore: 74 dB<\/li>\n<li>Capacit\u00e9: 8 kg<\/li>\n<li>Couleur: Blanc<\/li>\n<li>Type de charge: Frontal<\/li>\n<li>Quantit\u00e9 de programmes automatiques: 15<\/li>\n<\/ul>","protected":false},"excerpt":{"rendered":"<p><span class=\"unit-info\">63.9988 &euro; \/ 1 kg<\/span><\/p>","protected":false},"featured_media":190847,"comment_status":"open","ping_status":"closed","template":"","meta":[],"product_brand":[825],"product_cat":[239,240,751],"product_tag":[],"class_list":{"0":"post-85023","1":"product","2":"type-product","3":"status-publish","4":"has-post-thumbnail","6":"product_brand-brandp_1255","7":"product_cat-maison-jardin","8":"product_cat-nettoyage-aspirateur-et-repassage","9":"product_cat-seche-linge-fers-a-repasser-sechoirs","11":"first","12":"instock","13":"taxable","14":"shipping-taxable","15":"purchasable","16":"product-type-simple"},"_links":{"self":[{"href":"https:\/\/bigbuy.tupique.com\/en\/wp-json\/wp\/v2\/product\/85023","targetHints":{"allow":["GET"]}}],"collection":[{"href":"https:\/\/bigbuy.tupique.com\/en\/wp-json\/wp\/v2\/product"}],"about":[{"href":"https:\/\/bigbuy.tupique.com\/en\/wp-json\/wp\/v2\/types\/product"}],"replies":[{"embeddable":true,"href":"https:\/\/bigbuy.tupique.com\/en\/wp-json\/wp\/v2\/comments?post=85023"}],"wp:featuredmedia":[{"embeddable":true,"href":"https:\/\/bigbuy.tupique.com\/en\/wp-json\/wp\/v2\/media\/190847"}],"wp:attachment":[{"href":"https:\/\/bigbuy.tupique.com\/en\/wp-json\/wp\/v2\/media?parent=85023"}],"wp:term":[{"taxonomy":"product_brand","embeddable":true,"href":"https:\/\/bigbuy.tupique.com\/en\/wp-json\/wp\/v2\/product_brand?post=85023"},{"taxonomy":"product_cat","embeddable":true,"href":"https:\/\/bigbuy.tupique.com\/en\/wp-json\/wp\/v2\/product_cat?post=85023"},{"taxonomy":"product_tag","embeddable":true,"href":"https:\/\/bigbuy.tupique.com\/en\/wp-json\/wp\/v2\/product_tag?post=85023"}],"curies":[{"name":"wp","href":"https:\/\/api.w.org\/{rel}","templated":true}]}}