{"id":85010,"date":"2026-04-03T04:41:43","date_gmt":"2026-04-03T03:41:43","guid":{"rendered":"https:\/\/bigbuy.tupique.com\/produto\/oven-aeg-ou5ab21cm-65-l\/"},"modified":"2026-04-15T05:46:59","modified_gmt":"2026-04-15T04:46:59","slug":"oven-aeg-ou5ab21cm-65-l","status":"publish","type":"product","link":"https:\/\/bigbuy.tupique.com\/en\/produto\/oven-aeg-ou5ab21cm-65-l\/","title":{"rendered":"Four AEG OU5AB21CM 65 L"},"content":{"rendered":"<p>Si vous \u00eates \u00e0 la recherche de nouvelles tendances sur le march\u00e9, nous vous pr\u00e9sentons <b>Four AEG OU5AB21CM 65 L<\/b> !<\/p>\n<p>Le four AEG de 65 litres allie une capacit\u00e9 g\u00e9n\u00e9reuse \u00e0 un design moderne et des fonctionnalit\u00e9s avanc\u00e9es, id\u00e9al pour ceux qui souhaitent transformer leur exp\u00e9rience culinaire. Ce four, qui se distingue par son contr\u00f4le tactile, permet une interaction simple et pr\u00e9cise, facilitant la gestion des diff\u00e9rentes fonctions et r\u00e9glages. La lumi\u00e8re int\u00e9rieure offre une visibilit\u00e9 parfaite pendant la cuisson, tandis que sa classe d&#8217;efficacit\u00e9 \u00e9nerg\u00e9tique A garantit un rendement respectueux de l&#8217;environnement sans compromettre la qualit\u00e9 en cuisine. Avec une capacit\u00e9 totale de 65 litres, ce four est parfait pour pr\u00e9parer des repas allant des petites portions aux banquets complets, s&#8217;adaptant \u00e0 diverses besoins culinaires.<\/p>\n<p>&#8211; Capacit\u00e9 totale du four : 65 litres<\/p>\n<p>&#8211; Type de contr\u00f4le : Tactile<\/p>\n<p>&#8211; Lumi\u00e8re int\u00e9rieure : Oui<\/p>\n<p>&#8211; Classe d&#8217;efficacit\u00e9 \u00e9nerg\u00e9tique : A<\/p>\n<p>&#8211; Id\u00e9al pour une vari\u00e9t\u00e9 de recettes, des r\u00f4tis \u00e0 la p\u00e2tisserie<\/p>\n<p>Avec le four AEG, chaque plat devient une \u0153uvre d&#8217;art, facilitant son utilisation et maximisant le rendement en cuisine.<\/p>\n<ul>\n<li>Type de four: Four<\/li>\n<li>Produit \u00e0 brancher: Oui<\/li>\n<li>Type de prise: Prise EU<\/li>\n<li>Caract\u00e9ristiques: Commande tactile<\/li>\n<li>Capacit\u00e9: 65 L<\/li>\n<li>Type d&#8217;installation: Int\u00e9grable<\/li>\n<li>Classification \u00e9nerg\u00e9tique: A<\/li>\n<li>Couleur: Acier<\/li>\n<li>Bloc d\u2019Alimentation: r\u00e9seau \u00e9lectrique<\/li>\n<li>Fonctions: Arr\u00eat Automatique<\/li>\n<li>Nettoyage: AquaSmart<\/li>\n<li>Auto-nettoyant: Aqualisis<\/li>\n<\/ul>","protected":false},"excerpt":{"rendered":"<p><span class=\"unit-info\">7.1537 &euro; \/ 1 l<\/span><\/p>","protected":false},"featured_media":85008,"comment_status":"open","ping_status":"closed","template":"","meta":[],"product_brand":[1386],"product_cat":[60,747,77],"product_tag":[55],"class_list":{"0":"post-85010","1":"product","2":"type-product","3":"status-publish","4":"has-post-thumbnail","6":"product_brand-brandp_679","7":"product_cat-cuisine-gourmet","8":"product_cat-fours","9":"product_cat-petit-electromenager","10":"product_tag-tag_926","12":"first","13":"instock","14":"taxable","15":"shipping-taxable","16":"purchasable","17":"product-type-simple"},"_links":{"self":[{"href":"https:\/\/bigbuy.tupique.com\/en\/wp-json\/wp\/v2\/product\/85010","targetHints":{"allow":["GET"]}}],"collection":[{"href":"https:\/\/bigbuy.tupique.com\/en\/wp-json\/wp\/v2\/product"}],"about":[{"href":"https:\/\/bigbuy.tupique.com\/en\/wp-json\/wp\/v2\/types\/product"}],"replies":[{"embeddable":true,"href":"https:\/\/bigbuy.tupique.com\/en\/wp-json\/wp\/v2\/comments?post=85010"}],"wp:featuredmedia":[{"embeddable":true,"href":"https:\/\/bigbuy.tupique.com\/en\/wp-json\/wp\/v2\/media\/85008"}],"wp:attachment":[{"href":"https:\/\/bigbuy.tupique.com\/en\/wp-json\/wp\/v2\/media?parent=85010"}],"wp:term":[{"taxonomy":"product_brand","embeddable":true,"href":"https:\/\/bigbuy.tupique.com\/en\/wp-json\/wp\/v2\/product_brand?post=85010"},{"taxonomy":"product_cat","embeddable":true,"href":"https:\/\/bigbuy.tupique.com\/en\/wp-json\/wp\/v2\/product_cat?post=85010"},{"taxonomy":"product_tag","embeddable":true,"href":"https:\/\/bigbuy.tupique.com\/en\/wp-json\/wp\/v2\/product_tag?post=85010"}],"curies":[{"name":"wp","href":"https:\/\/api.w.org\/{rel}","templated":true}]}}