{"id":85007,"date":"2026-04-03T04:41:39","date_gmt":"2026-04-03T03:41:39","guid":{"rendered":"https:\/\/bigbuy.tupique.com\/produto\/oven-aeg-ou5ab21fsm-72-l\/"},"modified":"2026-04-15T05:10:09","modified_gmt":"2026-04-15T04:10:09","slug":"oven-aeg-ou5ab21fsm-72-l","status":"publish","type":"product","link":"https:\/\/bigbuy.tupique.com\/en\/produto\/oven-aeg-ou5ab21fsm-72-l\/","title":{"rendered":"Four AEG OU5AB21FSM 72 L"},"content":{"rendered":"<p>Si vous \u00eates \u00e0 la recherche de nouvelles tendances sur le march\u00e9, nous vous pr\u00e9sentons <b>Four AEG OU5AB21FSM 72 L<\/b> !<\/p>\n<p>Le four AEG allie design moderne et technologie avanc\u00e9e pour offrir une exp\u00e9rience culinaire exceptionnelle. Avec une capacit\u00e9 int\u00e9rieure totale de 72 litres, ce four est parfait pour pr\u00e9parer de grands repas ou plusieurs plats simultan\u00e9ment. Sa lumi\u00e8re int\u00e9rieure assure une visibilit\u00e9 optimale du processus de cuisson, vous permettant de contr\u00f4ler l&#8217;\u00e9tat des aliments sans avoir \u00e0 ouvrir la porte. De plus, il dispose d&#8217;un contr\u00f4le tactile intuitif qui facilite la s\u00e9lection des fonctions et le r\u00e9glage des temp\u00e9ratures. L&#8217;une de ses principales caract\u00e9ristiques est la fonction innovante de cuisson \u00e0 la vapeur, qui pr\u00e9serve les nutriments et la saveur des aliments, offrant des r\u00e9sultats sains et juteux. Ce four comprend \u00e9galement une finition anti-traces, ce qui facilite son nettoyage et son entretien. La combinaison de ces caract\u00e9ristiques fait du four AEG un choix incontournable pour ceux qui recherchent fonctionnalit\u00e9 et style dans leur cuisine.<\/p>\n<p>&#8211; Lumi\u00e8re int\u00e9rieure pour une meilleure visibilit\u00e9 pendant la cuisson<\/p>\n<p>&#8211; Fonction de cuisson \u00e0 la vapeur pour des plats sains<\/p>\n<p>&#8211; Contr\u00f4le tactile intuitif pour une utilisation facile<\/p>\n<p>&#8211; Capacit\u00e9 int\u00e9rieure totale de 72 litres<\/p>\n<p>&#8211; Finition anti-traces pour un entretien simple<\/p>\n<p>&#8211; Design moderne qui s&#8217;adapte \u00e0 toute cuisine<\/p>\n<ul>\n<li>Type de four: Four<\/li>\n<li>Produit \u00e0 brancher: Oui<\/li>\n<li>Type de prise: Prise EU<\/li>\n<li>Caract\u00e9ristiques:\n<ul>\n<li>Lumi\u00e8re int\u00e9rieure<\/li>\n<li>Commande tactile<\/li>\n<\/ul>\n<\/li>\n<li>Fonctions: Cuisiner \u00e0 la vapeur<\/li>\n<li>Type d&#8217;installation: Int\u00e9grable<\/li>\n<li>Tension: 230 V<\/li>\n<li>Bloc d\u2019Alimentation: \u00c9lectrique<\/li>\n<li>Couleur: Argent\u00e9<\/li>\n<li>Inclut: Batterie<\/li>\n<li>Piles incluses: Oui<\/li>\n<li>Nettoyage: Aqualisis<\/li>\n<li>Auto-nettoyant: Aqualisis<\/li>\n<li>Capacit\u00e9: 72 L<\/li>\n<\/ul>","protected":false},"excerpt":{"rendered":"<p><span class=\"unit-info\">7.0415 &euro; \/ 1 l<\/span><\/p>","protected":false},"featured_media":85002,"comment_status":"open","ping_status":"closed","template":"","meta":[],"product_brand":[1386],"product_cat":[60,747,77],"product_tag":[55],"class_list":{"0":"post-85007","1":"product","2":"type-product","3":"status-publish","4":"has-post-thumbnail","6":"product_brand-brandp_679","7":"product_cat-cuisine-gourmet","8":"product_cat-fours","9":"product_cat-petit-electromenager","10":"product_tag-tag_926","12":"first","13":"instock","14":"taxable","15":"shipping-taxable","16":"purchasable","17":"product-type-simple"},"_links":{"self":[{"href":"https:\/\/bigbuy.tupique.com\/en\/wp-json\/wp\/v2\/product\/85007","targetHints":{"allow":["GET"]}}],"collection":[{"href":"https:\/\/bigbuy.tupique.com\/en\/wp-json\/wp\/v2\/product"}],"about":[{"href":"https:\/\/bigbuy.tupique.com\/en\/wp-json\/wp\/v2\/types\/product"}],"replies":[{"embeddable":true,"href":"https:\/\/bigbuy.tupique.com\/en\/wp-json\/wp\/v2\/comments?post=85007"}],"wp:featuredmedia":[{"embeddable":true,"href":"https:\/\/bigbuy.tupique.com\/en\/wp-json\/wp\/v2\/media\/85002"}],"wp:attachment":[{"href":"https:\/\/bigbuy.tupique.com\/en\/wp-json\/wp\/v2\/media?parent=85007"}],"wp:term":[{"taxonomy":"product_brand","embeddable":true,"href":"https:\/\/bigbuy.tupique.com\/en\/wp-json\/wp\/v2\/product_brand?post=85007"},{"taxonomy":"product_cat","embeddable":true,"href":"https:\/\/bigbuy.tupique.com\/en\/wp-json\/wp\/v2\/product_cat?post=85007"},{"taxonomy":"product_tag","embeddable":true,"href":"https:\/\/bigbuy.tupique.com\/en\/wp-json\/wp\/v2\/product_tag?post=85007"}],"curies":[{"name":"wp","href":"https:\/\/api.w.org\/{rel}","templated":true}]}}