{"id":85001,"date":"2026-04-03T04:41:27","date_gmt":"2026-04-03T03:41:27","guid":{"rendered":"https:\/\/bigbuy.tupique.com\/produto\/refrigerator-aeg-tk6ds181es-white-310-l\/"},"modified":"2026-04-15T04:32:39","modified_gmt":"2026-04-15T03:32:39","slug":"refrigerator-aeg-tk6ds181es-white-310-l","status":"publish","type":"product","link":"https:\/\/bigbuy.tupique.com\/en\/produto\/refrigerator-aeg-tk6ds181es-white-310-l\/","title":{"rendered":"R\u00e9frig\u00e9rateur AEG TK6DS181ES Blanc 310 l"},"content":{"rendered":"<p>Si vous pensez r\u00e9nover votre cuisine, achetez <b>R\u00e9frig\u00e9rateur AEG TK6DS181ES Blanc 310 l<\/b> et d\u00b4autres <b>produits AEG<\/b> !<\/p>\n<p>Le <b>r\u00e9frig\u00e9rateur int\u00e9grable TK6DS181ES<\/b> de la marque reconnue <b>AEG<\/b> offre une solution efficace et pratique pour les foyers souhaitant optimiser l\u2019espace sans sacrifier une capacit\u00e9 de stockage ad\u00e9quate. Avec des <b>dimensions approximatives de 177 x 55 cm<\/b> et un design en <b>blanc<\/b>, ce r\u00e9frig\u00e9rateur <b>\u00e0 porte unique<\/b> s\u2019int\u00e8gre parfaitement au mobilier de cuisine, garantissant une continuit\u00e9 esth\u00e9tique et fonctionnelle. Sa <b>classe \u00e9nerg\u00e9tique E<\/b> indique une consommation mod\u00e9r\u00e9e, adapt\u00e9e aux utilisateurs recherchant un \u00e9quilibre entre performance et efficacit\u00e9 \u00e9nerg\u00e9tique. La <b>capacit\u00e9 totale de 310 litres<\/b> permet de stocker une grande quantit\u00e9 d\u2019aliments et de boissons, id\u00e9ale pour les familles ou les personnes ayant besoin d\u2019un grand espace de conservation. Avec une <b>hauteur de 177,2 cm<\/b>, ce mod\u00e8le s\u2019adapte \u00e0 diff\u00e9rents types de cuisine, offrant confort pour toutes les t\u00e2ches quotidiennes de r\u00e9frig\u00e9ration. La technologie et la qualit\u00e9 propres \u00e0 AEG se refl\u00e8tent dans un appareil con\u00e7u pour garder les aliments frais et organis\u00e9s, favorisant une conservation optimale et un acc\u00e8s facile. Ce r\u00e9frig\u00e9rateur int\u00e9grable allie fonctionnalit\u00e9, taille \u00e9quilibr\u00e9e et performance \u00e9nerg\u00e9tique acceptable, devenant une option pratique pour ceux qui cherchent un r\u00e9frig\u00e9rateur fiable avec une int\u00e9gration totale en cuisine.<\/p>\n<ul>\n<li>Capacit\u00e9: 310 l<\/li>\n<li>Type d&#8217;installation: Int\u00e9grable<\/li>\n<li>Portes: 1 porte<\/li>\n<li>Produit \u00e0 brancher: Oui<\/li>\n<li>Bloc d\u2019Alimentation: r\u00e9seau \u00e9lectrique<\/li>\n<li>Couleur: Blanc<\/li>\n<li>Classification \u00e9nerg\u00e9tique: E<\/li>\n<li>Dimensions approx.: 177 x 55 cm<\/li>\n<\/ul>","protected":false},"excerpt":{"rendered":"<p><span class=\"unit-info\">3.7548 &euro; \/ 1 l<\/span><\/p>","protected":false},"featured_media":84998,"comment_status":"open","ping_status":"closed","template":"","meta":[],"product_brand":[1386],"product_cat":[60,77,226],"product_tag":[56],"class_list":{"0":"post-85001","1":"product","2":"type-product","3":"status-publish","4":"has-post-thumbnail","6":"product_brand-brandp_679","7":"product_cat-cuisine-gourmet","8":"product_cat-petit-electromenager","9":"product_cat-refrigerateurs-et-congelateurs","10":"product_tag-tag_930","12":"first","13":"instock","14":"taxable","15":"shipping-taxable","16":"purchasable","17":"product-type-simple"},"_links":{"self":[{"href":"https:\/\/bigbuy.tupique.com\/en\/wp-json\/wp\/v2\/product\/85001","targetHints":{"allow":["GET"]}}],"collection":[{"href":"https:\/\/bigbuy.tupique.com\/en\/wp-json\/wp\/v2\/product"}],"about":[{"href":"https:\/\/bigbuy.tupique.com\/en\/wp-json\/wp\/v2\/types\/product"}],"replies":[{"embeddable":true,"href":"https:\/\/bigbuy.tupique.com\/en\/wp-json\/wp\/v2\/comments?post=85001"}],"wp:featuredmedia":[{"embeddable":true,"href":"https:\/\/bigbuy.tupique.com\/en\/wp-json\/wp\/v2\/media\/84998"}],"wp:attachment":[{"href":"https:\/\/bigbuy.tupique.com\/en\/wp-json\/wp\/v2\/media?parent=85001"}],"wp:term":[{"taxonomy":"product_brand","embeddable":true,"href":"https:\/\/bigbuy.tupique.com\/en\/wp-json\/wp\/v2\/product_brand?post=85001"},{"taxonomy":"product_cat","embeddable":true,"href":"https:\/\/bigbuy.tupique.com\/en\/wp-json\/wp\/v2\/product_cat?post=85001"},{"taxonomy":"product_tag","embeddable":true,"href":"https:\/\/bigbuy.tupique.com\/en\/wp-json\/wp\/v2\/product_tag?post=85001"}],"curies":[{"name":"wp","href":"https:\/\/api.w.org\/{rel}","templated":true}]}}