{"id":84974,"date":"2026-04-03T04:40:33","date_gmt":"2026-04-03T03:40:33","guid":{"rendered":"https:\/\/bigbuy.tupique.com\/produto\/conventional-hood-aeg-gde686hm-steel\/"},"modified":"2026-04-15T07:01:28","modified_gmt":"2026-04-15T06:01:28","slug":"conventional-hood-aeg-gde686hm-steel","status":"publish","type":"product","link":"https:\/\/bigbuy.tupique.com\/en\/produto\/conventional-hood-aeg-gde686hm-steel\/","title":{"rendered":"Hotte standard AEG GDE686HM Acier"},"content":{"rendered":"<p>Si vous \u00eates \u00e0 la recherche de nouvelles tendances sur le march\u00e9, nous vous pr\u00e9sentons <b>Hotte standard AEG GDE686HM Acier<\/b> !<\/p>\n<ul>\n<li>Type:\n<ul>\n<li>Hotte de cuisine<\/li>\n<li>Hotte standard<\/li>\n<\/ul>\n<\/li>\n<li>Produit \u00e0 brancher: Oui<\/li>\n<li>Type de prise: Prise EU<\/li>\n<li>Type d&#8217;installation:\n<ul>\n<li>Int\u00e9grable<\/li>\n<li>Paroi<\/li>\n<\/ul>\n<\/li>\n<li>Bloc d\u2019Alimentation: r\u00e9seau \u00e9lectrique<\/li>\n<li>Largeur: 60 cm<\/li>\n<li>Classification \u00e9nerg\u00e9tique: A<\/li>\n<li>Filtre: Acier inoxydable<\/li>\n<li>Mati\u00e8re: Acier inoxydable<\/li>\n<li>Caract\u00e9ristiques:\n<ul>\n<li>Facile \u00e0 nettoyer<\/li>\n<li>Mural<\/li>\n<li>3 vitesses<\/li>\n<\/ul>\n<\/li>\n<li>puissance: 215W<\/li>\n<li>Niveaux de puissance: 3<\/li>\n<li>Couleur: Acier<\/li>\n<li>Inclut:\n<ul>\n<li>Kit de Montage<\/li>\n<li>Filtre<\/li>\n<li>Manuel de l&#8217;utilisateur<\/li>\n<\/ul>\n<\/li>\n<li>Contr\u00f4le: Boutons<\/li>\n<li>Niveau sonore: 45 dB<\/li>\n<li>Capacit\u00e9 d\u2019extraction: 750 m3\/h<\/li>\n<li>\u00c9lev\u00e9: 44,5 cm<\/li>\n<li>Vitesse: 3 vitesses<\/li>\n<\/ul>","protected":false},"excerpt":{"rendered":"<p>Si vous \u00eates \u00e0 la recherche de nouvelles tendances sur le march\u00e9, nous vous pr\u00e9sentons Hotte standard AEG GDE686HM Acier ! Type: Hotte de cuisine Hotte standard Produit \u00e0 brancher: Oui Type de prise: Prise EU Type d&#8217;installation: Int\u00e9grable Paroi Bloc d\u2019Alimentation: r\u00e9seau \u00e9lectrique Largeur: 60 cm Classification \u00e9nerg\u00e9tique: A Filtre: Acier inoxydable Mati\u00e8re: Acier [&hellip;]<\/p>\n","protected":false},"featured_media":84973,"comment_status":"open","ping_status":"closed","template":"","meta":[],"product_brand":[1386],"product_cat":[60,61,62],"product_tag":[56],"class_list":{"0":"post-84974","1":"product","2":"type-product","3":"status-publish","4":"has-post-thumbnail","6":"product_brand-brandp_679","7":"product_cat-cuisine-gourmet","8":"product_cat-equipement-de-cuisine","9":"product_cat-hottes-de-cuisine","10":"product_tag-tag_930","12":"first","13":"instock","14":"taxable","15":"shipping-taxable","16":"purchasable","17":"product-type-simple"},"_links":{"self":[{"href":"https:\/\/bigbuy.tupique.com\/en\/wp-json\/wp\/v2\/product\/84974","targetHints":{"allow":["GET"]}}],"collection":[{"href":"https:\/\/bigbuy.tupique.com\/en\/wp-json\/wp\/v2\/product"}],"about":[{"href":"https:\/\/bigbuy.tupique.com\/en\/wp-json\/wp\/v2\/types\/product"}],"replies":[{"embeddable":true,"href":"https:\/\/bigbuy.tupique.com\/en\/wp-json\/wp\/v2\/comments?post=84974"}],"wp:featuredmedia":[{"embeddable":true,"href":"https:\/\/bigbuy.tupique.com\/en\/wp-json\/wp\/v2\/media\/84973"}],"wp:attachment":[{"href":"https:\/\/bigbuy.tupique.com\/en\/wp-json\/wp\/v2\/media?parent=84974"}],"wp:term":[{"taxonomy":"product_brand","embeddable":true,"href":"https:\/\/bigbuy.tupique.com\/en\/wp-json\/wp\/v2\/product_brand?post=84974"},{"taxonomy":"product_cat","embeddable":true,"href":"https:\/\/bigbuy.tupique.com\/en\/wp-json\/wp\/v2\/product_cat?post=84974"},{"taxonomy":"product_tag","embeddable":true,"href":"https:\/\/bigbuy.tupique.com\/en\/wp-json\/wp\/v2\/product_tag?post=84974"}],"curies":[{"name":"wp","href":"https:\/\/api.w.org\/{rel}","templated":true}]}}