{"id":84841,"date":"2026-04-03T04:07:56","date_gmt":"2026-04-03T03:07:56","guid":{"rendered":"https:\/\/bigbuy.tupique.com\/produto\/wall-mounted-rack-cabinet-apc-er6402\/"},"modified":"2026-04-16T08:04:59","modified_gmt":"2026-04-16T07:04:59","slug":"wall-mounted-rack-cabinet-apc-er6402","status":"publish","type":"product","link":"https:\/\/bigbuy.tupique.com\/en\/produto\/wall-mounted-rack-cabinet-apc-er6402\/","title":{"rendered":"Armoire Murale Rack APC ER6402"},"content":{"rendered":"<p>Si vous \u00eates passionn\u00e9 d&#8217;<b>informatique et d&#8217;\u00e9lectronique<\/b>, si vous \u00eates \u00e0 la pointe de la technologie et qu&#8217;aucun d\u00e9tail ne vous \u00e9chappe, achetez <b>Armoire Murale Rack APC ER6402              <\/b> au meilleur prix.<\/p>\n<ul>\n<li>Type: Rangement<\/li>\n<li>Couleur: Noir<\/li>\n<li>Taille: 19&#8243;<\/li>\n<li>Capacit\u00e9: 24 uds<\/li>\n<li>Largeur: 600 mm<\/li>\n<li>Poids Max. support\u00e9: 600 kg<\/li>\n<\/ul>","protected":false},"excerpt":{"rendered":"<p>Si vous \u00eates passionn\u00e9 d&#8217;informatique et d&#8217;\u00e9lectronique, si vous \u00eates \u00e0 la pointe de la technologie et qu&#8217;aucun d\u00e9tail ne vous \u00e9chappe, achetez Armoire Murale Rack APC ER6402 au meilleur prix. Type: Rangement Couleur: Noir Taille: 19&#8243; Capacit\u00e9: 24 uds Largeur: 600 mm Poids Max. support\u00e9: 600 kg<\/p>","protected":false},"featured_media":84840,"comment_status":"open","ping_status":"closed","template":"","meta":[],"product_brand":[649],"product_cat":[605,65,584],"product_tag":[106],"class_list":{"0":"post-84841","1":"product","2":"type-product","3":"status-publish","4":"has-post-thumbnail","6":"product_brand-brandp_532","7":"product_cat-armoires-rack","8":"product_cat-informatique-electronique","9":"product_cat-informatique-reseaux-et-composants","10":"product_tag-tag_1295","12":"first","13":"instock","14":"taxable","15":"shipping-taxable","16":"purchasable","17":"product-type-simple"},"_links":{"self":[{"href":"https:\/\/bigbuy.tupique.com\/en\/wp-json\/wp\/v2\/product\/84841","targetHints":{"allow":["GET"]}}],"collection":[{"href":"https:\/\/bigbuy.tupique.com\/en\/wp-json\/wp\/v2\/product"}],"about":[{"href":"https:\/\/bigbuy.tupique.com\/en\/wp-json\/wp\/v2\/types\/product"}],"replies":[{"embeddable":true,"href":"https:\/\/bigbuy.tupique.com\/en\/wp-json\/wp\/v2\/comments?post=84841"}],"wp:featuredmedia":[{"embeddable":true,"href":"https:\/\/bigbuy.tupique.com\/en\/wp-json\/wp\/v2\/media\/84840"}],"wp:attachment":[{"href":"https:\/\/bigbuy.tupique.com\/en\/wp-json\/wp\/v2\/media?parent=84841"}],"wp:term":[{"taxonomy":"product_brand","embeddable":true,"href":"https:\/\/bigbuy.tupique.com\/en\/wp-json\/wp\/v2\/product_brand?post=84841"},{"taxonomy":"product_cat","embeddable":true,"href":"https:\/\/bigbuy.tupique.com\/en\/wp-json\/wp\/v2\/product_cat?post=84841"},{"taxonomy":"product_tag","embeddable":true,"href":"https:\/\/bigbuy.tupique.com\/en\/wp-json\/wp\/v2\/product_tag?post=84841"}],"curies":[{"name":"wp","href":"https:\/\/api.w.org\/{rel}","templated":true}]}}