{"id":84502,"date":"2026-04-03T03:33:41","date_gmt":"2026-04-03T02:33:41","guid":{"rendered":"https:\/\/bigbuy.tupique.com\/produto\/cd-radio-teac-cd-p750dab-b\/"},"modified":"2026-04-15T05:48:07","modified_gmt":"2026-04-15T04:48:07","slug":"cd-radio-teac-cd-p750dab-b","status":"publish","type":"product","link":"https:\/\/bigbuy.tupique.com\/en\/produto\/cd-radio-teac-cd-p750dab-b\/","title":{"rendered":"Radio CD Teac CD-P750DAB-B"},"content":{"rendered":"<p>Si vous \u00eates \u00e0 la recherche de nouvelles tendances sur le march\u00e9, nous vous pr\u00e9sentons <b>Radio CD Teac CD-P750DAB-B<\/b> !<\/p>","protected":false},"excerpt":{"rendered":"<p>Si vous \u00eates \u00e0 la recherche de nouvelles tendances sur le march\u00e9, nous vous pr\u00e9sentons Radio CD Teac CD-P750DAB-B !<\/p>","protected":false},"featured_media":84497,"comment_status":"open","ping_status":"closed","template":"","meta":[],"product_brand":[1573],"product_cat":[755,65,782],"product_tag":[101],"class_list":{"0":"post-84502","1":"product","2":"type-product","3":"status-publish","4":"has-post-thumbnail","6":"product_brand-brandp_10329","7":"product_cat-electronique-son","8":"product_cat-informatique-electronique","9":"product_cat-radio-cd","10":"product_tag-tag_599","12":"first","13":"instock","14":"taxable","15":"shipping-taxable","16":"purchasable","17":"product-type-simple"},"_links":{"self":[{"href":"https:\/\/bigbuy.tupique.com\/en\/wp-json\/wp\/v2\/product\/84502","targetHints":{"allow":["GET"]}}],"collection":[{"href":"https:\/\/bigbuy.tupique.com\/en\/wp-json\/wp\/v2\/product"}],"about":[{"href":"https:\/\/bigbuy.tupique.com\/en\/wp-json\/wp\/v2\/types\/product"}],"replies":[{"embeddable":true,"href":"https:\/\/bigbuy.tupique.com\/en\/wp-json\/wp\/v2\/comments?post=84502"}],"wp:featuredmedia":[{"embeddable":true,"href":"https:\/\/bigbuy.tupique.com\/en\/wp-json\/wp\/v2\/media\/84497"}],"wp:attachment":[{"href":"https:\/\/bigbuy.tupique.com\/en\/wp-json\/wp\/v2\/media?parent=84502"}],"wp:term":[{"taxonomy":"product_brand","embeddable":true,"href":"https:\/\/bigbuy.tupique.com\/en\/wp-json\/wp\/v2\/product_brand?post=84502"},{"taxonomy":"product_cat","embeddable":true,"href":"https:\/\/bigbuy.tupique.com\/en\/wp-json\/wp\/v2\/product_cat?post=84502"},{"taxonomy":"product_tag","embeddable":true,"href":"https:\/\/bigbuy.tupique.com\/en\/wp-json\/wp\/v2\/product_tag?post=84502"}],"curies":[{"name":"wp","href":"https:\/\/api.w.org\/{rel}","templated":true}]}}