{"id":80514,"date":"2026-04-02T21:56:22","date_gmt":"2026-04-02T20:56:22","guid":{"rendered":"https:\/\/bigbuy.tupique.com\/produto\/barcode-reader-with-support-honeywell-7190g-2usbx-0\/"},"modified":"2026-04-15T08:34:02","modified_gmt":"2026-04-15T07:34:02","slug":"barcode-reader-with-support-honeywell-7190g-2usbx-0","status":"publish","type":"product","link":"https:\/\/bigbuy.tupique.com\/en\/produto\/barcode-reader-with-support-honeywell-7190g-2usbx-0\/","title":{"rendered":"Lecteur de code barres avec support Honeywell 7190G-2USBX-0"},"content":{"rendered":"<p>Si vous \u00eates passionn\u00e9 d&#8217;<b>informatique et d&#8217;\u00e9lectronique<\/b>, si vous \u00eates \u00e0 la pointe de la technologie et qu&#8217;aucun d\u00e9tail ne vous \u00e9chappe, achetez <b>Lecteur de code barres avec support Honeywell 7190G-2USBX-0<\/b> au meilleur prix.<\/p>\n<ul>\n<li>Fr\u00e9quence: 30 fps<\/li>\n<li>Type de prise: Prise EU<\/li>\n<li>Dimensions approx.: 10,8 x 10,3 x 14,8 cm<\/li>\n<li>Produit \u00e0 brancher: Oui<\/li>\n<li>Format: Bureau<\/li>\n<li>Bloc d\u2019Alimentation:\n<ul>\n<li>r\u00e9seau \u00e9lectrique<\/li>\n<li>C\u00e2ble \u00e9lectrique<\/li>\n<li>Avec fil<\/li>\n<\/ul>\n<\/li>\n<li>Couleur: Noir<\/li>\n<li>Connexions: USB<\/li>\n<li>Tension: 5 V<\/li>\n<li>Compatible: 1D\/2D<\/li>\n<li>Certificat:\n<ul>\n<li>RoHS<\/li>\n<li>CE &amp; RoHS<\/li>\n<\/ul>\n<\/li>\n<\/ul>","protected":false},"excerpt":{"rendered":"<p>Si vous \u00eates passionn\u00e9 d&#8217;informatique et d&#8217;\u00e9lectronique, si vous \u00eates \u00e0 la pointe de la technologie et qu&#8217;aucun d\u00e9tail ne vous \u00e9chappe, achetez Lecteur de code barres avec support Honeywell 7190G-2USBX-0 au meilleur prix. Fr\u00e9quence: 30 fps Type de prise: Prise EU Dimensions approx.: 10,8 x 10,3 x 14,8 cm Produit \u00e0 brancher: Oui Format: [&hellip;]<\/p>\n","protected":false},"featured_media":85546,"comment_status":"open","ping_status":"closed","template":"","meta":[],"product_brand":[1066],"product_cat":[65,584,625],"product_tag":[210],"class_list":{"0":"post-80514","1":"product","2":"type-product","3":"status-publish","4":"has-post-thumbnail","6":"product_brand-brandp_591","7":"product_cat-informatique-electronique","8":"product_cat-informatique-reseaux-et-composants","9":"product_cat-multilecteurs","10":"product_tag-tag_25","12":"first","13":"instock","14":"taxable","15":"shipping-taxable","16":"purchasable","17":"product-type-simple"},"_links":{"self":[{"href":"https:\/\/bigbuy.tupique.com\/en\/wp-json\/wp\/v2\/product\/80514","targetHints":{"allow":["GET"]}}],"collection":[{"href":"https:\/\/bigbuy.tupique.com\/en\/wp-json\/wp\/v2\/product"}],"about":[{"href":"https:\/\/bigbuy.tupique.com\/en\/wp-json\/wp\/v2\/types\/product"}],"replies":[{"embeddable":true,"href":"https:\/\/bigbuy.tupique.com\/en\/wp-json\/wp\/v2\/comments?post=80514"}],"wp:featuredmedia":[{"embeddable":true,"href":"https:\/\/bigbuy.tupique.com\/en\/wp-json\/wp\/v2\/media\/85546"}],"wp:attachment":[{"href":"https:\/\/bigbuy.tupique.com\/en\/wp-json\/wp\/v2\/media?parent=80514"}],"wp:term":[{"taxonomy":"product_brand","embeddable":true,"href":"https:\/\/bigbuy.tupique.com\/en\/wp-json\/wp\/v2\/product_brand?post=80514"},{"taxonomy":"product_cat","embeddable":true,"href":"https:\/\/bigbuy.tupique.com\/en\/wp-json\/wp\/v2\/product_cat?post=80514"},{"taxonomy":"product_tag","embeddable":true,"href":"https:\/\/bigbuy.tupique.com\/en\/wp-json\/wp\/v2\/product_tag?post=80514"}],"curies":[{"name":"wp","href":"https:\/\/api.w.org\/{rel}","templated":true}]}}