{"id":78971,"date":"2026-04-02T20:38:48","date_gmt":"2026-04-02T19:38:48","guid":{"rendered":"https:\/\/bigbuy.tupique.com\/produto\/ram-memory-apacer-nox-2\/"},"modified":"2026-04-15T15:42:31","modified_gmt":"2026-04-15T14:42:31","slug":"ram-memory-apacer-nox-2","status":"publish","type":"product","link":"https:\/\/bigbuy.tupique.com\/en\/produto\/ram-memory-apacer-nox-2\/","title":{"rendered":"M\u00e9moire RAM Apacer NOX"},"content":{"rendered":"<p>Si vous \u00eates passionn\u00e9 d&#8217;<b>informatique et d&#8217;\u00e9lectronique<\/b>, si vous \u00eates \u00e0 la pointe de la technologie et qu&#8217;aucun d\u00e9tail ne vous \u00e9chappe, achetez <b>M\u00e9moire RAM Apacer NOX<\/b> au meilleur prix.<\/p>\n<ul>\n<li>Type: M\u00e9moire (RAM)<\/li>\n<li>Connexions: DIMM<\/li>\n<li>Capacit\u00e9: 16 GB<\/li>\n<li>Tension: 1,25 V<\/li>\n<li>vitesse: 5600 MHz<\/li>\n<li>Mati\u00e8re: Plastique<\/li>\n<li>Vitesse de rotation: 7200 rpm<\/li>\n<li>puissance: 50 W<\/li>\n<li>Type de batterie: Batterie au lithium rechargeable<\/li>\n<\/ul>","protected":false},"excerpt":{"rendered":"<p>Si vous \u00eates passionn\u00e9 d&#8217;informatique et d&#8217;\u00e9lectronique, si vous \u00eates \u00e0 la pointe de la technologie et qu&#8217;aucun d\u00e9tail ne vous \u00e9chappe, achetez M\u00e9moire RAM Apacer NOX au meilleur prix. Type: M\u00e9moire (RAM) Connexions: DIMM Capacit\u00e9: 16 GB Tension: 1,25 V vitesse: 5600 MHz Mati\u00e8re: Plastique Vitesse de rotation: 7200 rpm puissance: 50 W Type [&hellip;]<\/p>\n","protected":false},"featured_media":78967,"comment_status":"open","ping_status":"closed","template":"","meta":[],"product_brand":[1708],"product_cat":[65,584,593],"product_tag":[106],"class_list":{"0":"post-78971","1":"product","2":"type-product","3":"status-publish","4":"has-post-thumbnail","6":"product_brand-brandp_8975","7":"product_cat-informatique-electronique","8":"product_cat-informatique-reseaux-et-composants","9":"product_cat-memoires-ram","10":"product_tag-tag_1295","12":"first","13":"instock","14":"taxable","15":"shipping-taxable","16":"purchasable","17":"product-type-simple"},"_links":{"self":[{"href":"https:\/\/bigbuy.tupique.com\/en\/wp-json\/wp\/v2\/product\/78971","targetHints":{"allow":["GET"]}}],"collection":[{"href":"https:\/\/bigbuy.tupique.com\/en\/wp-json\/wp\/v2\/product"}],"about":[{"href":"https:\/\/bigbuy.tupique.com\/en\/wp-json\/wp\/v2\/types\/product"}],"replies":[{"embeddable":true,"href":"https:\/\/bigbuy.tupique.com\/en\/wp-json\/wp\/v2\/comments?post=78971"}],"wp:featuredmedia":[{"embeddable":true,"href":"https:\/\/bigbuy.tupique.com\/en\/wp-json\/wp\/v2\/media\/78967"}],"wp:attachment":[{"href":"https:\/\/bigbuy.tupique.com\/en\/wp-json\/wp\/v2\/media?parent=78971"}],"wp:term":[{"taxonomy":"product_brand","embeddable":true,"href":"https:\/\/bigbuy.tupique.com\/en\/wp-json\/wp\/v2\/product_brand?post=78971"},{"taxonomy":"product_cat","embeddable":true,"href":"https:\/\/bigbuy.tupique.com\/en\/wp-json\/wp\/v2\/product_cat?post=78971"},{"taxonomy":"product_tag","embeddable":true,"href":"https:\/\/bigbuy.tupique.com\/en\/wp-json\/wp\/v2\/product_tag?post=78971"}],"curies":[{"name":"wp","href":"https:\/\/api.w.org\/{rel}","templated":true}]}}