{"id":78921,"date":"2026-04-02T20:37:16","date_gmt":"2026-04-02T19:37:16","guid":{"rendered":"https:\/\/bigbuy.tupique.com\/produto\/graphics-card-gigaset-geforce-rtx-5060-eagle-oc-8g-geforce-rtx-5060-8-gb-gddr7\/"},"modified":"2026-04-15T08:33:42","modified_gmt":"2026-04-15T07:33:42","slug":"graphics-card-gigaset-geforce-rtx-5060-eagle-oc-8g-geforce-rtx-5060-8-gb-gddr7","status":"publish","type":"product","link":"https:\/\/bigbuy.tupique.com\/en\/produto\/graphics-card-gigaset-geforce-rtx-5060-eagle-oc-8g-geforce-rtx-5060-8-gb-gddr7\/","title":{"rendered":"Carte Graphique Gigaset GeForce RTX 5060 EAGLE OC 8G GEFORCE RTX 5060 8 GB GDDR7"},"content":{"rendered":"<p>Si vous \u00eates passionn\u00e9 d&#8217;<b>informatique et d&#8217;\u00e9lectronique<\/b>, si vous \u00eates \u00e0 la pointe de la technologie et qu&#8217;aucun d\u00e9tail ne vous \u00e9chappe, achetez <b>Carte Graphique Gigaset GeForce RTX 5060 EAGLE OC 8G GEFORCE RTX 5060 8 GB GDDR7<\/b> au meilleur prix.<\/p>\n<p>La <b>carte graphique GIGABYTE avec chipset GEFORCE RTX 5060<\/b> est un composant essentiel pour les utilisateurs exigeant de hautes performances graphiques en jeux vid\u00e9o, conception 3D et applications professionnelles. Cette <b>carte graphique (GPU)<\/b> offre une connectivit\u00e9 polyvalente avec un total de <b>trois ports DisplayPort<\/b> et <b>un port HDMI<\/b>, facilitant la connexion simultan\u00e9e \u00e0 plusieurs moniteurs ou \u00e9crans externes haute r\u00e9solution. Pour son alimentation, elle dispose d\u2019un <b>connecteur 8 broches<\/b>, garantissant une alimentation stable et adapt\u00e9e, indispensable pour maintenir des performances optimales lors de t\u00e2ches graphiques intensives. Le chipset GEFORCE RTX 5060 int\u00e8gre des technologies avanc\u00e9es de l\u2019architecture NVIDIA permettant un traitement efficace des graphismes, le support du ray tracing en temps r\u00e9el et une meilleure gestion des charges via l\u2019IA, offrant des images plus r\u00e9alistes et une rapidit\u00e9 de rendu accrue. Son design \u00e9quilibr\u00e9 et ses connexions permettent son int\u00e9gration dans des PC de bureau destin\u00e9s au gaming en qualit\u00e9 moyenne \u00e0 \u00e9lev\u00e9e ainsi que dans des stations de travail cr\u00e9atives n\u00e9cessitant fluidit\u00e9 en montage visuel ou mod\u00e9lisation. Le format standard et les options de connectivit\u00e9 de cette carte facilitent sa mise \u00e0 jour ou installation dans des syst\u00e8mes compatibles sans difficult\u00e9. En r\u00e9sum\u00e9, cette carte graphique GIGABYTE RTX 5060 propose une solution fiable pour ceux qui recherchent un bon compromis entre performance graphique et flexibilit\u00e9 de connexion pour leurs \u00e9quipements informatiques.<\/p>\n<ul>\n<li>Type:\n<ul>\n<li>Carte graphique (GPU)<\/li>\n<li>Ventillateur x 2<\/li>\n<li>PCI Express 3.0<\/li>\n<\/ul>\n<\/li>\n<li>Connexions:\n<ul>\n<li>HDMI x 1<\/li>\n<li>HDMI<\/li>\n<li>DisplayPort x 3<\/li>\n<li>8-pin x 1<\/li>\n<\/ul>\n<\/li>\n<li>Poids approx.: 540 g<\/li>\n<li>\u00c9lev\u00e9: 12 cm<\/li>\n<li>Poids: 540 g<\/li>\n<li>Profondeur: 40 mm<\/li>\n<li>Technologie: NVIDIA G-SYNC<\/li>\n<li>Long:\n<ul>\n<li>4 cm<\/li>\n<li>20,8 cm<\/li>\n<\/ul>\n<\/li>\n<li>Source d&#8217;alimentation recommand\u00e9e: 450 W<\/li>\n<li>Non Inclus: DUAL LINK DVI<\/li>\n<li>vitesse: 2550 MHZ<\/li>\n<li>Couleur: Noir<\/li>\n<li>Caract\u00e9ristiques:\n<ul>\n<li>Guide d&#8217;installation inclus<\/li>\n<li>OpenGL 4.6<\/li>\n<\/ul>\n<\/li>\n<li>Ventillateur: 2<\/li>\n<li>M\u00e9moire RAM: 8 GB RAM<\/li>\n<li>Compatible: Ordinateurs<\/li>\n<li>Interface: DirectX 12.0<\/li>\n<li>R\u00e9solution (px): 7680 x 4320 px<\/li>\n<li>\u00c9crans support\u00e9s: x 4<\/li>\n<li>Capacit\u00e9 m\u00e9moire graphique: 8 GB<\/li>\n<li>Type de m\u00e9moire: GDDR7<\/li>\n<li>Chipset: GEFORCE RTX 5060<\/li>\n<\/ul>","protected":false},"excerpt":{"rendered":"<p>Si vous \u00eates passionn\u00e9 d&#8217;informatique et d&#8217;\u00e9lectronique, si vous \u00eates \u00e0 la pointe de la technologie et qu&#8217;aucun d\u00e9tail ne vous \u00e9chappe, achetez Carte Graphique Gigaset GeForce RTX 5060 EAGLE OC 8G GEFORCE RTX 5060 8 GB GDDR7 au meilleur prix. La carte graphique GIGABYTE avec chipset GEFORCE RTX 5060 est un composant essentiel pour [&hellip;]<\/p>\n","protected":false},"featured_media":78892,"comment_status":"open","ping_status":"closed","template":"","meta":[],"product_brand":[1713],"product_cat":[1223,65,584],"product_tag":[106],"class_list":{"0":"post-78921","1":"product","2":"type-product","3":"status-publish","4":"has-post-thumbnail","6":"product_brand-brandp_991","7":"product_cat-cartes-graphiques","8":"product_cat-informatique-electronique","9":"product_cat-informatique-reseaux-et-composants","10":"product_tag-tag_1295","12":"first","13":"instock","14":"taxable","15":"shipping-taxable","16":"purchasable","17":"product-type-simple"},"_links":{"self":[{"href":"https:\/\/bigbuy.tupique.com\/en\/wp-json\/wp\/v2\/product\/78921","targetHints":{"allow":["GET"]}}],"collection":[{"href":"https:\/\/bigbuy.tupique.com\/en\/wp-json\/wp\/v2\/product"}],"about":[{"href":"https:\/\/bigbuy.tupique.com\/en\/wp-json\/wp\/v2\/types\/product"}],"replies":[{"embeddable":true,"href":"https:\/\/bigbuy.tupique.com\/en\/wp-json\/wp\/v2\/comments?post=78921"}],"wp:featuredmedia":[{"embeddable":true,"href":"https:\/\/bigbuy.tupique.com\/en\/wp-json\/wp\/v2\/media\/78892"}],"wp:attachment":[{"href":"https:\/\/bigbuy.tupique.com\/en\/wp-json\/wp\/v2\/media?parent=78921"}],"wp:term":[{"taxonomy":"product_brand","embeddable":true,"href":"https:\/\/bigbuy.tupique.com\/en\/wp-json\/wp\/v2\/product_brand?post=78921"},{"taxonomy":"product_cat","embeddable":true,"href":"https:\/\/bigbuy.tupique.com\/en\/wp-json\/wp\/v2\/product_cat?post=78921"},{"taxonomy":"product_tag","embeddable":true,"href":"https:\/\/bigbuy.tupique.com\/en\/wp-json\/wp\/v2\/product_tag?post=78921"}],"curies":[{"name":"wp","href":"https:\/\/api.w.org\/{rel}","templated":true}]}}