{"id":78734,"date":"2026-04-02T20:26:43","date_gmt":"2026-04-02T19:26:43","guid":{"rendered":"https:\/\/bigbuy.tupique.com\/produto\/external-hard-drive-samsung-t5-evo-25-2-tb-ssd\/"},"modified":"2026-04-15T21:38:30","modified_gmt":"2026-04-15T20:38:30","slug":"external-hard-drive-samsung-t5-evo-25-2-tb-ssd","status":"publish","type":"product","link":"https:\/\/bigbuy.tupique.com\/en\/produto\/external-hard-drive-samsung-t5-evo-25-2-tb-ssd\/","title":{"rendered":"Disque Dur Externe Samsung T5 EVO 2,5&#8243; 2 TB SSD"},"content":{"rendered":"<p>Si vous \u00eates passionn\u00e9 d&#8217;<b>informatique et d&#8217;\u00e9lectronique<\/b>, si vous \u00eates \u00e0 la pointe de la technologie et qu&#8217;aucun d\u00e9tail ne vous \u00e9chappe, achetez <b>Disque Dur Externe Samsung T5 EVO 2,5&#8243; 2 TB SSD<\/b> au meilleur prix.<\/p>\n<p>Le <b>Samsung T5 EVO<\/b> est un <b>disque dur externe<\/b> qui allie un design compact \u00e0 une grande capacit\u00e9 et rapidit\u00e9, id\u00e9al pour les utilisateurs ayant besoin d\u2019un stockage fiable et portable. Son format <b>2,5 pouces<\/b> le rend tr\u00e8s maniable et compatible avec une large gamme d\u2019appareils. Ce mod\u00e8le offre une <b>capacit\u00e9 de 2 To en format SSD<\/b>, garantissant un grand espace pour stocker de nombreux fichiers, des m\u00e9dias aux documents professionnels. En tant que disque \u00e0 \u00e9tat solide (<b>SSD<\/b>), il propose des vitesses de transfert allant jusqu\u2019\u00e0 <b>460 Mo\/s en lecture et \u00e9criture<\/b>, permettant un acc\u00e8s rapide et efficace aux donn\u00e9es et une r\u00e9duction notable des temps d\u2019attente par rapport aux disques durs traditionnels. Il dispose \u00e9galement d\u2019une interface de <b>connexion USB 3.2<\/b>, assurant la compatibilit\u00e9 avec les \u00e9quipements modernes et optimisant les performances de transfert. Sa finition en <b>noir<\/b> lui conf\u00e8re un aspect \u00e9l\u00e9gant et sobre, parfait pour un usage professionnel ou personnel. Ce dispositif s\u2019adresse aux utilisateurs sous <b>Windows<\/b> recherchant un appareil externe robuste, l\u00e9ger et durable pour sauvegarder, transporter ou partager facilement et rapidement des donn\u00e9es importantes. En r\u00e9sum\u00e9, le Samsung T5 EVO est une solution \u00e9quilibr\u00e9e offrant haute performance et grande capacit\u00e9 dans un format portable, adapt\u00e9e \u00e0 ceux qui exigent un stockage efficace et un transport rapide des donn\u00e9es.<\/p>\n<ul>\n<li>Type:\n<ul>\n<li>Disque Dur Externe<\/li>\n<li>SSD<\/li>\n<\/ul>\n<\/li>\n<li>Technologie: SSD<\/li>\n<li>Disque dur:\n<ul>\n<li>2 TB HDD<\/li>\n<li>2 TB SSD<\/li>\n<\/ul>\n<\/li>\n<li>Connexions:\n<ul>\n<li>USB-C<\/li>\n<li>USB<\/li>\n<li>USB 3.2<\/li>\n<\/ul>\n<\/li>\n<li>Syst\u00e8me d&#8217;exploitation: macOS<\/li>\n<li>vitesse: 460 MB\/S<\/li>\n<li>Compatible:\n<ul>\n<li>Android<\/li>\n<li>Windows<\/li>\n<li>Mac OS<\/li>\n<\/ul>\n<\/li>\n<li>Largeur: 40 mm<\/li>\n<li>Couleur: Noir<\/li>\n<li>Certificat: RoHS<\/li>\n<li>Taille: 2,5&#8243;<\/li>\n<li>Non Inclus: Wi-Fi<\/li>\n<li>Ecran: 16&#8243;<\/li>\n<li>Type de stockage: SSD<\/li>\n<\/ul>","protected":false},"excerpt":{"rendered":"<p>Si vous \u00eates passionn\u00e9 d&#8217;informatique et d&#8217;\u00e9lectronique, si vous \u00eates \u00e0 la pointe de la technologie et qu&#8217;aucun d\u00e9tail ne vous \u00e9chappe, achetez Disque Dur Externe Samsung T5 EVO 2,5&#8243; 2 TB SSD au meilleur prix. Le Samsung T5 EVO est un disque dur externe qui allie un design compact \u00e0 une grande capacit\u00e9 et [&hellip;]<\/p>\n","protected":false},"featured_media":191254,"comment_status":"open","ping_status":"closed","template":"","meta":[],"product_brand":[183],"product_cat":[588,65,584],"product_tag":[106],"class_list":{"0":"post-78734","1":"product","2":"type-product","3":"status-publish","4":"has-post-thumbnail","6":"product_brand-brandp_576","7":"product_cat-disques-durs","8":"product_cat-informatique-electronique","9":"product_cat-informatique-reseaux-et-composants","10":"product_tag-tag_1295","12":"first","13":"instock","14":"taxable","15":"shipping-taxable","16":"purchasable","17":"product-type-simple"},"_links":{"self":[{"href":"https:\/\/bigbuy.tupique.com\/en\/wp-json\/wp\/v2\/product\/78734","targetHints":{"allow":["GET"]}}],"collection":[{"href":"https:\/\/bigbuy.tupique.com\/en\/wp-json\/wp\/v2\/product"}],"about":[{"href":"https:\/\/bigbuy.tupique.com\/en\/wp-json\/wp\/v2\/types\/product"}],"replies":[{"embeddable":true,"href":"https:\/\/bigbuy.tupique.com\/en\/wp-json\/wp\/v2\/comments?post=78734"}],"wp:featuredmedia":[{"embeddable":true,"href":"https:\/\/bigbuy.tupique.com\/en\/wp-json\/wp\/v2\/media\/191254"}],"wp:attachment":[{"href":"https:\/\/bigbuy.tupique.com\/en\/wp-json\/wp\/v2\/media?parent=78734"}],"wp:term":[{"taxonomy":"product_brand","embeddable":true,"href":"https:\/\/bigbuy.tupique.com\/en\/wp-json\/wp\/v2\/product_brand?post=78734"},{"taxonomy":"product_cat","embeddable":true,"href":"https:\/\/bigbuy.tupique.com\/en\/wp-json\/wp\/v2\/product_cat?post=78734"},{"taxonomy":"product_tag","embeddable":true,"href":"https:\/\/bigbuy.tupique.com\/en\/wp-json\/wp\/v2\/product_tag?post=78734"}],"curies":[{"name":"wp","href":"https:\/\/api.w.org\/{rel}","templated":true}]}}