{"id":78617,"date":"2026-04-02T20:22:46","date_gmt":"2026-04-02T19:22:46","guid":{"rendered":"https:\/\/bigbuy.tupique.com\/produto\/external-hard-drive-samsung-mu-pe1t0r-1-tb-ssd\/"},"modified":"2026-04-15T08:30:48","modified_gmt":"2026-04-15T07:30:48","slug":"external-hard-drive-samsung-mu-pe1t0r-1-tb-ssd","status":"publish","type":"product","link":"https:\/\/bigbuy.tupique.com\/en\/produto\/external-hard-drive-samsung-mu-pe1t0r-1-tb-ssd\/","title":{"rendered":"Disque Dur Externe Samsung MU-PE1T0R 1 TB SSD"},"content":{"rendered":"<p>Si vous \u00eates passionn\u00e9 d&#8217;<b>informatique et d&#8217;\u00e9lectronique<\/b>, si vous \u00eates \u00e0 la pointe de la technologie et qu&#8217;aucun d\u00e9tail ne vous \u00e9chappe, achetez <b>Disque Dur Externe Samsung MU-PE1T0R 1 TB SSD<\/b> au meilleur prix.<\/p>\n<ul>\n<li>Type:\n<ul>\n<li>Disque Dur Externe<\/li>\n<li>SSD<\/li>\n<\/ul>\n<\/li>\n<li>Mati\u00e8re: Caoutchouc<\/li>\n<li>Caract\u00e9ristiques:\n<ul>\n<li>R\u00e9sistant \u00e0 l&#8217;eau<\/li>\n<li>R\u00e9sistant \u00e0 la poussi\u00e8re<\/li>\n<li>Protection des donn\u00e9es\/mot de passe<\/li>\n<\/ul>\n<\/li>\n<li>Technologie: SSD<\/li>\n<li>Certificat:\n<ul>\n<li>RoHS<\/li>\n<li>CE<\/li>\n<li>CE &#8211; RoHS<\/li>\n<\/ul>\n<\/li>\n<li>Taille: 2,5&#8243;<\/li>\n<li>Poids approx.: 98 g<\/li>\n<li>vitesse:\n<ul>\n<li>1000 MB\/s<\/li>\n<li>1050 MB\/s<\/li>\n<\/ul>\n<\/li>\n<li>Disque dur: 1 TB SSD<\/li>\n<li>Largeur: 59 mm<\/li>\n<li>Profondeur: 13 mm<\/li>\n<li>Type de stockage: SSD<\/li>\n<li>Connexions:\n<ul>\n<li>USB-C 3.2<\/li>\n<li>USB<\/li>\n<li>USB-C<\/li>\n<li>USB 3.2<\/li>\n<\/ul>\n<\/li>\n<li>\u00c9lev\u00e9: 8,8 cm<\/li>\n<li>Couleur: Bleu<\/li>\n<\/ul>","protected":false},"excerpt":{"rendered":"<p>Si vous \u00eates passionn\u00e9 d&#8217;informatique et d&#8217;\u00e9lectronique, si vous \u00eates \u00e0 la pointe de la technologie et qu&#8217;aucun d\u00e9tail ne vous \u00e9chappe, achetez Disque Dur Externe Samsung MU-PE1T0R 1 TB SSD au meilleur prix. Type: Disque Dur Externe SSD Mati\u00e8re: Caoutchouc Caract\u00e9ristiques: R\u00e9sistant \u00e0 l&#8217;eau R\u00e9sistant \u00e0 la poussi\u00e8re Protection des donn\u00e9es\/mot de passe Technologie: [&hellip;]<\/p>\n","protected":false},"featured_media":78579,"comment_status":"open","ping_status":"closed","template":"","meta":[],"product_brand":[183],"product_cat":[588,65,584],"product_tag":[106],"class_list":{"0":"post-78617","1":"product","2":"type-product","3":"status-publish","4":"has-post-thumbnail","6":"product_brand-brandp_576","7":"product_cat-disques-durs","8":"product_cat-informatique-electronique","9":"product_cat-informatique-reseaux-et-composants","10":"product_tag-tag_1295","12":"first","13":"instock","14":"taxable","15":"shipping-taxable","16":"purchasable","17":"product-type-simple"},"_links":{"self":[{"href":"https:\/\/bigbuy.tupique.com\/en\/wp-json\/wp\/v2\/product\/78617","targetHints":{"allow":["GET"]}}],"collection":[{"href":"https:\/\/bigbuy.tupique.com\/en\/wp-json\/wp\/v2\/product"}],"about":[{"href":"https:\/\/bigbuy.tupique.com\/en\/wp-json\/wp\/v2\/types\/product"}],"replies":[{"embeddable":true,"href":"https:\/\/bigbuy.tupique.com\/en\/wp-json\/wp\/v2\/comments?post=78617"}],"wp:featuredmedia":[{"embeddable":true,"href":"https:\/\/bigbuy.tupique.com\/en\/wp-json\/wp\/v2\/media\/78579"}],"wp:attachment":[{"href":"https:\/\/bigbuy.tupique.com\/en\/wp-json\/wp\/v2\/media?parent=78617"}],"wp:term":[{"taxonomy":"product_brand","embeddable":true,"href":"https:\/\/bigbuy.tupique.com\/en\/wp-json\/wp\/v2\/product_brand?post=78617"},{"taxonomy":"product_cat","embeddable":true,"href":"https:\/\/bigbuy.tupique.com\/en\/wp-json\/wp\/v2\/product_cat?post=78617"},{"taxonomy":"product_tag","embeddable":true,"href":"https:\/\/bigbuy.tupique.com\/en\/wp-json\/wp\/v2\/product_tag?post=78617"}],"curies":[{"name":"wp","href":"https:\/\/api.w.org\/{rel}","templated":true}]}}