{"id":78279,"date":"2026-04-02T20:01:19","date_gmt":"2026-04-02T19:01:19","guid":{"rendered":"https:\/\/bigbuy.tupique.com\/produto\/ram-memory-hpe-p43331-b21-64-gb-ddr5-4800-mhz-cl40\/"},"modified":"2026-04-16T02:37:44","modified_gmt":"2026-04-16T01:37:44","slug":"ram-memory-hpe-p43331-b21-64-gb-ddr5-4800-mhz-cl40","status":"publish","type":"product","link":"https:\/\/bigbuy.tupique.com\/en\/produto\/ram-memory-hpe-p43331-b21-64-gb-ddr5-4800-mhz-cl40\/","title":{"rendered":"M\u00e9moire RAM HPE P43331-B21 64 GB DDR5 4800 MHz CL40"},"content":{"rendered":"<p>Si vous \u00eates passionn\u00e9 d&#8217;<b>informatique et d&#8217;\u00e9lectronique<\/b>, si vous \u00eates \u00e0 la pointe de la technologie et qu&#8217;aucun d\u00e9tail ne vous \u00e9chappe, achetez <b>M\u00e9moire RAM HPE P43331-B21 64 GB DDR5 4800 MHz CL40<\/b> au meilleur prix.<\/p>\n<ul>\n<li>Type:\n<ul>\n<li>M\u00e9moire (RAM)<\/li>\n<li>DDR5<\/li>\n<\/ul>\n<\/li>\n<li>Poids:\n<ul>\n<li>45 g<\/li>\n<li>40 g<\/li>\n<\/ul>\n<\/li>\n<li>Profondeur: 19,1 mm<\/li>\n<li>vitesse: 4800 MHz<\/li>\n<li>M\u00e9moire interne: 64 GB<\/li>\n<li>Format: 1 x 64 gb<\/li>\n<li>Largeur: 88,9 mm<\/li>\n<li>Poids approx.: 45 g<\/li>\n<li>\u00c9lev\u00e9: 8,9 cm<\/li>\n<li>Couleur: Multicouleur<\/li>\n<li>Mati\u00e8re: Plastique<\/li>\n<li>Disque dur: 64 GB<\/li>\n<li>Vitesse de rotation: 7200 rpm<\/li>\n<li>puissance: 50 W<\/li>\n<li>Tension: 1,1 V<\/li>\n<li>Facteur de forme: 288-pin DIMM<\/li>\n<li>Compatible: PC\/Server<\/li>\n<li>Latence: CL40<\/li>\n<li>Type de m\u00e9moire: DDR5<\/li>\n<li>Capacit\u00e9: 64 GB<\/li>\n<\/ul>","protected":false},"excerpt":{"rendered":"<p>Si vous \u00eates passionn\u00e9 d&#8217;informatique et d&#8217;\u00e9lectronique, si vous \u00eates \u00e0 la pointe de la technologie et qu&#8217;aucun d\u00e9tail ne vous \u00e9chappe, achetez M\u00e9moire RAM HPE P43331-B21 64 GB DDR5 4800 MHz CL40 au meilleur prix. Type: M\u00e9moire (RAM) DDR5 Poids: 45 g 40 g Profondeur: 19,1 mm vitesse: 4800 MHz M\u00e9moire interne: 64 GB [&hellip;]<\/p>\n","protected":false},"featured_media":192473,"comment_status":"open","ping_status":"closed","template":"","meta":[],"product_brand":[644],"product_cat":[65,584,593],"product_tag":[106],"class_list":{"0":"post-78279","1":"product","2":"type-product","3":"status-publish","4":"has-post-thumbnail","6":"product_brand-brandp_662","7":"product_cat-informatique-electronique","8":"product_cat-informatique-reseaux-et-composants","9":"product_cat-memoires-ram","10":"product_tag-tag_1295","12":"first","13":"instock","14":"taxable","15":"shipping-taxable","16":"purchasable","17":"product-type-simple"},"_links":{"self":[{"href":"https:\/\/bigbuy.tupique.com\/en\/wp-json\/wp\/v2\/product\/78279","targetHints":{"allow":["GET"]}}],"collection":[{"href":"https:\/\/bigbuy.tupique.com\/en\/wp-json\/wp\/v2\/product"}],"about":[{"href":"https:\/\/bigbuy.tupique.com\/en\/wp-json\/wp\/v2\/types\/product"}],"replies":[{"embeddable":true,"href":"https:\/\/bigbuy.tupique.com\/en\/wp-json\/wp\/v2\/comments?post=78279"}],"wp:featuredmedia":[{"embeddable":true,"href":"https:\/\/bigbuy.tupique.com\/en\/wp-json\/wp\/v2\/media\/192473"}],"wp:attachment":[{"href":"https:\/\/bigbuy.tupique.com\/en\/wp-json\/wp\/v2\/media?parent=78279"}],"wp:term":[{"taxonomy":"product_brand","embeddable":true,"href":"https:\/\/bigbuy.tupique.com\/en\/wp-json\/wp\/v2\/product_brand?post=78279"},{"taxonomy":"product_cat","embeddable":true,"href":"https:\/\/bigbuy.tupique.com\/en\/wp-json\/wp\/v2\/product_cat?post=78279"},{"taxonomy":"product_tag","embeddable":true,"href":"https:\/\/bigbuy.tupique.com\/en\/wp-json\/wp\/v2\/product_tag?post=78279"}],"curies":[{"name":"wp","href":"https:\/\/api.w.org\/{rel}","templated":true}]}}