{"id":78239,"date":"2026-04-02T19:59:48","date_gmt":"2026-04-02T18:59:48","guid":{"rendered":"https:\/\/bigbuy.tupique.com\/produto\/processor-amd-100-100001904wof-amd-am5\/"},"modified":"2026-04-15T08:30:47","modified_gmt":"2026-04-15T07:30:47","slug":"processor-amd-100-100001904wof-amd-am5","status":"publish","type":"product","link":"https:\/\/bigbuy.tupique.com\/en\/produto\/processor-amd-100-100001904wof-amd-am5\/","title":{"rendered":"Processeur AMD 100-100001904WOF AMD AM5"},"content":{"rendered":"<p>Si vous \u00eates passionn\u00e9 d&#8217;<b>informatique et d&#8217;\u00e9lectronique<\/b>, si vous \u00eates \u00e0 la pointe de la technologie et qu&#8217;aucun d\u00e9tail ne vous \u00e9chappe, achetez <b>Processeur AMD 100-100001904WOF AMD AM5<\/b> au meilleur prix.<\/p>\n<ul>\n<li>Type: Jeux<\/li>\n<li>M\u00e9moire RAM maximale: 128 GB<\/li>\n<li>Nombre de fils: 12<\/li>\n<li>Vitesse de m\u00e9moire support\u00e9e: 3600 mhz<\/li>\n<li>Couleur: Noir<\/li>\n<li>Poids approx.: 250 g<\/li>\n<li>puissance: 65 W<\/li>\n<li>vitesse: 3600 MHz<\/li>\n<li>Exigences: 64 bits<\/li>\n<li>Taille maximale de la carte m\u00e9moire: 128 GB<\/li>\n<li>Caract\u00e9ristiques: Adaptateur graphique int\u00e9gr\u00e9<\/li>\n<li>Non Inclus: Adaptateur graphique discret<\/li>\n<li>Fr\u00e9quence: 4,5 GHz<\/li>\n<li>Socket: AMD AM5<\/li>\n<li>Noyaux: 6 Noyaux<\/li>\n<li>Famille de processeurs:\n<ul>\n<li>AMD Ryzen 5<\/li>\n<li>AMD<\/li>\n<\/ul>\n<\/li>\n<li>Contr\u00f4leur graphique: AMD RADEON GRAPHICS<\/li>\n<li>Lithographie: 5 NM<\/li>\n<\/ul>","protected":false},"excerpt":{"rendered":"<p>Si vous \u00eates passionn\u00e9 d&#8217;informatique et d&#8217;\u00e9lectronique, si vous \u00eates \u00e0 la pointe de la technologie et qu&#8217;aucun d\u00e9tail ne vous \u00e9chappe, achetez Processeur AMD 100-100001904WOF AMD AM5 au meilleur prix. Type: Jeux M\u00e9moire RAM maximale: 128 GB Nombre de fils: 12 Vitesse de m\u00e9moire support\u00e9e: 3600 mhz Couleur: Noir Poids approx.: 250 g puissance: [&hellip;]<\/p>\n","protected":false},"featured_media":78230,"comment_status":"open","ping_status":"closed","template":"","meta":[],"product_brand":[801],"product_cat":[65,584,743],"product_tag":[106],"class_list":{"0":"post-78239","1":"product","2":"type-product","3":"status-publish","4":"has-post-thumbnail","6":"product_brand-brandp_531","7":"product_cat-informatique-electronique","8":"product_cat-informatique-reseaux-et-composants","9":"product_cat-processeurs","10":"product_tag-tag_1295","12":"first","13":"instock","14":"taxable","15":"shipping-taxable","16":"purchasable","17":"product-type-simple"},"_links":{"self":[{"href":"https:\/\/bigbuy.tupique.com\/en\/wp-json\/wp\/v2\/product\/78239","targetHints":{"allow":["GET"]}}],"collection":[{"href":"https:\/\/bigbuy.tupique.com\/en\/wp-json\/wp\/v2\/product"}],"about":[{"href":"https:\/\/bigbuy.tupique.com\/en\/wp-json\/wp\/v2\/types\/product"}],"replies":[{"embeddable":true,"href":"https:\/\/bigbuy.tupique.com\/en\/wp-json\/wp\/v2\/comments?post=78239"}],"wp:featuredmedia":[{"embeddable":true,"href":"https:\/\/bigbuy.tupique.com\/en\/wp-json\/wp\/v2\/media\/78230"}],"wp:attachment":[{"href":"https:\/\/bigbuy.tupique.com\/en\/wp-json\/wp\/v2\/media?parent=78239"}],"wp:term":[{"taxonomy":"product_brand","embeddable":true,"href":"https:\/\/bigbuy.tupique.com\/en\/wp-json\/wp\/v2\/product_brand?post=78239"},{"taxonomy":"product_cat","embeddable":true,"href":"https:\/\/bigbuy.tupique.com\/en\/wp-json\/wp\/v2\/product_cat?post=78239"},{"taxonomy":"product_tag","embeddable":true,"href":"https:\/\/bigbuy.tupique.com\/en\/wp-json\/wp\/v2\/product_tag?post=78239"}],"curies":[{"name":"wp","href":"https:\/\/api.w.org\/{rel}","templated":true}]}}