{"id":78194,"date":"2026-04-02T19:58:30","date_gmt":"2026-04-02T18:58:30","guid":{"rendered":"https:\/\/bigbuy.tupique.com\/produto\/external-hard-drive-seagate-stkp10000400-black-10-tb-2\/"},"modified":"2026-04-15T08:30:43","modified_gmt":"2026-04-15T07:30:43","slug":"external-hard-drive-seagate-stkp10000400-black-10-tb-2","status":"publish","type":"product","link":"https:\/\/bigbuy.tupique.com\/en\/produto\/external-hard-drive-seagate-stkp10000400-black-10-tb-2\/","title":{"rendered":"Disque Dur Externe Seagate STKP10000400 Noir 10 TB"},"content":{"rendered":"<p>Si vous \u00eates passionn\u00e9 d&#8217;<b>informatique et d&#8217;\u00e9lectronique<\/b>, si vous \u00eates \u00e0 la pointe de la technologie et qu&#8217;aucun d\u00e9tail ne vous \u00e9chappe, achetez <b>Disque Dur Externe Seagate STKP10000400 Noir 10 TB<\/b> au meilleur prix.<\/p>\n<p>Le <b>disque dur externe<\/b> <b>Seagate Expansion STKP10000400<\/b> offre une solution de stockage haute capacit\u00e9 et simple d\u2019utilisation, id\u00e9ale pour les sauvegardes et l\u2019extension de l\u2019espace sur ordinateurs de bureau et portables. Avec une <b>capacit\u00e9 de 10 To<\/b> au format <b>HDD 3,5&#8243;<\/b>, il permet de conserver de vastes biblioth\u00e8ques de donn\u00e9es, comme des fichiers professionnels, projets multim\u00e9dia, jeux ou collections de photos et vid\u00e9os, en les regroupant sur un seul appareil. Sa connexion <b>USB 3.2 Gen 1<\/b> (compatible USB 3.0 et USB 2.0) offre des vitesses de transfert \u00e9lev\u00e9es et une liaison stable avec l\u2019ordinateur, r\u00e9duisant les temps de copie par rapport aux interfaces plus anciennes. Son design <b>noir<\/b> au format de bureau, avec 41,9 mm de largeur, 125 mm de profondeur et 178,8 mm de hauteur, s\u2019int\u00e8gre facilement \u00e0 c\u00f4t\u00e9 du PC ou de la station de travail, tandis que son poids de <b>1,18 kg<\/b> assure une bonne stabilit\u00e9 lors d\u2019un usage prolong\u00e9. Ce mod\u00e8le n\u00e9cessite un <b>adaptateur d\u2019alimentation externe<\/b>, garantissant l\u2019\u00e9nergie suffisante pour un disque de grande capacit\u00e9, et il est livr\u00e9 avec un <b>c\u00e2ble USB inclus<\/b> et un <b>manuel d\u2019utilisation<\/b> pour une mise en route rapide plug and play. Il est compatible avec <b>Windows 10<\/b> et plusieurs versions de <b>macOS<\/b> (dont macOS Sierra, High Sierra, Mojave et Catalina), ce qui facilite son int\u00e9gration dans des environnements mixtes sans configurations complexes, hormis un \u00e9ventuel formatage dans le syst\u00e8me de fichiers souhait\u00e9. Sans connectivit\u00e9 WiFi ni Ethernet, il privil\u00e9gie une connexion USB directe qui mise sur la simplicit\u00e9, la s\u00e9curit\u00e9 des donn\u00e9es et la fiabilit\u00e9. Gr\u00e2ce \u00e0 sa grande capacit\u00e9, son interface moderne et son format de bureau robuste, ce disque dur externe Seagate Expansion est une option efficace et pratique pour augmenter le stockage des \u00e9quipements domestiques et professionnels.<\/p>\n<ul>\n<li>Type:\n<ul>\n<li>Disque Dur Externe<\/li>\n<li>HDD<\/li>\n<\/ul>\n<\/li>\n<li>Connexions:\n<ul>\n<li>USB 3.0<\/li>\n<li>USB<\/li>\n<li>USB 3.2<\/li>\n<\/ul>\n<\/li>\n<li>Inclut: C\u00e2ble USB<\/li>\n<li>Technologie: HDD<\/li>\n<li>Ethernet: Non<\/li>\n<li>Ethernet LAN: Non<\/li>\n<li>Poids: 1,18 kg<\/li>\n<li>Profondeur: 125 mm<\/li>\n<li>Couleur: Noir<\/li>\n<li>Syst\u00e8me d&#8217;exploitation: Windows 10<\/li>\n<li>Taille: 3,5&#8243;<\/li>\n<li>Non Inclus: Wi-Fi<\/li>\n<li>Disque dur: 10 TB<\/li>\n<\/ul>","protected":false},"excerpt":{"rendered":"<p>Si vous \u00eates passionn\u00e9 d&#8217;informatique et d&#8217;\u00e9lectronique, si vous \u00eates \u00e0 la pointe de la technologie et qu&#8217;aucun d\u00e9tail ne vous \u00e9chappe, achetez Disque Dur Externe Seagate STKP10000400 Noir 10 TB au meilleur prix. Le disque dur externe Seagate Expansion STKP10000400 offre une solution de stockage haute capacit\u00e9 et simple d\u2019utilisation, id\u00e9ale pour les sauvegardes [&hellip;]<\/p>\n","protected":false},"featured_media":180121,"comment_status":"open","ping_status":"closed","template":"","meta":[],"product_brand":[641],"product_cat":[588,65,584],"product_tag":[106],"class_list":{"0":"post-78194","1":"product","2":"type-product","3":"status-publish","4":"has-post-thumbnail","6":"product_brand-brandp_578","7":"product_cat-disques-durs","8":"product_cat-informatique-electronique","9":"product_cat-informatique-reseaux-et-composants","10":"product_tag-tag_1295","12":"first","13":"instock","14":"taxable","15":"shipping-taxable","16":"purchasable","17":"product-type-simple"},"_links":{"self":[{"href":"https:\/\/bigbuy.tupique.com\/en\/wp-json\/wp\/v2\/product\/78194","targetHints":{"allow":["GET"]}}],"collection":[{"href":"https:\/\/bigbuy.tupique.com\/en\/wp-json\/wp\/v2\/product"}],"about":[{"href":"https:\/\/bigbuy.tupique.com\/en\/wp-json\/wp\/v2\/types\/product"}],"replies":[{"embeddable":true,"href":"https:\/\/bigbuy.tupique.com\/en\/wp-json\/wp\/v2\/comments?post=78194"}],"wp:featuredmedia":[{"embeddable":true,"href":"https:\/\/bigbuy.tupique.com\/en\/wp-json\/wp\/v2\/media\/180121"}],"wp:attachment":[{"href":"https:\/\/bigbuy.tupique.com\/en\/wp-json\/wp\/v2\/media?parent=78194"}],"wp:term":[{"taxonomy":"product_brand","embeddable":true,"href":"https:\/\/bigbuy.tupique.com\/en\/wp-json\/wp\/v2\/product_brand?post=78194"},{"taxonomy":"product_cat","embeddable":true,"href":"https:\/\/bigbuy.tupique.com\/en\/wp-json\/wp\/v2\/product_cat?post=78194"},{"taxonomy":"product_tag","embeddable":true,"href":"https:\/\/bigbuy.tupique.com\/en\/wp-json\/wp\/v2\/product_tag?post=78194"}],"curies":[{"name":"wp","href":"https:\/\/api.w.org\/{rel}","templated":true}]}}