{"id":77990,"date":"2026-04-02T19:47:09","date_gmt":"2026-04-02T18:47:09","guid":{"rendered":"https:\/\/bigbuy.tupique.com\/produto\/hard-drive-crucial-ct2000p510ssd8\/"},"modified":"2026-04-15T08:30:16","modified_gmt":"2026-04-15T07:30:16","slug":"hard-drive-crucial-ct2000p510ssd8","status":"publish","type":"product","link":"https:\/\/bigbuy.tupique.com\/en\/produto\/hard-drive-crucial-ct2000p510ssd8\/","title":{"rendered":"Disque dur Crucial CT2000P510SSD8"},"content":{"rendered":"<p>Si vous \u00eates passionn\u00e9 d&#8217;<b>informatique et d&#8217;\u00e9lectronique<\/b>, si vous \u00eates \u00e0 la pointe de la technologie et qu&#8217;aucun d\u00e9tail ne vous \u00e9chappe, achetez <b>Disque dur Crucial CT2000P510SSD8<\/b> au meilleur prix.<\/p>\n<ul>\n<li>Bloc d\u2019Alimentation: r\u00e9seau \u00e9lectrique<\/li>\n<li>Produit \u00e0 brancher: Oui<\/li>\n<li>Type de prise: Prise EU<\/li>\n<li>Mati\u00e8re: Plastique<\/li>\n<\/ul>","protected":false},"excerpt":{"rendered":"<p>Si vous \u00eates passionn\u00e9 d&#8217;informatique et d&#8217;\u00e9lectronique, si vous \u00eates \u00e0 la pointe de la technologie et qu&#8217;aucun d\u00e9tail ne vous \u00e9chappe, achetez Disque dur Crucial CT2000P510SSD8 au meilleur prix. Bloc d\u2019Alimentation: r\u00e9seau \u00e9lectrique Produit \u00e0 brancher: Oui Type de prise: Prise EU Mati\u00e8re: Plastique<\/p>","protected":false},"featured_media":77989,"comment_status":"open","ping_status":"closed","template":"","meta":[],"product_brand":[1100],"product_cat":[588,65,584],"product_tag":[106],"class_list":{"0":"post-77990","1":"product","2":"type-product","3":"status-publish","4":"has-post-thumbnail","6":"product_brand-brandp_594","7":"product_cat-disques-durs","8":"product_cat-informatique-electronique","9":"product_cat-informatique-reseaux-et-composants","10":"product_tag-tag_1295","12":"first","13":"instock","14":"taxable","15":"shipping-taxable","16":"purchasable","17":"product-type-simple"},"_links":{"self":[{"href":"https:\/\/bigbuy.tupique.com\/en\/wp-json\/wp\/v2\/product\/77990","targetHints":{"allow":["GET"]}}],"collection":[{"href":"https:\/\/bigbuy.tupique.com\/en\/wp-json\/wp\/v2\/product"}],"about":[{"href":"https:\/\/bigbuy.tupique.com\/en\/wp-json\/wp\/v2\/types\/product"}],"replies":[{"embeddable":true,"href":"https:\/\/bigbuy.tupique.com\/en\/wp-json\/wp\/v2\/comments?post=77990"}],"wp:featuredmedia":[{"embeddable":true,"href":"https:\/\/bigbuy.tupique.com\/en\/wp-json\/wp\/v2\/media\/77989"}],"wp:attachment":[{"href":"https:\/\/bigbuy.tupique.com\/en\/wp-json\/wp\/v2\/media?parent=77990"}],"wp:term":[{"taxonomy":"product_brand","embeddable":true,"href":"https:\/\/bigbuy.tupique.com\/en\/wp-json\/wp\/v2\/product_brand?post=77990"},{"taxonomy":"product_cat","embeddable":true,"href":"https:\/\/bigbuy.tupique.com\/en\/wp-json\/wp\/v2\/product_cat?post=77990"},{"taxonomy":"product_tag","embeddable":true,"href":"https:\/\/bigbuy.tupique.com\/en\/wp-json\/wp\/v2\/product_tag?post=77990"}],"curies":[{"name":"wp","href":"https:\/\/api.w.org\/{rel}","templated":true}]}}