{"id":77633,"date":"2026-04-02T19:28:38","date_gmt":"2026-04-02T18:28:38","guid":{"rendered":"https:\/\/bigbuy.tupique.com\/produto\/tablet-ulefone-armor-pad-5-ultra\/"},"modified":"2026-04-15T08:30:08","modified_gmt":"2026-04-15T07:30:08","slug":"tablet-ulefone-armor-pad-5-ultra","status":"publish","type":"product","link":"https:\/\/bigbuy.tupique.com\/en\/produto\/tablet-ulefone-armor-pad-5-ultra\/","title":{"rendered":"Tablette Ulefone ARMOR PAD 5 ULTRA"},"content":{"rendered":"<p>Si vous \u00eates passionn\u00e9 d&#8217;<b>informatique et d&#8217;\u00e9lectronique<\/b>, si vous \u00eates \u00e0 la pointe de la technologie et qu&#8217;aucun d\u00e9tail ne vous \u00e9chappe, achetez <b>Tablette Ulefone ARMOR PAD 5 ULTRA<\/b> au meilleur prix.<\/p>\n<p>La <b>ARMOR PAD 5 ULTRA<\/b> de Ulefone est une <b>tablette<\/b> robuste con\u00e7ue pour les utilisateurs ayant besoin d\u2019un appareil r\u00e9sistant et fiable, aussi bien en milieu professionnel que lors d\u2019activit\u00e9s en ext\u00e9rieur. Ce mod\u00e8le se distingue par son design renforc\u00e9, caract\u00e9ristique de la gamme Armor de Ulefone, garantissant une grande durabilit\u00e9 face aux chutes, aux chocs et \u00e0 l\u2019exposition \u00e0 des conditions difficiles, ce qui en fait un outil id\u00e9al pour les travaux sur le terrain, les d\u00e9placements fr\u00e9quents ou les environnements industriels. La <b>tablette<\/b> int\u00e8gre des composants modernes et un syst\u00e8me d\u2019exploitation \u00e0 jour pour assurer une utilisation fluide en multit\u00e2che, une navigation efficace et l\u2019acc\u00e8s aux applications professionnelles et de divertissement, offrant ainsi une exp\u00e9rience polyvalente et compl\u00e8te. Elle dispose d\u2019un \u00e9cran tactile de grande taille facilitant la lecture et la visualisation de plans, de documents ou de contenus multim\u00e9dias m\u00eame en ext\u00e9rieur, soutenu par une batterie haute capacit\u00e9 qui prolonge son autonomie au-del\u00e0 de la moyenne du secteur. Ulefone a \u00e9quip\u00e9 cet appareil d\u2019une connectivit\u00e9 \u00e9tendue et de syst\u00e8mes de positionnement pour faciliter la communication et le suivi \u00e0 tout moment, renfor\u00e7ant ainsi son profil d\u2019alli\u00e9e dans les situations exigeantes. Choisir l\u2019ARMOR PAD 5 ULTRA, c\u2019est opter pour une <b>tablette<\/b> avanc\u00e9e et r\u00e9sistante, con\u00e7ue pour supporter un usage intensif sans compromis sur les fonctionnalit\u00e9s essentielles.<\/p>\n<ul>\n<li>Type: Tablette<\/li>\n<li>Produit \u00e0 brancher: Oui<\/li>\n<li>Type de prise: Prise EU<\/li>\n<li>Bloc d\u2019Alimentation:\n<ul>\n<li>r\u00e9seau \u00e9lectrique<\/li>\n<li>Batterie<\/li>\n<\/ul>\n<\/li>\n<\/ul>","protected":false},"excerpt":{"rendered":"<p>Si vous \u00eates passionn\u00e9 d&#8217;informatique et d&#8217;\u00e9lectronique, si vous \u00eates \u00e0 la pointe de la technologie et qu&#8217;aucun d\u00e9tail ne vous \u00e9chappe, achetez Tablette Ulefone ARMOR PAD 5 ULTRA au meilleur prix. La ARMOR PAD 5 ULTRA de Ulefone est une tablette robuste con\u00e7ue pour les utilisateurs ayant besoin d\u2019un appareil r\u00e9sistant et fiable, aussi [&hellip;]<\/p>\n","protected":false},"featured_media":77631,"comment_status":"open","ping_status":"closed","template":"","meta":[],"product_brand":[1081],"product_cat":[575,65,1052],"product_tag":[566,106],"class_list":{"0":"post-77633","1":"product","2":"type-product","3":"status-publish","4":"has-post-thumbnail","6":"product_brand-brandp_3835","7":"product_cat-electronique-telephonie-et-tablettes","8":"product_cat-informatique-electronique","9":"product_cat-tablettes","10":"product_tag-tag_547","11":"product_tag-tag_1295","13":"first","14":"instock","15":"taxable","16":"shipping-taxable","17":"purchasable","18":"product-type-simple"},"_links":{"self":[{"href":"https:\/\/bigbuy.tupique.com\/en\/wp-json\/wp\/v2\/product\/77633","targetHints":{"allow":["GET"]}}],"collection":[{"href":"https:\/\/bigbuy.tupique.com\/en\/wp-json\/wp\/v2\/product"}],"about":[{"href":"https:\/\/bigbuy.tupique.com\/en\/wp-json\/wp\/v2\/types\/product"}],"replies":[{"embeddable":true,"href":"https:\/\/bigbuy.tupique.com\/en\/wp-json\/wp\/v2\/comments?post=77633"}],"wp:featuredmedia":[{"embeddable":true,"href":"https:\/\/bigbuy.tupique.com\/en\/wp-json\/wp\/v2\/media\/77631"}],"wp:attachment":[{"href":"https:\/\/bigbuy.tupique.com\/en\/wp-json\/wp\/v2\/media?parent=77633"}],"wp:term":[{"taxonomy":"product_brand","embeddable":true,"href":"https:\/\/bigbuy.tupique.com\/en\/wp-json\/wp\/v2\/product_brand?post=77633"},{"taxonomy":"product_cat","embeddable":true,"href":"https:\/\/bigbuy.tupique.com\/en\/wp-json\/wp\/v2\/product_cat?post=77633"},{"taxonomy":"product_tag","embeddable":true,"href":"https:\/\/bigbuy.tupique.com\/en\/wp-json\/wp\/v2\/product_tag?post=77633"}],"curies":[{"name":"wp","href":"https:\/\/api.w.org\/{rel}","templated":true}]}}