{"id":77630,"date":"2026-04-02T19:28:34","date_gmt":"2026-04-02T18:28:34","guid":{"rendered":"https:\/\/bigbuy.tupique.com\/produto\/nas-network-storage-synology-ds225-black-intel-celeron-j4125\/"},"modified":"2026-04-15T23:39:49","modified_gmt":"2026-04-15T22:39:49","slug":"nas-network-storage-synology-ds225-black-intel-celeron-j4125","status":"publish","type":"product","link":"https:\/\/bigbuy.tupique.com\/en\/produto\/nas-network-storage-synology-ds225-black-intel-celeron-j4125\/","title":{"rendered":"Stockage en R\u00e9seau NAS Synology DS225+ Noir Intel Celeron J4125"},"content":{"rendered":"<p>Si vous \u00eates passionn\u00e9 d&#8217;<b>informatique et d&#8217;\u00e9lectronique<\/b>, si vous \u00eates \u00e0 la pointe de la technologie et qu&#8217;aucun d\u00e9tail ne vous \u00e9chappe, achetez <b>Stockage en R\u00e9seau NAS Synology DS225+ Noir Intel Celeron J4125<\/b> au meilleur prix.<\/p>\n<p>Le <b>DS225+<\/b> de Synology est un <b>stockage en r\u00e9seau NAS<\/b> de bureau con\u00e7u pour ceux qui recherchent une solution robuste et efficace pour g\u00e9rer, partager et prot\u00e9ger des donn\u00e9es dans des environnements domestiques ou professionnels. Ce serveur NAS int\u00e8gre un processeur Intel Celeron J4125 quadric\u0153ur \u00e0 2 GHz, offrant des performances fiables et rapides pour le transfert de fichiers, les sauvegardes automatiques et la gestion multim\u00e9dia, notamment lors de t\u00e2ches multit\u00e2ches ou de virtualisation l\u00e9g\u00e8re. Il dispose de <b>2 Go de m\u00e9moire RAM<\/b>, extensibles jusqu\u2019\u00e0 6 Go, permettant d\u2019optimiser le fonctionnement selon les besoins de l\u2019utilisateur et d\u2019am\u00e9liorer la r\u00e9activit\u00e9 lors d\u2019utilisations intensives. Sa configuration \u00e0 <b>2 baies<\/b> permet l\u2019utilisation de disques durs ou SSD interchangeables, facilitant l\u2019extension du stockage et la configuration en RAID pour plus de s\u00e9curit\u00e9 ou de vitesse. C\u00f4t\u00e9 connectivit\u00e9, il est \u00e9quip\u00e9 de <b>ports USB<\/b> et de <b>connexions RJ45<\/b>, dont un port LAN 2.5GbE assurant des transferts ultra-rapides et une int\u00e9gration fluide dans les r\u00e9seaux haut d\u00e9bit. Son design <b>noir<\/b> est compact et discret, s\u2019adaptant \u00e0 tout espace de travail, tandis que les <b>indicateurs LED<\/b> offrent une information visuelle rapide sur l\u2019\u00e9tat du syst\u00e8me. Il fonctionne avec une alimentation \u00e9lectrique de 100-240 V et une fr\u00e9quence de 50-60 Hz, garantissant une compatibilit\u00e9 universelle. Le DS225+ constitue une solution fiable pour le stockage, la sauvegarde et l\u2019acc\u00e8s s\u00e9curis\u00e9 aux donn\u00e9es, avec une conception pens\u00e9e pour faciliter la gestion quotidienne et l\u2019\u00e9volutivit\u00e9 future.<\/p>\n<ul>\n<li>Processeur:\n<ul>\n<li>Intel Celeron<\/li>\n<li>Intel Celeron J4125<\/li>\n<\/ul>\n<\/li>\n<li>Disque dur: 2 GB<\/li>\n<li>Bloc d\u2019Alimentation: r\u00e9seau \u00e9lectrique<\/li>\n<li>Poids approx.: 1,3 Kg<\/li>\n<li>Connexions:\n<ul>\n<li>RJ45 x 2<\/li>\n<li>USB<\/li>\n<li>RJ45<\/li>\n<\/ul>\n<\/li>\n<li>Compatible: HDD\/SSD<\/li>\n<li>Type:\n<ul>\n<li>DDR4<\/li>\n<li>Bureau<\/li>\n<li>HDD\/SSD<\/li>\n<li>NAS<\/li>\n<\/ul>\n<\/li>\n<li>Tension:\n<ul>\n<li>100-240 V<\/li>\n<li>100 &#8211; 240 V<\/li>\n<\/ul>\n<\/li>\n<li>Tension d&#8217;entr\u00e9e AC: 100-240 V<\/li>\n<li>Fr\u00e9quence d&#8217;entr\u00e9e AC: 50-60 Hz<\/li>\n<li>Type de prise: Prise EU<\/li>\n<li>Certificat:\n<ul>\n<li>CE<\/li>\n<li>BSMI<\/li>\n<\/ul>\n<\/li>\n<li>\u00c9lev\u00e9: 16,5 cm<\/li>\n<li>Produit \u00e0 brancher: Oui<\/li>\n<li>Fr\u00e9quence:\n<ul>\n<li>50-60 Hz<\/li>\n<li>50 &#8211; 60 Hz<\/li>\n<li>2,7 GHz<\/li>\n<\/ul>\n<\/li>\n<li>Largeur: 10,8 cm<\/li>\n<li>Couleur: Noir<\/li>\n<li>Caract\u00e9ristiques: T\u00e9moin LED<\/li>\n<li>vitesse: 2 GHz<\/li>\n<li>Ventillateur: 1<\/li>\n<li>M\u00e9moire RAM: 2 GB RAM<\/li>\n<li>Type de m\u00e9moire: DDR4<\/li>\n<li>Poids: 1,2 kg<\/li>\n<li>Connecteurs: Kensington<\/li>\n<li>Nombre de Baies: 3,5&#8221; x 2<\/li>\n<li>Noyaux: 4 Noyaux<\/li>\n<li>Famille de processeurs:\n<ul>\n<li>Intel Celeron<\/li>\n<li>Intel<\/li>\n<\/ul>\n<\/li>\n<\/ul>","protected":false},"excerpt":{"rendered":"<p>Si vous \u00eates passionn\u00e9 d&#8217;informatique et d&#8217;\u00e9lectronique, si vous \u00eates \u00e0 la pointe de la technologie et qu&#8217;aucun d\u00e9tail ne vous \u00e9chappe, achetez Stockage en R\u00e9seau NAS Synology DS225+ Noir Intel Celeron J4125 au meilleur prix. Le DS225+ de Synology est un stockage en r\u00e9seau NAS de bureau con\u00e7u pour ceux qui recherchent une solution [&hellip;]<\/p>\n","protected":false},"featured_media":191701,"comment_status":"open","ping_status":"closed","template":"","meta":[],"product_brand":[990],"product_cat":[588,65,584],"product_tag":[106],"class_list":{"0":"post-77630","1":"product","2":"type-product","3":"status-publish","4":"has-post-thumbnail","6":"product_brand-brandp_653","7":"product_cat-disques-durs","8":"product_cat-informatique-electronique","9":"product_cat-informatique-reseaux-et-composants","10":"product_tag-tag_1295","12":"first","13":"instock","14":"taxable","15":"shipping-taxable","16":"purchasable","17":"product-type-simple"},"_links":{"self":[{"href":"https:\/\/bigbuy.tupique.com\/en\/wp-json\/wp\/v2\/product\/77630","targetHints":{"allow":["GET"]}}],"collection":[{"href":"https:\/\/bigbuy.tupique.com\/en\/wp-json\/wp\/v2\/product"}],"about":[{"href":"https:\/\/bigbuy.tupique.com\/en\/wp-json\/wp\/v2\/types\/product"}],"replies":[{"embeddable":true,"href":"https:\/\/bigbuy.tupique.com\/en\/wp-json\/wp\/v2\/comments?post=77630"}],"wp:featuredmedia":[{"embeddable":true,"href":"https:\/\/bigbuy.tupique.com\/en\/wp-json\/wp\/v2\/media\/191701"}],"wp:attachment":[{"href":"https:\/\/bigbuy.tupique.com\/en\/wp-json\/wp\/v2\/media?parent=77630"}],"wp:term":[{"taxonomy":"product_brand","embeddable":true,"href":"https:\/\/bigbuy.tupique.com\/en\/wp-json\/wp\/v2\/product_brand?post=77630"},{"taxonomy":"product_cat","embeddable":true,"href":"https:\/\/bigbuy.tupique.com\/en\/wp-json\/wp\/v2\/product_cat?post=77630"},{"taxonomy":"product_tag","embeddable":true,"href":"https:\/\/bigbuy.tupique.com\/en\/wp-json\/wp\/v2\/product_tag?post=77630"}],"curies":[{"name":"wp","href":"https:\/\/api.w.org\/{rel}","templated":true}]}}