{"id":77584,"date":"2026-04-02T19:23:45","date_gmt":"2026-04-02T18:23:45","guid":{"rendered":"https:\/\/bigbuy.tupique.com\/produto\/nas-network-storage-qnap-ts-473a-black-amd-ryzen-v1500b\/"},"modified":"2026-05-11T19:55:57","modified_gmt":"2026-05-11T17:55:57","slug":"nas-network-storage-qnap-ts-473a-black-amd-ryzen-v1500b","status":"publish","type":"product","link":"https:\/\/bigbuy.tupique.com\/en\/produto\/nas-network-storage-qnap-ts-473a-black-amd-ryzen-v1500b\/","title":{"rendered":"Stockage en R\u00e9seau NAS Qnap TS-473A Noir AMD Ryzen V1500B"},"content":{"rendered":"<p>Si vous \u00eates passionn\u00e9 d&#8217;<b>informatique et d&#8217;\u00e9lectronique<\/b>, si vous \u00eates \u00e0 la pointe de la technologie et qu&#8217;aucun d\u00e9tail ne vous \u00e9chappe, achetez <b>Stockage en R\u00e9seau NAS Qnap TS-473A Noir AMD Ryzen V1500B<\/b> au meilleur prix.<\/p>\n<p>Le <b>TS-473A-8G de Qnap<\/b> est un <b>stockage r\u00e9seau NAS<\/b> professionnel, con\u00e7u pour les utilisateurs et entreprises ayant besoin d\u2019une solution puissante, flexible et s\u00e9curis\u00e9e pour la centralisation et la gestion avanc\u00e9e des donn\u00e9es. Il int\u00e8gre <b>8 Go de m\u00e9moire DDR4<\/b>, offrant d\u2019excellentes performances multit\u00e2ches et une efficacit\u00e9 \u00e9nerg\u00e9tique id\u00e9ale pour prendre en charge plusieurs services et applications virtualis\u00e9es simultan\u00e9ment. Ce mod\u00e8le permet l\u2019installation de disques <b>HDD et SSD<\/b>, s\u2019adaptant \u00e0 diff\u00e9rents besoins de stockage, de performance et d\u2019\u00e9volutivit\u00e9, et ses <b>quatre baies 3,5&#8243; et 2,5&#8243;<\/b> facilitent l\u2019extension de la capacit\u00e9 selon la croissance des donn\u00e9es. Le <b>processeur 2,20 GHz<\/b> assure des temps d\u2019acc\u00e8s rapides et un traitement fluide dans des environnements exigeants, tandis que la connectivit\u00e9 <b>Ethernet LAN<\/b> garantit des transferts de donn\u00e9es stables et rapides pour une int\u00e9gration parfaite dans tout r\u00e9seau professionnel. Son ch\u00e2ssis <b>noir<\/b> au format tour est robuste et discret, int\u00e9grant des fonctions pratiques comme un <b>interrupteur marche\/arr\u00eat<\/b> et plusieurs ports USB pour connecter et sauvegarder d\u2019autres appareils. Avec un poids de <b>6 kg<\/b> et un facteur de forme <b>ATX<\/b>, il est optimis\u00e9 pour une installation en bureau ou salle serveur, assurant un acc\u00e8s et un entretien ais\u00e9s. Dans l\u2019ensemble, ce NAS Qnap TS-473A-8G offre une infrastructure fiable et polyvalente pour le stockage et la sauvegarde centralis\u00e9s, avec hautes performances et extension flexible, adapt\u00e9 aussi bien aux professionnels ind\u00e9pendants qu\u2019aux entreprises en croissance recherchant efficacit\u00e9 et s\u00e9curit\u00e9 dans la gestion de leurs donn\u00e9es.<\/p>\n<ul>\n<li>Interface: Sata II<\/li>\n<li>Bloc d\u2019Alimentation:\n<ul>\n<li>r\u00e9seau \u00e9lectrique<\/li>\n<li>Int\u00e9rieur<\/li>\n<\/ul>\n<\/li>\n<li>Connexions:\n<ul>\n<li>RJ45 x 2<\/li>\n<li>Ethernet LAN<\/li>\n<li>SO-DIMM<\/li>\n<li>M.2<\/li>\n<li>M.2 x 2<\/li>\n<li>USB<\/li>\n<li>RJ45<\/li>\n<li>SATA<\/li>\n<li>USB x 4<\/li>\n<li>USB-C 3.2 Gen 1 (3.1 Gen 1)<\/li>\n<li>USB 3.2 x 3<\/li>\n<\/ul>\n<\/li>\n<li>Compatible:\n<ul>\n<li>HDD\/SSD<\/li>\n<li>2,5&#8243;-3,5&#8243;<\/li>\n<li>Windows, Linux<\/li>\n<li>Windows 7<\/li>\n<li>Windows 8<\/li>\n<li>Windows 10<\/li>\n<li>Linux<\/li>\n<li>Windows Server 2016<\/li>\n<li>Windows Server 2012<\/li>\n<li>Windows Server 2019<\/li>\n<li>MAC OS X 10.10 YOSEMITE<\/li>\n<li>PC<\/li>\n<\/ul>\n<\/li>\n<li>Type:\n<ul>\n<li>DDR4<\/li>\n<li>HDD\/SSD<\/li>\n<li>NAS<\/li>\n<\/ul>\n<\/li>\n<li>Tension: 100-240 V<\/li>\n<li>Fr\u00e9quence d&#8217;entr\u00e9e AC: 50-60 Hz<\/li>\n<li>Type de prise: Prise EU<\/li>\n<li>Vibromasseur: Oui<\/li>\n<li>Produit \u00e0 brancher: Oui<\/li>\n<li>Nombre de fils: 8<\/li>\n<li>vitesse:\n<ul>\n<li>2,20 GHz<\/li>\n<li>2.20 GHz<\/li>\n<li>2,2 ghz<\/li>\n<li>2.2 GHz<\/li>\n<\/ul>\n<\/li>\n<li>Nombre d&#8217;emplacements m\u00e9moire: 2<\/li>\n<li>Noyaux:\n<ul>\n<li>3<\/li>\n<li>4 Noyaux<\/li>\n<li>3 Noyaux<\/li>\n<\/ul>\n<\/li>\n<li>Ventillateur:\n<ul>\n<li>\u00d8 12 cm<\/li>\n<li>2<\/li>\n<li>12 cm<\/li>\n<\/ul>\n<\/li>\n<li>M\u00e9moire interne:\n<ul>\n<li>DDR4<\/li>\n<li>8 GB<\/li>\n<\/ul>\n<\/li>\n<li>consommation d&#8217;\u00e9nergie: 250 W<\/li>\n<li>Non Inclus: Disque dur<\/li>\n<li>Tension d&#8217;entr\u00e9e AC:\n<ul>\n<li>100-240 V<\/li>\n<li>100 &#8211; 240 V<\/li>\n<\/ul>\n<\/li>\n<li>Amp\u00e9rage: 3,5 A<\/li>\n<li>Processeur:\n<ul>\n<li>AMD Ryzen Embedded V1500B<\/li>\n<li>Quad Core<\/li>\n<li>AMD Ryzen V1500B<\/li>\n<\/ul>\n<\/li>\n<li>Ports: 3<\/li>\n<li>Disque dur: 8 GB<\/li>\n<li>Inclut: LAN (RJ-45)<\/li>\n<li>Poids approx.: 5,03 KG<\/li>\n<li>Couleur: Noir<\/li>\n<li>Caract\u00e9ristiques:\n<ul>\n<li>Interrupteur marche\/arr\u00eat<\/li>\n<li>Vibromasseur<\/li>\n<\/ul>\n<\/li>\n<li>Poids: 6 Kg<\/li>\n<li>Facteur de forme:\n<ul>\n<li>ATX<\/li>\n<li>SO-DIMM<\/li>\n<\/ul>\n<\/li>\n<li>Compartiments 3,5&#8243;: 4<\/li>\n<li>M\u00e9moire RAM: 8 GB RAM<\/li>\n<li>Fr\u00e9quence: 50 &#8211; 60 Hz<\/li>\n<li>Connectivit\u00e9: Ethernet LAN<\/li>\n<li>Type de m\u00e9moire: DDR4<\/li>\n<li>M\u00e9moire: x 2<\/li>\n<li>Temp\u00e9rature approximative: &#8211; 20\u00baC \/ 70\u00b0C<\/li>\n<li>Famille de processeurs: AMD<\/li>\n<li>Capacit\u00e9: 2 GB<\/li>\n<\/ul>\n<p><\/p>\n<p>QNAP TS-473A. Types de lecteurs de stockage pris en charge: HDD &amp; SSD, Interfaces de lecteur de stockage prises en charge: S\u00e9rie ATA II, S\u00e9rie ATA III, Tailles de disque de stockage pris en charge: 2.5,3.5&#8243;. Famille de processeur: AMD Ryzen, Fabricant de processeur: AMD, Mod\u00e8le de processeur: V1500B. M\u00e9moire interne: 8 Go, Type de m\u00e9moire interne: DDR4, Maximum RAM support\u00e9e: 64 Go. LAN Ethernet : taux de transfert des donn\u00e9es: 100,1000,2500 Mbit\/s. Type de ch\u00e2ssis: Tower, Type de refroidissement: Actif, Couleur du produit: Noir<\/p>\n<p><\/p>\n<ul>\n<li>Lecteurs de stockage install\u00e9s: Non<\/li>\n<li>Nombre d&#8217;unit\u00e9s de stockage pris en charge: 4<\/li>\n<li>Type de lecteur de stockage install\u00e9: Non<\/li>\n<li>Types de lecteurs de stockage pris en charge: HDD &amp; SSD<\/li>\n<li>Interfaces de lecteur de stockage prises en charge: S\u00e9rie ATA II, S\u00e9rie ATA III<\/li>\n<li>Tailles de disque de stockage pris en charge: 2.5,3.5&#8243;<\/li>\n<li>Nombre d&#8217;emplacements M.2 (M et B): 2<\/li>\n<li>Baies de bo\u00eetiers \u00e9changeables \u00e0 chaud: Oui<\/li>\n<li>Famille de processeur: AMD Ryzen<\/li>\n<li>Fabricant de processeur: AMD<\/li>\n<li>Mod\u00e8le de processeur: V1500B<\/li>\n<li>Fr\u00e9quence du processeur: 2,2 GHz<\/li>\n<li>Nombre de coeurs de processeurs: 3<\/li>\n<li>M\u00e9moire interne: 8 Go<\/li>\n<li>Type de m\u00e9moire interne: DDR4<\/li>\n<li>Maximum RAM support\u00e9e: 64 Go<\/li>\n<li>Emplacements m\u00e9moire: 2<\/li>\n<li>Support de m\u00e9moire: SO-DIMM<\/li>\n<li>ECC: Oui<\/li>\n<li>M\u00e9moire flash: 5000 Mo<\/li>\n<li>Ethernet\/LAN: Oui<\/li>\n<li>LAN Ethernet : taux de transfert des donn\u00e9es: 100,1000,2500 Mbit\/s<\/li>\n<li>Support de trames \u00e9tendues (Jumbo Frames): Oui<\/li>\n<li>Wake-on-LAN pr\u00eat: Oui<\/li>\n<li>Nombre de port ethernet LAN (RJ-45): 2<\/li>\n<li>Port USB: Oui<\/li>\n<li>Quantit\u00e9 de ports de type C USB 3.2 Gen 1 (3.1 Gen 1): 1<\/li>\n<li>Quantit\u00e9 de ports de type A USB 3.2 Gen 2 (3.1 Gen 2): 3<\/li>\n<li>PCI Express x4 emplacement(s) (Gen 3.x): 2<\/li>\n<li>Type de ch\u00e2ssis: Tower<\/li>\n<li>Type de refroidissement: Actif<\/li>\n<li>Couleur du produit: Noir<\/li>\n<li>Nombre de ventilateurs: 2 ventilateur(s)<\/li>\n<li>Diam\u00e8tre du ventilateur: 12 cm<\/li>\n<li>Diam\u00e8tre 2 du ventilateur: 6 cm<\/li>\n<li>Voyants: HDD, LAN, \u00c9nergie, SSD, Statut, USB<\/li>\n<li>Type: NAS<\/li>\n<li>Classe de dispositif: PME<\/li>\n<li>Fonction de sauvegarde: Oui<\/li>\n<li>Fonctions de sauvegarde: Cl\u00e9 USB<\/li>\n<li>Alarme sonore: Oui<\/li>\n<li>Niveau sonore: 21,4 dB<\/li>\n<li>Bouton de r\u00e9initialisation: Oui<\/li>\n<li>Bouton marche\/arr\u00eat int\u00e9gr\u00e9: Oui<\/li>\n<li>Emplacement d&#8217;alimentation: Int\u00e9gr\u00e9<\/li>\n<li>Capacit\u00e9 de l&#8217;unit\u00e9 d&#8217;alimentation (PSU): 250 W<\/li>\n<li>Nombre d&#8217;alimentations d&#8217;\u00e9nergie: 1<\/li>\n<li>Consommation \u00e9lectrique typique: 29,792 W<\/li>\n<li>Consommation \u00e9lectrique (en veille HDD)): 19,576 W<\/li>\n<li>Tension d&#8217;entr\u00e9e AC: 100-240 V<\/li>\n<li>Fr\u00e9quence d&#8217;entr\u00e9e AC: 50-60 Hz<\/li>\n<li>Courant de sortie: 3,5 A<\/li>\n<li>Largeur: 199,3 mm<\/li>\n<li>Profondeur: 280,8 mm<\/li>\n<li>Hauteur: 188,2 mm<\/li>\n<li>Poids: 5,03 kg<\/li>\n<li>Poids du paquet: 6,04 kg<\/li>\n<li>C\u00e2bles inclus: Secteur, LAN (RJ-45)<\/li>\n<li>Quantit\u00e9 de c\u00e2bles d&#8217;alimentation: 1<\/li>\n<li>Nombre de vis: 24<\/li>\n<li>Temp\u00e9rature d&#8217;op\u00e9ration: 0 &#8211; 40 \u00b0C<\/li>\n<li>Humidit\u00e9 relative de fonctionnement (H-H): 5 &#8211; 95%<\/li>\n<li>Temp\u00e9rature hors fonctionnement: -20 &#8211; 70 \u00b0C<\/li>\n<\/ul>","protected":false},"excerpt":{"rendered":"<p>Si vous \u00eates passionn\u00e9 d&#8217;informatique et d&#8217;\u00e9lectronique, si vous \u00eates \u00e0 la pointe de la technologie et qu&#8217;aucun d\u00e9tail ne vous \u00e9chappe, achetez Stockage en R\u00e9seau NAS Qnap TS-473A Noir AMD Ryzen V1500B au meilleur prix. Le TS-473A-8G de Qnap est un stockage r\u00e9seau NAS professionnel, con\u00e7u pour les utilisateurs et entreprises ayant besoin d\u2019une [&hellip;]<\/p>\n","protected":false},"featured_media":191758,"comment_status":"open","ping_status":"closed","template":"","meta":[],"product_brand":[646],"product_cat":[588,65,584],"product_tag":[106],"class_list":{"0":"post-77584","1":"product","2":"type-product","3":"status-publish","4":"has-post-thumbnail","6":"product_brand-brandp_4747","7":"product_cat-disques-durs","8":"product_cat-informatique-electronique","9":"product_cat-informatique-reseaux-et-composants","10":"product_tag-tag_1295","12":"first","13":"instock","14":"taxable","15":"shipping-taxable","16":"purchasable","17":"product-type-simple"},"_links":{"self":[{"href":"https:\/\/bigbuy.tupique.com\/en\/wp-json\/wp\/v2\/product\/77584","targetHints":{"allow":["GET"]}}],"collection":[{"href":"https:\/\/bigbuy.tupique.com\/en\/wp-json\/wp\/v2\/product"}],"about":[{"href":"https:\/\/bigbuy.tupique.com\/en\/wp-json\/wp\/v2\/types\/product"}],"replies":[{"embeddable":true,"href":"https:\/\/bigbuy.tupique.com\/en\/wp-json\/wp\/v2\/comments?post=77584"}],"wp:featuredmedia":[{"embeddable":true,"href":"https:\/\/bigbuy.tupique.com\/en\/wp-json\/wp\/v2\/media\/191758"}],"wp:attachment":[{"href":"https:\/\/bigbuy.tupique.com\/en\/wp-json\/wp\/v2\/media?parent=77584"}],"wp:term":[{"taxonomy":"product_brand","embeddable":true,"href":"https:\/\/bigbuy.tupique.com\/en\/wp-json\/wp\/v2\/product_brand?post=77584"},{"taxonomy":"product_cat","embeddable":true,"href":"https:\/\/bigbuy.tupique.com\/en\/wp-json\/wp\/v2\/product_cat?post=77584"},{"taxonomy":"product_tag","embeddable":true,"href":"https:\/\/bigbuy.tupique.com\/en\/wp-json\/wp\/v2\/product_tag?post=77584"}],"curies":[{"name":"wp","href":"https:\/\/api.w.org\/{rel}","templated":true}]}}