{"id":7740,"date":"2026-03-27T19:46:20","date_gmt":"2026-03-27T18:46:20","guid":{"rendered":"https:\/\/bigbuy.tupique.com\/produto\/induction-hot-plate-cata-08026002-60-cm-7400-w\/"},"modified":"2026-04-14T23:37:57","modified_gmt":"2026-04-14T22:37:57","slug":"induction-hot-plate-cata-08026002-60-cm-7400-w","status":"publish","type":"product","link":"https:\/\/bigbuy.tupique.com\/en\/produto\/induction-hot-plate-cata-08026002-60-cm-7400-w\/","title":{"rendered":"Plaque \u00e0 Induction Cata 08026002 60 cm 7400 W"},"content":{"rendered":"<p>Si vous pensez r\u00e9nover votre cuisine, achetez <b>Plaque \u00e0 Induction Cata 08026002 60 cm 7400 W<\/b> et d\u00b4autres <b>produits Cata<\/b> !<\/p>\n<ul>\n<li>Dimensions approx.: 60 cm<\/li>\n<li>puissance:\n<ul>\n<li>7400 W<\/li>\n<li>2100 W<\/li>\n<\/ul>\n<\/li>\n<li>Bloc d\u2019Alimentation:\n<ul>\n<li>Lumi\u00e8re<\/li>\n<li>\u00c9lectrique<\/li>\n<li>C\u00e2ble \u00e9lectrique<\/li>\n<\/ul>\n<\/li>\n<li>Zones de cuisson: 4<\/li>\n<li>Minuterie: Oui<\/li>\n<li>Type:\n<ul>\n<li>Plaque \u00e0 Induction<\/li>\n<li>Int\u00e9gr\u00e9<\/li>\n<\/ul>\n<\/li>\n<li>Largeur:\n<ul>\n<li>59 cm<\/li>\n<li>60 cm<\/li>\n<\/ul>\n<\/li>\n<li>Produit \u00e0 brancher: Oui<\/li>\n<li>Type de prise: Prise EU<\/li>\n<li>Fonctions: Minuterie<\/li>\n<li>Couleur: Noir<\/li>\n<li>Caract\u00e9ristiques:\n<ul>\n<li>Verrouillage pour enfants<\/li>\n<li>\u00c9cran integr\u00e9<\/li>\n<li>Commande tactile<\/li>\n<li>9 niveaux<\/li>\n<li>Arr\u00eat Automatique<\/li>\n<li>Facile \u00e0 nettoyer<\/li>\n<li>T\u00e9moin de fonctionnement LED<\/li>\n<li>Verrou de s\u00e9curit\u00e9<\/li>\n<\/ul>\n<\/li>\n<li>Type de commande: Tactile<\/li>\n<li>Long: 52 cm<\/li>\n<li>\u00c9cran integr\u00e9: Non<\/li>\n<\/ul>","protected":false},"excerpt":{"rendered":"<p>Si vous pensez r\u00e9nover votre cuisine, achetez Plaque \u00e0 Induction Cata 08026002 60 cm 7400 W et d\u00b4autres produits Cata ! Dimensions approx.: 60 cm puissance: 7400 W 2100 W Bloc d\u2019Alimentation: Lumi\u00e8re \u00c9lectrique C\u00e2ble \u00e9lectrique Zones de cuisson: 4 Minuterie: Oui Type: Plaque \u00e0 Induction Int\u00e9gr\u00e9 Largeur: 59 cm 60 cm Produit \u00e0 brancher: [&hellip;]<\/p>\n","protected":false},"featured_media":162801,"comment_status":"open","ping_status":"closed","template":"","meta":[],"product_brand":[155],"product_cat":[60,77,78],"product_tag":[55,56],"class_list":{"0":"post-7740","1":"product","2":"type-product","3":"status-publish","4":"has-post-thumbnail","6":"product_brand-brandp_1208","7":"product_cat-cuisine-gourmet","8":"product_cat-petit-electromenager","9":"product_cat-plaques-de-cuisson","10":"product_tag-tag_926","11":"product_tag-tag_930","13":"first","14":"instock","15":"taxable","16":"shipping-taxable","17":"purchasable","18":"product-type-simple"},"_links":{"self":[{"href":"https:\/\/bigbuy.tupique.com\/en\/wp-json\/wp\/v2\/product\/7740","targetHints":{"allow":["GET"]}}],"collection":[{"href":"https:\/\/bigbuy.tupique.com\/en\/wp-json\/wp\/v2\/product"}],"about":[{"href":"https:\/\/bigbuy.tupique.com\/en\/wp-json\/wp\/v2\/types\/product"}],"replies":[{"embeddable":true,"href":"https:\/\/bigbuy.tupique.com\/en\/wp-json\/wp\/v2\/comments?post=7740"}],"wp:featuredmedia":[{"embeddable":true,"href":"https:\/\/bigbuy.tupique.com\/en\/wp-json\/wp\/v2\/media\/162801"}],"wp:attachment":[{"href":"https:\/\/bigbuy.tupique.com\/en\/wp-json\/wp\/v2\/media?parent=7740"}],"wp:term":[{"taxonomy":"product_brand","embeddable":true,"href":"https:\/\/bigbuy.tupique.com\/en\/wp-json\/wp\/v2\/product_brand?post=7740"},{"taxonomy":"product_cat","embeddable":true,"href":"https:\/\/bigbuy.tupique.com\/en\/wp-json\/wp\/v2\/product_cat?post=7740"},{"taxonomy":"product_tag","embeddable":true,"href":"https:\/\/bigbuy.tupique.com\/en\/wp-json\/wp\/v2\/product_tag?post=7740"}],"curies":[{"name":"wp","href":"https:\/\/api.w.org\/{rel}","templated":true}]}}