{"id":77316,"date":"2026-04-02T19:03:20","date_gmt":"2026-04-02T18:03:20","guid":{"rendered":"https:\/\/bigbuy.tupique.com\/produto\/hard-drive-hpe-p40497-b21-480-gb-ssd\/"},"modified":"2026-04-15T08:29:58","modified_gmt":"2026-04-15T07:29:58","slug":"hard-drive-hpe-p40497-b21-480-gb-ssd","status":"publish","type":"product","link":"https:\/\/bigbuy.tupique.com\/en\/produto\/hard-drive-hpe-p40497-b21-480-gb-ssd\/","title":{"rendered":"Disque dur HPE P40497-B21 480 GB SSD"},"content":{"rendered":"<p>Si vous \u00eates passionn\u00e9 d&#8217;<b>informatique et d&#8217;\u00e9lectronique<\/b>, si vous \u00eates \u00e0 la pointe de la technologie et qu&#8217;aucun d\u00e9tail ne vous \u00e9chappe, achetez <b>Disque dur HPE P40497-B21 480 GB SSD<\/b> au meilleur prix.<\/p>\n<p>Le <b>disque dur<\/b> interne <b>HPE P40497-B21<\/b> est un SSD professionnel con\u00e7u pour les environnements de serveurs et de stockage o\u00f9 un \u00e9quilibre entre capacit\u00e9, fiabilit\u00e9 et stabilit\u00e9 est requis. Il offre une <b>capacit\u00e9 de 480 Go<\/b> bas\u00e9e sur la technologie <b>SSD TLC<\/b>, adapt\u00e9e aux syst\u00e8mes d\u2019exploitation, aux applications critiques et aux volumes de donn\u00e9es n\u00e9cessitant des temps d\u2019acc\u00e8s rapides et un comportement pr\u00e9visible. Son format <b>2,5&#8243;<\/b> permet une int\u00e9gration facile dans les baies standard de serveurs et baies de stockage compatibles, tandis que l\u2019interface <b>SATA 6 Gbps<\/b> assure une communication stable avec le syst\u00e8me, avec une vitesse d\u2019\u00e9criture d\u2019environ <b>300 Mo\/s<\/b> et de lecture jusqu\u2019\u00e0 <b>510 Mo\/s<\/b>, des valeurs appropri\u00e9es pour des charges de travail mixtes en lecture et en \u00e9criture. Ce mod\u00e8le est pr\u00eat pour une configuration <b>Hot-Plug<\/b>, ce qui facilite le remplacement ou l\u2019extension des unit\u00e9s sans arr\u00eater l\u2019\u00e9quipement lorsque l\u2019infrastructure le permet, une caract\u00e9ristique cl\u00e9 dans les environnements \u00e0 haute disponibilit\u00e9. Ne comportant aucune pi\u00e8ce mobile, en tant que SSD avec <b>0 tr\/min<\/b>, il r\u00e9duit le risque de panne m\u00e9canique par rapport aux disques durs HDD traditionnels, contribuant \u00e0 une fiabilit\u00e9 accrue et \u00e0 une latence d\u2019acc\u00e8s aux donn\u00e9es plus faible. Son design multicolore fait r\u00e9f\u00e9rence \u00e0 l\u2019\u00e9tiquetage et au codage habituels des solutions HPE pour identifier rapidement le type d\u2019unit\u00e9 dans les ch\u00e2ssis et racks, aidant \u00e0 une gestion plus ordonn\u00e9e du stockage. Dans l\u2019ensemble, le HPE P40497-B21 se positionne comme une solution de <b>stockage SSD SATA de 480 Go<\/b> adapt\u00e9e aux infrastructures d\u2019entreprise recherchant une performance coh\u00e9rente et une compatibilit\u00e9 avec les plates-formes HPE.<\/p>\n<ul>\n<li>Type:\n<ul>\n<li>Disque dur interne<\/li>\n<li>HDD<\/li>\n<li>TLC<\/li>\n<\/ul>\n<\/li>\n<li>Disque dur: 480 GB SSD<\/li>\n<li>vitesse:\n<ul>\n<li>300 MB\/s<\/li>\n<li>6 Gbps<\/li>\n<\/ul>\n<\/li>\n<li>Couleur: Multicouleur<\/li>\n<li>Connexions: SATA<\/li>\n<li>Taille: 2,5&#8243;<\/li>\n<li>Compatible: Hot-Plug<\/li>\n<\/ul>","protected":false},"excerpt":{"rendered":"<p>Si vous \u00eates passionn\u00e9 d&#8217;informatique et d&#8217;\u00e9lectronique, si vous \u00eates \u00e0 la pointe de la technologie et qu&#8217;aucun d\u00e9tail ne vous \u00e9chappe, achetez Disque dur HPE P40497-B21 480 GB SSD au meilleur prix. Le disque dur interne HPE P40497-B21 est un SSD professionnel con\u00e7u pour les environnements de serveurs et de stockage o\u00f9 un \u00e9quilibre [&hellip;]<\/p>\n","protected":false},"featured_media":77309,"comment_status":"open","ping_status":"closed","template":"","meta":[],"product_brand":[644],"product_cat":[588,65,584],"product_tag":[106],"class_list":{"0":"post-77316","1":"product","2":"type-product","3":"status-publish","4":"has-post-thumbnail","6":"product_brand-brandp_662","7":"product_cat-disques-durs","8":"product_cat-informatique-electronique","9":"product_cat-informatique-reseaux-et-composants","10":"product_tag-tag_1295","12":"first","13":"instock","14":"taxable","15":"shipping-taxable","16":"purchasable","17":"product-type-simple"},"_links":{"self":[{"href":"https:\/\/bigbuy.tupique.com\/en\/wp-json\/wp\/v2\/product\/77316","targetHints":{"allow":["GET"]}}],"collection":[{"href":"https:\/\/bigbuy.tupique.com\/en\/wp-json\/wp\/v2\/product"}],"about":[{"href":"https:\/\/bigbuy.tupique.com\/en\/wp-json\/wp\/v2\/types\/product"}],"replies":[{"embeddable":true,"href":"https:\/\/bigbuy.tupique.com\/en\/wp-json\/wp\/v2\/comments?post=77316"}],"wp:featuredmedia":[{"embeddable":true,"href":"https:\/\/bigbuy.tupique.com\/en\/wp-json\/wp\/v2\/media\/77309"}],"wp:attachment":[{"href":"https:\/\/bigbuy.tupique.com\/en\/wp-json\/wp\/v2\/media?parent=77316"}],"wp:term":[{"taxonomy":"product_brand","embeddable":true,"href":"https:\/\/bigbuy.tupique.com\/en\/wp-json\/wp\/v2\/product_brand?post=77316"},{"taxonomy":"product_cat","embeddable":true,"href":"https:\/\/bigbuy.tupique.com\/en\/wp-json\/wp\/v2\/product_cat?post=77316"},{"taxonomy":"product_tag","embeddable":true,"href":"https:\/\/bigbuy.tupique.com\/en\/wp-json\/wp\/v2\/product_tag?post=77316"}],"curies":[{"name":"wp","href":"https:\/\/api.w.org\/{rel}","templated":true}]}}