{"id":75885,"date":"2026-04-02T18:00:39","date_gmt":"2026-04-02T17:00:39","guid":{"rendered":"https:\/\/bigbuy.tupique.com\/produto\/graphics-card-gigabyte-gv-n5070eagleoc-ice-12gd-nvidia-geforce-rtx-5070-12-gb-gddr6-gddr7\/"},"modified":"2026-04-15T08:27:13","modified_gmt":"2026-04-15T07:27:13","slug":"graphics-card-gigabyte-gv-n5070eagleoc-ice-12gd-nvidia-geforce-rtx-5070-12-gb-gddr6-gddr7","status":"publish","type":"product","link":"https:\/\/bigbuy.tupique.com\/en\/produto\/graphics-card-gigabyte-gv-n5070eagleoc-ice-12gd-nvidia-geforce-rtx-5070-12-gb-gddr6-gddr7\/","title":{"rendered":"Carte Graphique Gigabyte GV-N5070EAGLEOC ICE-12GD nvidia geforce rtx 5070 12 GB GDDR6 GDDR7"},"content":{"rendered":"<p>Si vous \u00eates passionn\u00e9 d&#8217;<b>informatique et d&#8217;\u00e9lectronique<\/b>, si vous \u00eates \u00e0 la pointe de la technologie et qu&#8217;aucun d\u00e9tail ne vous \u00e9chappe, achetez <b>Carte Graphique Gigabyte GV-N5070EAGLEOC ICE-12GD nvidia geforce rtx 5070 12 GB GDDR6 GDDR7<\/b> au meilleur prix.<\/p>\n<p>La <b>carte graphique<\/b> <b>Gigabyte GV-N5070EAGLEOC ICE-12GD<\/b> est bas\u00e9e sur le puissant chipset <b>NVIDIA GeForce RTX 5070<\/b> et offre un ensemble \u00e9quilibr\u00e9 de sp\u00e9cifications pour jouer et travailler en haute r\u00e9solution avec une grande fluidit\u00e9. Elle int\u00e8gre <b>12 Go de m\u00e9moire GDDR7<\/b> avec un <b>bus de 192 bits<\/b>, offrant une large bande passante pour les textures complexes, le ray tracing et les applications graphiques exigeantes. Son syst\u00e8me de refroidissement <b>WINDFORCE avec 3 ventilateurs<\/b> d\u2019environ <b>12 cm<\/b> garantit un bon contr\u00f4le thermique, en maintenant des fr\u00e9quences stables m\u00eame lors de longues sessions, tandis que le design \u00e0 <b>triple ventilateur<\/b> aide \u00e0 r\u00e9duire le bruit par rapport \u00e0 des solutions plus simples. Le PCB utilise une interface <b>PCI Express x16<\/b> compatible annonc\u00e9e avec le <b>PCIe 5.0<\/b>, assurant une int\u00e9gration parfaite dans les cartes m\u00e8res modernes, et requiert une alimentation recommand\u00e9e de <b>750 W<\/b> avec connecteur d\u2019alimentation <b>1x 16\u2011pin<\/b>, un point important pour les configurations de milieu\/haut de gamme. Pour la connexion des moniteurs, elle inclut <b>1x HDMI<\/b> et <b>3x DisplayPort<\/b>, prenant en charge des r\u00e9solutions jusqu\u2019\u00e0 <b>7680 x 4320 pixels<\/b> (8K) et facilitant l\u2019utilisation de plusieurs \u00e9crans simultan\u00e9s ; la prise en charge de <b>NVIDIA G-SYNC<\/b> permet de synchroniser le taux de rafra\u00eechissement de l\u2019\u00e9cran pour r\u00e9duire le tearing et le stuttering dans les jeux compatibles. Il s\u2019agit d\u2019une carte au format <b>Full-Height\/Full-Length<\/b>, avec une longueur d\u2019environ <b>290 mm<\/b> et une hauteur d\u2019environ <b>50 mm<\/b>, il est donc conseill\u00e9 de v\u00e9rifier l\u2019espace disponible dans le bo\u00eetier, en particulier dans les ch\u00e2ssis compacts ; son poids avoisinant les <b>2 kg<\/b> rend recommandable un montage solide et, si possible, un support additionnel dans les bo\u00eetiers pr\u00e9vus \u00e0 cet effet. Elle est compatible avec <b>DirectX 12<\/b> et <b>OpenGL 4.6<\/b>, garantissant l\u2019acc\u00e8s aux derni\u00e8res API graphiques de Windows et \u00e0 une grande vari\u00e9t\u00e9 d\u2019applications professionnelles et de cr\u00e9ation de contenu. Le design de couleur <b>blanche<\/b> avec \u00e9l\u00e9ments <b>\u00e9clair\u00e9s<\/b> en fait une option adapt\u00e9e pour les PC personnalis\u00e9s \u00e0 esth\u00e9tique claire, et elle est fournie avec une <b>notice d\u2019installation incluse<\/b> pour faciliter le montage et la configuration initiale. Gr\u00e2ce \u00e0 cet ensemble de caract\u00e9ristiques, la Gigabyte GV-N5070EAGLEOC ICE-12GD se positionne comme une solution graphique moderne et fiable pour les syst\u00e8mes de jeu et de cr\u00e9ation de contenu exigeants.<\/p>\n<ul>\n<li>Type: Carte graphique (GPU)<\/li>\n<li>Caract\u00e9ristiques:\n<ul>\n<li>Illumin\u00e9<\/li>\n<li>Guide d&#8217;installation inclus<\/li>\n<li>OpenGL 4.6<\/li>\n<\/ul>\n<\/li>\n<li>Interface:\n<ul>\n<li>PCI Express<\/li>\n<li>DirectX 12.0<\/li>\n<\/ul>\n<\/li>\n<li>Poids approx.: 2 Kg<\/li>\n<li>Connexions:\n<ul>\n<li>HDMI x 1<\/li>\n<li>DisplayPort<\/li>\n<li>1X 16-PIN<\/li>\n<li>pcie 5.0 (x16) x 1<\/li>\n<li>HDMI<\/li>\n<li>DisplayPort x 3<\/li>\n<li>PCI Express x16 2.0<\/li>\n<\/ul>\n<\/li>\n<li>\u00c9lev\u00e9: 12 cm<\/li>\n<li>Long:\n<ul>\n<li>29 cm<\/li>\n<li>5 cm<\/li>\n<\/ul>\n<\/li>\n<li>Profondeur: 50 mm<\/li>\n<li>Inclut: Ventillateur x 3<\/li>\n<li>Technologie: NVIDIA G-SYNC<\/li>\n<li>C\u0153urs CUDA: 6144<\/li>\n<li>Source d&#8217;alimentation recommand\u00e9e: 750 W<\/li>\n<li>Non Inclus: DUAL LINK DVI<\/li>\n<li>Transmission de donn\u00e9es: 192 BIT<\/li>\n<li>Poids: 2 Kg<\/li>\n<li>Couleur: Blanc<\/li>\n<li>Ventillateur: 3<\/li>\n<li>M\u00e9moire RAM: 12 GB RAM<\/li>\n<li>consommation d&#8217;\u00e9nergie: 750 W<\/li>\n<li>Type de m\u00e9moire:\n<ul>\n<li>GDDR6<\/li>\n<li>GDDR7<\/li>\n<\/ul>\n<\/li>\n<li>Facteur de forme: Full-Height\/Full-Length (FH\/FL)<\/li>\n<li>R\u00e9solution (px): 7680 x 4320 px<\/li>\n<li>\u00c9crans support\u00e9s: x 4<\/li>\n<li>Capacit\u00e9 m\u00e9moire graphique: 12 GB<\/li>\n<li>Longueur: 290 mm<\/li>\n<li>Chipset: nvidia geforce rtx 5070<\/li>\n<\/ul>","protected":false},"excerpt":{"rendered":"<p><span class=\"unit-info\">3210.3103 &euro; \/ 1 m<\/span><\/p>","protected":false},"featured_media":75841,"comment_status":"open","ping_status":"closed","template":"","meta":[],"product_brand":[1147],"product_cat":[1223,65,584],"product_tag":[106],"class_list":{"0":"post-75885","1":"product","2":"type-product","3":"status-publish","4":"has-post-thumbnail","6":"product_brand-brandp_550","7":"product_cat-cartes-graphiques","8":"product_cat-informatique-electronique","9":"product_cat-informatique-reseaux-et-composants","10":"product_tag-tag_1295","12":"first","13":"instock","14":"taxable","15":"shipping-taxable","16":"purchasable","17":"product-type-simple"},"_links":{"self":[{"href":"https:\/\/bigbuy.tupique.com\/en\/wp-json\/wp\/v2\/product\/75885","targetHints":{"allow":["GET"]}}],"collection":[{"href":"https:\/\/bigbuy.tupique.com\/en\/wp-json\/wp\/v2\/product"}],"about":[{"href":"https:\/\/bigbuy.tupique.com\/en\/wp-json\/wp\/v2\/types\/product"}],"replies":[{"embeddable":true,"href":"https:\/\/bigbuy.tupique.com\/en\/wp-json\/wp\/v2\/comments?post=75885"}],"wp:featuredmedia":[{"embeddable":true,"href":"https:\/\/bigbuy.tupique.com\/en\/wp-json\/wp\/v2\/media\/75841"}],"wp:attachment":[{"href":"https:\/\/bigbuy.tupique.com\/en\/wp-json\/wp\/v2\/media?parent=75885"}],"wp:term":[{"taxonomy":"product_brand","embeddable":true,"href":"https:\/\/bigbuy.tupique.com\/en\/wp-json\/wp\/v2\/product_brand?post=75885"},{"taxonomy":"product_cat","embeddable":true,"href":"https:\/\/bigbuy.tupique.com\/en\/wp-json\/wp\/v2\/product_cat?post=75885"},{"taxonomy":"product_tag","embeddable":true,"href":"https:\/\/bigbuy.tupique.com\/en\/wp-json\/wp\/v2\/product_tag?post=75885"}],"curies":[{"name":"wp","href":"https:\/\/api.w.org\/{rel}","templated":true}]}}