{"id":75453,"date":"2026-04-02T17:37:49","date_gmt":"2026-04-02T16:37:49","guid":{"rendered":"https:\/\/bigbuy.tupique.com\/produto\/ram-memory-kingston-kvr32n22d8-32-32-gb-ddr4-3200-mhz-cl22\/"},"modified":"2026-04-15T08:27:10","modified_gmt":"2026-04-15T07:27:10","slug":"ram-memory-kingston-kvr32n22d8-32-32-gb-ddr4-3200-mhz-cl22","status":"publish","type":"product","link":"https:\/\/bigbuy.tupique.com\/en\/produto\/ram-memory-kingston-kvr32n22d8-32-32-gb-ddr4-3200-mhz-cl22\/","title":{"rendered":"M\u00e9moire RAM Kingston KVR32N22D8\/32 32 GB DDR4 3200 MHz CL22"},"content":{"rendered":"<p>Si vous \u00eates passionn\u00e9 d&#8217;<b>informatique et d&#8217;\u00e9lectronique<\/b>, si vous \u00eates \u00e0 la pointe de la technologie et qu&#8217;aucun d\u00e9tail ne vous \u00e9chappe, achetez <b>M\u00e9moire RAM Kingston KVR32N22D8\/32 32 GB DDR4 3200 MHz CL22<\/b> au meilleur prix.<\/p>\n<p>La <b>m\u00e9moire RAM Kingston KVR32N22D8\/32<\/b> est un module de <b>m\u00e9moire DDR4<\/b> con\u00e7u pour optimiser les performances des syst\u00e8mes informatiques n\u00e9cessitant rapidit\u00e9 et stabilit\u00e9 dans la gestion des donn\u00e9es. Avec une capacit\u00e9 de 32 Go, cette m\u00e9moire am\u00e9liore significativement le multit\u00e2che et la fluidit\u00e9 des applications professionnelles, de design, de montage ou de gaming. Sa technologie DDR4 garantit une meilleure efficacit\u00e9 \u00e9nerg\u00e9tique et une fr\u00e9quence de fonctionnement plus \u00e9lev\u00e9e que les g\u00e9n\u00e9rations pr\u00e9c\u00e9dentes, assurant des temps de r\u00e9ponse rapides et un chargement efficace des programmes exigeants. De plus, son design en <b>noir<\/b> offre une apparence minimaliste et professionnelle, facile \u00e0 int\u00e9grer dans toute configuration mat\u00e9rielle. Ce module est compatible avec une large gamme de cartes m\u00e8res supportant la DDR4, ce qui en fait une mise \u00e0 niveau polyvalente pour augmenter la m\u00e9moire des PC et stations de travail. La fiabilit\u00e9 propre \u00e0 la marque Kingston assure une longue dur\u00e9e de vie et des performances constantes, soutenues par une fabrication rigoureuse qui minimise les erreurs et pannes lors d\u2019une utilisation continue. En r\u00e9sum\u00e9, la <b>Kingston KVR32N22D8\/32<\/b> est une solution robuste et efficace pour les utilisateurs cherchant \u00e0 maximiser la capacit\u00e9 et la vitesse de leur m\u00e9moire RAM pour des t\u00e2ches exigeantes.<\/p>\n<ul>\n<li>Type:\n<ul>\n<li>M\u00e9moire (RAM)<\/li>\n<li>DDR4<\/li>\n<\/ul>\n<\/li>\n<li>Vitesse de m\u00e9moire support\u00e9e: 3200 mhz<\/li>\n<li>M\u00e9moire interne: 32 GB<\/li>\n<li>Tension:\n<ul>\n<li>1.2 V<\/li>\n<li>1,2 V<\/li>\n<li>2,5 V<\/li>\n<\/ul>\n<\/li>\n<li>Type de m\u00e9moire:\n<ul>\n<li>DIMM<\/li>\n<li>DDR4<\/li>\n<\/ul>\n<\/li>\n<li>Largeur: 133,3 mm<\/li>\n<li>Utilisation recommand\u00e9e: PC\/Server<\/li>\n<li>Connexions:\n<ul>\n<li>288-pin DIMM<\/li>\n<li>DIMM<\/li>\n<\/ul>\n<\/li>\n<li>Couleur: Noir<\/li>\n<li>Capacit\u00e9: 32 GB<\/li>\n<li>vitesse: 3200 MHz<\/li>\n<li>Certificat: RoHS<\/li>\n<li>Facteur de forme:\n<ul>\n<li>288-pin DIMM<\/li>\n<li>RDIMM<\/li>\n<\/ul>\n<\/li>\n<li>Compatible:\n<ul>\n<li>Ordinateurs<\/li>\n<li>PC\/Server<\/li>\n<\/ul>\n<\/li>\n<li>Latence: CL22<\/li>\n<li>Ne contient pas: Halog\u00e8ne<\/li>\n<li>Format: 1 x 32 GB<\/li>\n<\/ul>\n<p><\/p>\n<p>Fiabilit\u00e9 in\u00e9gal\u00e9e, support technique et garantie incomparables : les modules Kingston Technology ValueRAM s\u2019imposent comme le choix m\u00e9moire standard n\u00b01 pour PC et portables. La gamme ValueRAM est reconnue et valid\u00e9e par l\u2019ensemble des constructeurs de cartes m\u00e8res (voir sites web Asus, MSI, Gigabyte, etc.). Dans un secteur marqu\u00e9 par de fortes disparit\u00e9s, Kingston investit des millions de dollars afin de mettre sur le march\u00e9 des modules d\u2019une qualit\u00e9 irr\u00e9prochable. Objectif : la r\u00e9duction de votre TCO. Tous les modules ValueRAM sont soumis \u00e0 une s\u00e9rie de tests ultra rigoureux auxquels viennent s\u2019ajouter de multiples alliances avec des partenaires technologiques sp\u00e9cialis\u00e9s. R\u00e9sultat : ValueRAM s\u2019affirme comme la gamme de modules pour PC et portables la plus fiable du march\u00e9.<\/p>\n<p><\/p>\n<ul>\n<li>M\u00e9moire interne: 32 Go<\/li>\n<li>Disposition de la m\u00e9moire (modules x dimensions): 1 x 32 Go<\/li>\n<li>Type de m\u00e9moire interne: DDR4<\/li>\n<li>Fr\u00e9quence de la m\u00e9moire: 3200 MHz<\/li>\n<li>composant pour: PC\/serveur<\/li>\n<li>Support de m\u00e9moire: 288-pin DIMM<\/li>\n<li>ECC: Non<\/li>\n<li>Latence CAS: 22<\/li>\n<li>Niveau de m\u00e9moire: 2<\/li>\n<li>M\u00e9moire de tension: 1.2 V<\/li>\n<li>Temps du cycle de la ligne (TRC): 45,75 ns<\/li>\n<li>Refresh row cycle time (TRFC): 350 ns<\/li>\n<li>Rayon de temps actif: 32 ns<\/li>\n<li>Tension de programmation (VPP): 2,5 V<\/li>\n<li>Placage en plomb: Or<\/li>\n<li>Norme JEDEC: Oui<\/li>\n<li>Temp\u00e9rature d&#8217;op\u00e9ration: 0 &#8211; 85 \u00b0C<\/li>\n<li>Temp\u00e9rature hors fonctionnement: -55 &#8211; 100 \u00b0C<\/li>\n<li>Certificats de durabilit\u00e9: RoHS<\/li>\n<li>Ne contient pas: Halog\u00e8ne<\/li>\n<li>Largeur: 133,3 mm<\/li>\n<li>Hauteur: 31,2 mm<\/li>\n<\/ul>","protected":false},"excerpt":{"rendered":"<p>Si vous \u00eates passionn\u00e9 d&#8217;informatique et d&#8217;\u00e9lectronique, si vous \u00eates \u00e0 la pointe de la technologie et qu&#8217;aucun d\u00e9tail ne vous \u00e9chappe, achetez M\u00e9moire RAM Kingston KVR32N22D8\/32 32 GB DDR4 3200 MHz CL22 au meilleur prix. La m\u00e9moire RAM Kingston KVR32N22D8\/32 est un module de m\u00e9moire DDR4 con\u00e7u pour optimiser les performances des syst\u00e8mes informatiques [&hellip;]<\/p>\n","protected":false},"featured_media":179737,"comment_status":"open","ping_status":"closed","template":"","meta":[],"product_brand":[638],"product_cat":[65,584,593],"product_tag":[106],"class_list":{"0":"post-75453","1":"product","2":"type-product","3":"status-publish","4":"has-post-thumbnail","6":"product_brand-brandp_557","7":"product_cat-informatique-electronique","8":"product_cat-informatique-reseaux-et-composants","9":"product_cat-memoires-ram","10":"product_tag-tag_1295","12":"first","13":"instock","14":"taxable","15":"shipping-taxable","16":"purchasable","17":"product-type-simple"},"_links":{"self":[{"href":"https:\/\/bigbuy.tupique.com\/en\/wp-json\/wp\/v2\/product\/75453","targetHints":{"allow":["GET"]}}],"collection":[{"href":"https:\/\/bigbuy.tupique.com\/en\/wp-json\/wp\/v2\/product"}],"about":[{"href":"https:\/\/bigbuy.tupique.com\/en\/wp-json\/wp\/v2\/types\/product"}],"replies":[{"embeddable":true,"href":"https:\/\/bigbuy.tupique.com\/en\/wp-json\/wp\/v2\/comments?post=75453"}],"wp:featuredmedia":[{"embeddable":true,"href":"https:\/\/bigbuy.tupique.com\/en\/wp-json\/wp\/v2\/media\/179737"}],"wp:attachment":[{"href":"https:\/\/bigbuy.tupique.com\/en\/wp-json\/wp\/v2\/media?parent=75453"}],"wp:term":[{"taxonomy":"product_brand","embeddable":true,"href":"https:\/\/bigbuy.tupique.com\/en\/wp-json\/wp\/v2\/product_brand?post=75453"},{"taxonomy":"product_cat","embeddable":true,"href":"https:\/\/bigbuy.tupique.com\/en\/wp-json\/wp\/v2\/product_cat?post=75453"},{"taxonomy":"product_tag","embeddable":true,"href":"https:\/\/bigbuy.tupique.com\/en\/wp-json\/wp\/v2\/product_tag?post=75453"}],"curies":[{"name":"wp","href":"https:\/\/api.w.org\/{rel}","templated":true}]}}